{"id":191,"date":"2023-09-01T12:24:04","date_gmt":"2023-09-01T10:24:04","guid":{"rendered":"https:\/\/caravanlifetenerife.com\/?page_id=191"},"modified":"2023-09-01T12:24:17","modified_gmt":"2023-09-01T10:24:17","slug":"politica-de-privacidad","status":"publish","type":"page","link":"https:\/\/caravanlifetenerife.com\/en\/privacy-policy\/","title":{"rendered":"Privacy policy"},"content":{"rendered":"<div data-elementor-type=\"wp-page\" data-elementor-id=\"191\" class=\"elementor elementor-191\" data-elementor-post-type=\"page\">\n\t\t\t\t\t\t<section class=\"elementor-section elementor-top-section elementor-element elementor-element-2d6b7f5 elementor-section-boxed elementor-section-height-default elementor-section-height-default\" data-id=\"2d6b7f5\" data-element_type=\"section\" data-e-type=\"section\">\n\t\t\t\t\t\t<div class=\"elementor-container elementor-column-gap-default\">\n\t\t\t\t\t<div class=\"elementor-column elementor-col-100 elementor-top-column elementor-element elementor-element-1ff50ce\" data-id=\"1ff50ce\" data-element_type=\"column\" data-e-type=\"column\">\n\t\t\t<div class=\"elementor-widget-wrap elementor-element-populated\">\n\t\t\t\t\t\t<div class=\"elementor-element elementor-element-a1cb876 elementor-widget elementor-widget-text-editor\" data-id=\"a1cb876\" data-element_type=\"widget\" data-e-type=\"widget\" data-widget_type=\"text-editor.default\">\n\t\t\t\t<div class=\"elementor-widget-container\">\n\t\t\t\t\t\t\t\t\t<p>Alice Michelangeli informs you about its Privacy Policy regarding the processing and protection of personal data of users and customers that may be collected by browsing or contracting services through the website caravanlifetenerife.com<\/p><p>In this regard, the Owner guarantees compliance with the current regulations on personal data protection, reflected in the Organic Law 3\/2018, of 5 December, on the Protection of Personal Data and the Guarantee of Digital Rights (LOPD GDD). It also complies with Regulation (EU) 2016\/679 of the European Parliament and of the Council of 27 April 2016 on the protection of natural persons (GDPR).<\/p><p>Use of the website implies acceptance of this Privacy Policy as well as the conditions included in the Legal Notice.<\/p><h3 class=\"western\"><a name=\"identidad-del-responsable\"><\/a>Identity of the person responsible<\/h3><ul><li><p>Holder: Alice Michelangeli<\/p><\/li><li><p>Passport: X7369695N<\/p><\/li><li><p>Address: Avenida Rosa de los Vientos 35 - 38670 Adeje, Santa Cruz de Tenerife, Spain<\/p><\/li><li><p>E-mail: caravanlife.renting@gmail.com<\/p><\/li><li><p>Website: caravanlifetenerife.com<\/p><\/li><\/ul><h3 class=\"western\"><a name=\"principios-aplicados-en-el-tratamiento-de-datos\"><\/a> Principles applied in data processing<\/h3><p>In processing your personal data, the Data Controller will apply the following principles which are in line with the requirements of the new European Data Protection Regulation:<\/p><ul><li><p><strong>Principle of legality, fairness and transparency:<\/strong> The Data Controller will always require consent for the processing of your personal data, which may be for one or more specific purposes about which you will be informed in advance with absolute transparency.<\/p><\/li><li><p><strong>Principle of data minimisation:<\/strong> The Data Controller will request from you only the data strictly necessary for the purpose(s) for which the data is requested.<\/p><\/li><li><p><strong>Principle of limitation of the retention period:<\/strong> The data will be kept for the time strictly necessary for the purpose(s) of the processing.<br \/>The Data Controller will inform you of the corresponding retention period depending on the purpose. In the case of subscriptions, the Data Controller will periodically review the lists and delete those records that have been inactive for a considerable period of time.<\/p><\/li><li><p><strong>Principle of integrity and confidentiality:<\/strong> Your data will be treated in such a way that its security, confidentiality and integrity is guaranteed. You should be aware that the Data Controller takes the necessary precautions to prevent unauthorised access or improper use of its users' data by third parties.<\/p><\/li><\/ul><h3 class=\"western\"><a name=\"obtenci\u00f3n-de-datos-personales\"><\/a>Collection of personal data<\/h3><p>To browse caravanlifetenerife.com it is not necessary to provide any personal data. The cases in which you do provide your personal data are the following:<\/p><p>DELETE THE ONES YOU DON'T USE:<\/p><ul><li><p>By contacting us through the contact forms or sending an email.<\/p><\/li><\/ul><p>The Data Controller informs you that you have the right to access your personal data:<\/p><ul><li><p>Request access to stored data.<\/p><\/li><li><p>Request a rectification or cancellation.<\/p><\/li><li><p>Request the restriction of their processing.<\/p><\/li><li><p>Oppose treatment.<\/p><\/li><li><p>Request the portability of your data.<\/p><\/li><\/ul><p>The exercise of these rights is personal and must therefore be exercised directly by the data subject, requesting it directly from the Data Controller, which means that any customer, subscriber or collaborator who has provided their data at any time may contact the Data Controller and request information about the data stored and how it was obtained, request rectification of the data, request the portability of their personal data, oppose the processing, limit its use or request the cancellation of such data in the files of the Data Controller.<\/p><p>To exercise your rights of access, rectification, cancellation, portability and opposition you have to send an email to caravanlife.renting@gmail.com together with valid legal proof such as a photocopy of your ID card or equivalent.<\/p><p>You have the right to effective judicial protection and to lodge a complaint with the supervisory authority, in this case the Spanish Data Protection Agency, if you consider that the processing of personal data concerning you is in breach of the Regulation.<\/p><h3 class=\"western\"><a name=\"finalidad-del-tratamiento-de-datos-personales\"><\/a> Purpose of the processing of personal data<\/h3><p>When you connect to the website to send an email to the Owner, subscribe to its newsletter or make a contract, you are providing personal information for which the Owner is responsible. This information may include personal data such as your IP address, first and last name, physical address, email address, telephone number, and other information. By providing this information, you consent to your information being collected, used, managed and stored by superadmin.es, only as described in the Legal Notice and this Privacy Policy.<\/p><p>The personal data and the purpose of the processing by the Data Subject is different depending on the information capture system:<\/p><p>DELETE THE ONES YOU DON'T USE:<\/p><ul><li><p><strong>Contact forms:<\/strong> The Data Controller requests personal data which may include: Name and surname, email address, telephone number and your website address in order to respond to your queries.<br \/>For example, the Data Controller uses these data to respond to your messages, doubts, complaints, comments or concerns you may have regarding the information included on the Website, the services provided through the Website, the processing of your personal data, questions regarding the legal texts included on the Website, as well as any other query you may have that is not subject to the terms and conditions of the Website or of the contract.<\/p><\/li><\/ul><p><br \/><br \/><\/p><p>There are other purposes for which the Data Controller processes your personal data:<\/p><ul><li><p>To ensure compliance with the conditions set out in the Legal Notice and applicable law. This may include the development of tools and algorithms to help this website ensure the confidentiality of the personal data it collects.<\/p><\/li><li><p>To support and improve the services offered by this website.<\/p><\/li><li><p>To analyse browsing. The Owner collects other non-identifying data obtained through the use of cookies that are downloaded to your computer when you browse the website, the characteristics and purpose of which are detailed in the Cookies Policy.<\/p><\/li><li><p>To manage social networks. the Holder has a presence in social networks. If you become a follower on the social networks of the Holder, the processing of personal data will be governed by this section, as well as by those conditions of use, privacy policies and access regulations that belong to the social network that applies in each case and that you have previously accepted.<\/p><\/li><\/ul><p>You can consult the privacy policies of the main social networks by following these links:<\/p><p>DELETE THE ONES YOU DON'T USE:<\/p><ul><li><p>Facebook<\/p><\/li><li><p>Instagram<\/p><\/li><\/ul><p>The Owner will process your personal data in order to correctly manage its presence on the social network, inform you of its activities, products or services, as well as for any other purpose that the regulations of the social networks allow.<\/p><p>Under no circumstances will the Data Controller use the profiles of followers on social networks to send advertising on an individual basis.<\/p><h3 class=\"western\"><a name=\"seguridad-de-los-datos-personales\"><\/a>Security of personal data<\/h3><p>To protect your personal data, the Data Controller takes all reasonable precautions and follows industry best practices to prevent the loss, misuse, improper access, disclosure, alteration or destruction of your personal data.<\/p><p>The website is hosted by Ionos. The security of your data is guaranteed, as they take all the necessary security measures. You can consult their privacy policy for more information.<\/p><h3 class=\"western\"><a name=\"contenido-de-otros-sitios-web\"><\/a>Content from other websites<\/h3><p>Pages on this website may include embedded content (e.g. videos, images, articles, etc.). Embedded content from other websites behaves in exactly the same way as if you had visited the other website.<\/p><p>These websites may collect data about you, use cookies, embed additional tracking code from third parties, and monitor your interaction using this code.<\/p><h3 class=\"western\"><a name=\"pol\u00edtica-de-cookies\"><\/a>Cookie Policy<\/h3><p>In order for this website to function properly it needs to use cookies, which is information that is stored in your web browser.<\/p><p>On the Cookie Policy page you can consult all the information relating to the collection policy, the purpose and processing of cookies.<\/p><h3 class=\"western\"><a name=\"legitimaci\u00f3n-para-el-tratamiento-de-datos\"><\/a> Legitimation for data processing<\/h3><p>The legal basis for the processing of your data is: consent.<\/p><p>In order to contact the Owner, subscribe to a newsletter or make comments on this website you must accept this Privacy Policy.<\/p><h3 class=\"western\"><a name=\"categor\u00edas-de-datos-personales\"><\/a>Categories of personal data<\/h3><p>The categories of personal data processed by the Data Controller are:<\/p><ul><li><p>Identifying data.<\/p><\/li><\/ul><h3 class=\"western\"><a name=\"conservaci\u00f3n-de-datos-personales\"><\/a>Retention of personal data<\/h3><p>The personal data you provide to the Data Controller will be retained until you request its deletion.<\/p><h3 class=\"western\"><a name=\"destinatarios-de-datos-personales\"><\/a>Recipients of personal data<\/h3><p>DELETE THE ONES YOU DON'T USE:<\/p><ul><li><p><strong>Google Analytics<\/strong> is a web analytics service provided by Google, Inc., a Delaware corporation with headquarters at 1600 Amphitheatre Parkway, Mountain View (California), CA 94043, United States (\"Google\"). More information can be found at: <a href=\"https:\/\/analytics.google.com\/\" target=\"_blank\" rel=\"noopener\"><b>https:\/\/analytics.google.com<\/b><\/a><br \/>Google Analytics uses \"cookies\", which are text files placed on your computer, to help the website operator analyse how users use the website. The information generated by the cookie about your use of the website (including your IP address) will be transmitted to and stored by Google on servers in the United States.<\/p><p>\u00a0<\/p><\/li><\/ul><p>You can also see a list of the types of cookies used by Google and its partners and information about their use of advertising cookies.<\/p><h3 class=\"western\"><a name=\"navegaci\u00f3n-web\"><\/a>Web browsing<\/h3><p>When browsing caravanlifetenerife.com non-identifying data may be collected, which may include, IP address, geolocation, a record of how services and sites are used, browsing habits and other data that cannot be used to identify you.<\/p><p>The website uses the following third-party analysis services:<\/p><p>DELETE THE ONES YOU DON'T USE:<\/p><ul><li><p>Google Analytics<\/p><\/li><\/ul><p>The Owner uses the information obtained to obtain statistical data, analyse trends, administer the site, study browsing patterns and to gather demographic information.<\/p><h3 class=\"western\"><a name=\"exactitud-y-veracidad-de-los-datos-personales\"><\/a> Accuracy and veracity of personal data<\/h3><p>You undertake to ensure that the data provided to the Data Controller is correct, complete, accurate and up to date, as well as to keep it duly updated.<\/p><p>As a user of the website you are solely responsible for the veracity and accuracy of the data you submit to the site exonerating the Holder of any liability in this regard.<\/p><h3 class=\"western\"><a name=\"aceptaci\u00f3n-y-consentimiento\"><\/a>Acceptance and consent<\/h3><p>As a User of the Website, you declare that you have been informed of the conditions on the protection of personal data, you accept and consent to the processing of such data by the Owner in the manner and for the purposes indicated in this Privacy Policy.<\/p><h3 class=\"western\"><a name=\"revocabilidad\"><\/a>Revocability<\/h3><p>To exercise your rights of access, rectification, cancellation, portability and opposition you have to send an email to caravanlife.renting@gmail.com together with valid legal proof such as a photocopy of your ID card or equivalent.<\/p><p>The exercise of your rights does not include any data that the Data Controller is obliged to retain for administrative, legal or security purposes.<\/p><h3 class=\"western\"><a name=\"cambios-en-la-pol\u00edtica-de-privacidad\"><\/a> Changes to the Privacy Policy<\/h3><p>The Owner reserves the right to modify this Privacy Policy to adapt it to new legislation or jurisprudence, as well as to industry practices.<\/p><p>These policies shall remain in force until amended by other duly published policies.<\/p>\t\t\t\t\t\t\t\t<\/div>\n\t\t\t\t<\/div>\n\t\t\t\t\t<\/div>\n\t\t<\/div>\n\t\t\t\t\t<\/div>\n\t\t<\/section>\n\t\t\t\t<\/div>","protected":false},"excerpt":{"rendered":"<p>Alice Michelangeli te informa sobre su Pol\u00edtica de Privacidad respecto del tratamiento y protecci\u00f3n de los datos de car\u00e1cter personal de los usuarios y clientes que puedan ser recabados por la navegaci\u00f3n o contrataci\u00f3n de servicios a trav\u00e9s del sitio Web caravanlifetenerife.com En este sentido, el Titular garantiza el cumplimiento de la normativa vigente en [&hellip;]<\/p>\n","protected":false},"author":1,"featured_media":0,"parent":0,"menu_order":0,"comment_status":"closed","ping_status":"closed","template":"","meta":{"footnotes":""},"class_list":["post-191","page","type-page","status-publish","hentry"],"yoast_head":"<!-- This site is optimized with the Yoast SEO plugin v27.4 - https:\/\/yoast.com\/product\/yoast-seo-wordpress\/ -->\n<title>Pol\u00edtica de privacidad - Caravanlife, rental caravan in Tenerife<\/title>\n<meta name=\"robots\" content=\"index, follow, max-snippet:-1, max-image-preview:large, max-video-preview:-1\" \/>\n<link rel=\"canonical\" href=\"https:\/\/caravanlifetenerife.com\/en\/privacy-policy\/\" \/>\n<meta property=\"og:locale\" content=\"en_GB\" \/>\n<meta property=\"og:type\" content=\"article\" \/>\n<meta property=\"og:title\" content=\"Pol\u00edtica de privacidad - Caravanlife, rental caravan in Tenerife\" \/>\n<meta property=\"og:description\" content=\"Alice Michelangeli te informa sobre su Pol\u00edtica de Privacidad respecto del tratamiento y protecci\u00f3n de los datos de car\u00e1cter personal de los usuarios y clientes que puedan ser recabados por la navegaci\u00f3n o contrataci\u00f3n de servicios a trav\u00e9s del sitio Web caravanlifetenerife.com En este sentido, el Titular garantiza el cumplimiento de la normativa vigente en [&hellip;]\" \/>\n<meta property=\"og:url\" content=\"https:\/\/caravanlifetenerife.com\/en\/privacy-policy\/\" \/>\n<meta property=\"og:site_name\" content=\"Caravanlife, rental caravan in Tenerife\" \/>\n<meta property=\"article:modified_time\" content=\"2023-09-01T10:24:17+00:00\" \/>\n<meta name=\"twitter:card\" content=\"summary_large_image\" \/>\n<meta name=\"twitter:label1\" content=\"Estimated reading time\" \/>\n\t<meta name=\"twitter:data1\" content=\"10 minutes\" \/>\n<script type=\"application\/ld+json\" class=\"yoast-schema-graph\">{\"@context\":\"https:\\\/\\\/schema.org\",\"@graph\":[{\"@type\":\"WebPage\",\"@id\":\"https:\\\/\\\/caravanlifetenerife.com\\\/politica-de-privacidad\\\/\",\"url\":\"https:\\\/\\\/caravanlifetenerife.com\\\/politica-de-privacidad\\\/\",\"name\":\"Pol\u00edtica de privacidad - Caravanlife, rental caravan in Tenerife\",\"isPartOf\":{\"@id\":\"https:\\\/\\\/caravanlifetenerife.com\\\/#website\"},\"datePublished\":\"2023-09-01T10:24:04+00:00\",\"dateModified\":\"2023-09-01T10:24:17+00:00\",\"breadcrumb\":{\"@id\":\"https:\\\/\\\/caravanlifetenerife.com\\\/politica-de-privacidad\\\/#breadcrumb\"},\"inLanguage\":\"en-GB\",\"potentialAction\":[{\"@type\":\"ReadAction\",\"target\":[\"https:\\\/\\\/caravanlifetenerife.com\\\/politica-de-privacidad\\\/\"]}]},{\"@type\":\"BreadcrumbList\",\"@id\":\"https:\\\/\\\/caravanlifetenerife.com\\\/politica-de-privacidad\\\/#breadcrumb\",\"itemListElement\":[{\"@type\":\"ListItem\",\"position\":1,\"name\":\"Home\",\"item\":\"https:\\\/\\\/caravanlifetenerife.com\\\/\"},{\"@type\":\"ListItem\",\"position\":2,\"name\":\"Pol\u00edtica de privacidad\"}]},{\"@type\":\"WebSite\",\"@id\":\"https:\\\/\\\/caravanlifetenerife.com\\\/#website\",\"url\":\"https:\\\/\\\/caravanlifetenerife.com\\\/\",\"name\":\"Caravanlife, rental caravan in Tenerife\",\"description\":\"Ofrecemos el servicio de alquiler de una furgoneta camper en la isla de Tenerife\",\"publisher\":{\"@id\":\"https:\\\/\\\/caravanlifetenerife.com\\\/#\\\/schema\\\/person\\\/a771135ddfbd2b90754dacfb0600364c\"},\"alternateName\":\"Caravanlife, alquiler de furgoneta camper en Tenerife\",\"potentialAction\":[{\"@type\":\"SearchAction\",\"target\":{\"@type\":\"EntryPoint\",\"urlTemplate\":\"https:\\\/\\\/caravanlifetenerife.com\\\/?s={search_term_string}\"},\"query-input\":{\"@type\":\"PropertyValueSpecification\",\"valueRequired\":true,\"valueName\":\"search_term_string\"}}],\"inLanguage\":\"en-GB\"},{\"@type\":[\"Person\",\"Organization\"],\"@id\":\"https:\\\/\\\/caravanlifetenerife.com\\\/#\\\/schema\\\/person\\\/a771135ddfbd2b90754dacfb0600364c\",\"name\":\"Caravanlife\",\"image\":{\"@type\":\"ImageObject\",\"inLanguage\":\"en-GB\",\"@id\":\"https:\\\/\\\/caravanlifetenerife.com\\\/wp-content\\\/uploads\\\/2023\\\/08\\\/logo-caravanlife-tenerife-ok.png\",\"url\":\"https:\\\/\\\/caravanlifetenerife.com\\\/wp-content\\\/uploads\\\/2023\\\/08\\\/logo-caravanlife-tenerife-ok.png\",\"contentUrl\":\"https:\\\/\\\/caravanlifetenerife.com\\\/wp-content\\\/uploads\\\/2023\\\/08\\\/logo-caravanlife-tenerife-ok.png\",\"width\":160,\"height\":160,\"caption\":\"Caravanlife\"},\"logo\":{\"@id\":\"https:\\\/\\\/caravanlifetenerife.com\\\/wp-content\\\/uploads\\\/2023\\\/08\\\/logo-caravanlife-tenerife-ok.png\"},\"sameAs\":[\"http:\\\/\\\/caravanlifetenerife.com\"]}]}<\/script>\n<!-- \/ Yoast SEO plugin. -->","yoast_head_json":{"title":"Privacy policy - Caravanlife, rental caravan in Tenerife","robots":{"index":"index","follow":"follow","max-snippet":"max-snippet:-1","max-image-preview":"max-image-preview:large","max-video-preview":"max-video-preview:-1"},"canonical":"https:\/\/caravanlifetenerife.com\/en\/privacy-policy\/","og_locale":"en_GB","og_type":"article","og_title":"Pol\u00edtica de privacidad - Caravanlife, rental caravan in Tenerife","og_description":"Alice Michelangeli te informa sobre su Pol\u00edtica de Privacidad respecto del tratamiento y protecci\u00f3n de los datos de car\u00e1cter personal de los usuarios y clientes que puedan ser recabados por la navegaci\u00f3n o contrataci\u00f3n de servicios a trav\u00e9s del sitio Web caravanlifetenerife.com En este sentido, el Titular garantiza el cumplimiento de la normativa vigente en [&hellip;]","og_url":"https:\/\/caravanlifetenerife.com\/en\/privacy-policy\/","og_site_name":"Caravanlife, rental caravan in Tenerife","article_modified_time":"2023-09-01T10:24:17+00:00","twitter_card":"summary_large_image","twitter_misc":{"Estimated reading time":"10 minutes"},"schema":{"@context":"https:\/\/schema.org","@graph":[{"@type":"WebPage","@id":"https:\/\/caravanlifetenerife.com\/politica-de-privacidad\/","url":"https:\/\/caravanlifetenerife.com\/politica-de-privacidad\/","name":"Privacy policy - Caravanlife, rental caravan in Tenerife","isPartOf":{"@id":"https:\/\/caravanlifetenerife.com\/#website"},"datePublished":"2023-09-01T10:24:04+00:00","dateModified":"2023-09-01T10:24:17+00:00","breadcrumb":{"@id":"https:\/\/caravanlifetenerife.com\/politica-de-privacidad\/#breadcrumb"},"inLanguage":"en-GB","potentialAction":[{"@type":"ReadAction","target":["https:\/\/caravanlifetenerife.com\/politica-de-privacidad\/"]}]},{"@type":"BreadcrumbList","@id":"https:\/\/caravanlifetenerife.com\/politica-de-privacidad\/#breadcrumb","itemListElement":[{"@type":"ListItem","position":1,"name":"Home","item":"https:\/\/caravanlifetenerife.com\/"},{"@type":"ListItem","position":2,"name":"Pol\u00edtica de privacidad"}]},{"@type":"WebSite","@id":"https:\/\/caravanlifetenerife.com\/#website","url":"https:\/\/caravanlifetenerife.com\/","name":"Caravanlife, caravan rental in Tenerife","description":"We offer the service of renting a camper van on the island of Tenerife.","publisher":{"@id":"https:\/\/caravanlifetenerife.com\/#\/schema\/person\/a771135ddfbd2b90754dacfb0600364c"},"alternateName":"Caravanlife, alquiler de furgoneta camper en Tenerife","potentialAction":[{"@type":"SearchAction","target":{"@type":"EntryPoint","urlTemplate":"https:\/\/caravanlifetenerife.com\/?s={search_term_string}"},"query-input":{"@type":"PropertyValueSpecification","valueRequired":true,"valueName":"search_term_string"}}],"inLanguage":"en-GB"},{"@type":["Person","Organization"],"@id":"https:\/\/caravanlifetenerife.com\/#\/schema\/person\/a771135ddfbd2b90754dacfb0600364c","name":"Caravanlife","image":{"@type":"ImageObject","inLanguage":"en-GB","@id":"https:\/\/caravanlifetenerife.com\/wp-content\/uploads\/2023\/08\/logo-caravanlife-tenerife-ok.png","url":"https:\/\/caravanlifetenerife.com\/wp-content\/uploads\/2023\/08\/logo-caravanlife-tenerife-ok.png","contentUrl":"https:\/\/caravanlifetenerife.com\/wp-content\/uploads\/2023\/08\/logo-caravanlife-tenerife-ok.png","width":160,"height":160,"caption":"Caravanlife"},"logo":{"@id":"https:\/\/caravanlifetenerife.com\/wp-content\/uploads\/2023\/08\/logo-caravanlife-tenerife-ok.png"},"sameAs":["http:\/\/caravanlifetenerife.com"]}]}},"_links":{"self":[{"href":"https:\/\/caravanlifetenerife.com\/en\/wp-json\/wp\/v2\/pages\/191","targetHints":{"allow":["GET"]}}],"collection":[{"href":"https:\/\/caravanlifetenerife.com\/en\/wp-json\/wp\/v2\/pages"}],"about":[{"href":"https:\/\/caravanlifetenerife.com\/en\/wp-json\/wp\/v2\/types\/page"}],"author":[{"embeddable":true,"href":"https:\/\/caravanlifetenerife.com\/en\/wp-json\/wp\/v2\/users\/1"}],"replies":[{"embeddable":true,"href":"https:\/\/caravanlifetenerife.com\/en\/wp-json\/wp\/v2\/comments?post=191"}],"version-history":[{"count":4,"href":"https:\/\/caravanlifetenerife.com\/en\/wp-json\/wp\/v2\/pages\/191\/revisions"}],"predecessor-version":[{"id":195,"href":"https:\/\/caravanlifetenerife.com\/en\/wp-json\/wp\/v2\/pages\/191\/revisions\/195"}],"wp:attachment":[{"href":"https:\/\/caravanlifetenerife.com\/en\/wp-json\/wp\/v2\/media?parent=191"}],"curies":[{"name":"wp","href":"https:\/\/api.w.org\/{rel}","templated":true}]}}