{"id":540,"date":"2023-09-03T10:10:11","date_gmt":"2023-09-03T08:10:11","guid":{"rendered":"https:\/\/caravanlifetenerife.com\/?post_type=product&#038;p=540"},"modified":"2025-08-01T12:42:27","modified_gmt":"2025-08-01T10:42:27","slug":"furgoneta-camper-fiat-ducato-mc-louis-menfys-3","status":"publish","type":"product","link":"https:\/\/caravanlifetenerife.com\/en\/product\/camper-van-fiat-ducato-mc-louis-menfys-3\/","title":{"rendered":"Camper van Fiat\/Ducato Mc Louis Menfys 3"},"content":{"rendered":"","protected":false},"excerpt":{"rendered":"<p>Minimum rental: 3 nights.<br \/>\nA maximum of 2 hours must elapse between booking and payment (Bizum or bank transfer), after which time the booking will be cancelled.<\/p>\n<p><strong>Please contact us to coordinate and confirm the pickup and delivery times.<\/strong><\/p>\n<p>You can study the conditions of service by clicking on this link: <a href=\"https:\/\/caravanlifetenerife.com\/en\/terms-of-use\/\"><strong>Conditions of use<\/strong><\/a>.<\/p>","protected":false},"featured_media":97,"template":"","meta":[],"product_brand":[],"product_cat":[27],"product_tag":[],"class_list":{"0":"post-540","1":"product","2":"type-product","3":"status-publish","4":"has-post-thumbnail","6":"product_cat-furgoneta-camper","8":"first","9":"instock","10":"taxable","11":"shipping-taxable","12":"purchasable","13":"product-type-redq_rental"},"yoast_head":"<!-- This site is optimized with the Yoast SEO plugin v27.4 - https:\/\/yoast.com\/product\/yoast-seo-wordpress\/ -->\n<title>Furgoneta camper Fiat\/Ducato Mc Louis Menfys 3<\/title>\n<meta name=\"robots\" content=\"index, follow, max-snippet:-1, max-image-preview:large, max-video-preview:-1\" \/>\n<link rel=\"canonical\" href=\"https:\/\/caravanlifetenerife.com\/en\/product\/camper-van-fiat-ducato-mc-louis-menfys-3\/\" \/>\n<meta property=\"og:locale\" content=\"en_GB\" \/>\n<meta property=\"og:type\" content=\"article\" \/>\n<meta property=\"og:title\" content=\"Furgoneta camper Fiat\/Ducato Mc Louis Menfys 3\" \/>\n<meta property=\"og:description\" content=\"Alquiler m\u00ednimo: 3 noches. Desde la reserva de fechas hasta el pago (Bizum o Transferencia) debe de transcurrir un m\u00e1ximo de 2 horas; transcurrido este tiempo la reserva quedar\u00e1 anulada.  Por favor, p\u00f3ngase en contacto con nosotros para coordinar y confirmar la hora de recogida y entrega.  Puede estudiar las condiciones del servicio en este enlace: Condiciones de uso.\" \/>\n<meta property=\"og:url\" content=\"https:\/\/caravanlifetenerife.com\/en\/product\/camper-van-fiat-ducato-mc-louis-menfys-3\/\" \/>\n<meta property=\"og:site_name\" content=\"Caravanlife, rental caravan in Tenerife\" \/>\n<meta property=\"article:modified_time\" content=\"2025-08-01T10:42:27+00:00\" \/>\n<meta property=\"og:image\" content=\"https:\/\/caravanlifetenerife.com\/wp-content\/uploads\/2023\/08\/caravanlife1.jpg\" \/>\n\t<meta property=\"og:image:width\" content=\"1121\" \/>\n\t<meta property=\"og:image:height\" content=\"1121\" \/>\n\t<meta property=\"og:image:type\" content=\"image\/jpeg\" \/>\n<meta name=\"twitter:card\" content=\"summary_large_image\" \/>\n<meta name=\"twitter:label1\" content=\"Estimated reading time\" \/>\n\t<meta name=\"twitter:data1\" content=\"1 minute\" \/>\n<script type=\"application\/ld+json\" class=\"yoast-schema-graph\">{\"@context\":\"https:\\\/\\\/schema.org\",\"@graph\":[{\"@type\":\"WebPage\",\"@id\":\"https:\\\/\\\/caravanlifetenerife.com\\\/producto\\\/furgoneta-camper-fiat-ducato-mc-louis-menfys-3\\\/\",\"url\":\"https:\\\/\\\/caravanlifetenerife.com\\\/producto\\\/furgoneta-camper-fiat-ducato-mc-louis-menfys-3\\\/\",\"name\":\"Furgoneta camper Fiat\\\/Ducato Mc Louis Menfys 3\",\"isPartOf\":{\"@id\":\"https:\\\/\\\/caravanlifetenerife.com\\\/#website\"},\"primaryImageOfPage\":{\"@id\":\"https:\\\/\\\/caravanlifetenerife.com\\\/producto\\\/furgoneta-camper-fiat-ducato-mc-louis-menfys-3\\\/#primaryimage\"},\"image\":{\"@id\":\"https:\\\/\\\/caravanlifetenerife.com\\\/producto\\\/furgoneta-camper-fiat-ducato-mc-louis-menfys-3\\\/#primaryimage\"},\"thumbnailUrl\":\"https:\\\/\\\/caravanlifetenerife.com\\\/wp-content\\\/uploads\\\/2023\\\/08\\\/caravanlife1.jpg\",\"datePublished\":\"2023-09-03T08:10:11+00:00\",\"dateModified\":\"2025-08-01T10:42:27+00:00\",\"breadcrumb\":{\"@id\":\"https:\\\/\\\/caravanlifetenerife.com\\\/producto\\\/furgoneta-camper-fiat-ducato-mc-louis-menfys-3\\\/#breadcrumb\"},\"inLanguage\":\"en-GB\",\"potentialAction\":[{\"@type\":\"ReadAction\",\"target\":[\"https:\\\/\\\/caravanlifetenerife.com\\\/producto\\\/furgoneta-camper-fiat-ducato-mc-louis-menfys-3\\\/\"]}]},{\"@type\":\"ImageObject\",\"inLanguage\":\"en-GB\",\"@id\":\"https:\\\/\\\/caravanlifetenerife.com\\\/producto\\\/furgoneta-camper-fiat-ducato-mc-louis-menfys-3\\\/#primaryimage\",\"url\":\"https:\\\/\\\/caravanlifetenerife.com\\\/wp-content\\\/uploads\\\/2023\\\/08\\\/caravanlife1.jpg\",\"contentUrl\":\"https:\\\/\\\/caravanlifetenerife.com\\\/wp-content\\\/uploads\\\/2023\\\/08\\\/caravanlife1.jpg\",\"width\":1121,\"height\":1121},{\"@type\":\"BreadcrumbList\",\"@id\":\"https:\\\/\\\/caravanlifetenerife.com\\\/producto\\\/furgoneta-camper-fiat-ducato-mc-louis-menfys-3\\\/#breadcrumb\",\"itemListElement\":[{\"@type\":\"ListItem\",\"position\":1,\"name\":\"Home\",\"item\":\"https:\\\/\\\/caravanlifetenerife.com\\\/\"},{\"@type\":\"ListItem\",\"position\":2,\"name\":\"Alquila\",\"item\":\"https:\\\/\\\/caravanlifetenerife.com\\\/alquila\\\/\"},{\"@type\":\"ListItem\",\"position\":3,\"name\":\"Furgoneta camper Fiat\\\/Ducato Mc Louis Menfys 3\"}]},{\"@type\":\"WebSite\",\"@id\":\"https:\\\/\\\/caravanlifetenerife.com\\\/#website\",\"url\":\"https:\\\/\\\/caravanlifetenerife.com\\\/\",\"name\":\"Caravanlife, rental caravan in Tenerife\",\"description\":\"Ofrecemos el servicio de alquiler de una furgoneta camper en la isla de Tenerife\",\"publisher\":{\"@id\":\"https:\\\/\\\/caravanlifetenerife.com\\\/#\\\/schema\\\/person\\\/a771135ddfbd2b90754dacfb0600364c\"},\"alternateName\":\"Caravanlife, alquiler de furgoneta camper en Tenerife\",\"potentialAction\":[{\"@type\":\"SearchAction\",\"target\":{\"@type\":\"EntryPoint\",\"urlTemplate\":\"https:\\\/\\\/caravanlifetenerife.com\\\/?s={search_term_string}\"},\"query-input\":{\"@type\":\"PropertyValueSpecification\",\"valueRequired\":true,\"valueName\":\"search_term_string\"}}],\"inLanguage\":\"en-GB\"},{\"@type\":[\"Person\",\"Organization\"],\"@id\":\"https:\\\/\\\/caravanlifetenerife.com\\\/#\\\/schema\\\/person\\\/a771135ddfbd2b90754dacfb0600364c\",\"name\":\"Caravanlife\",\"image\":{\"@type\":\"ImageObject\",\"inLanguage\":\"en-GB\",\"@id\":\"https:\\\/\\\/caravanlifetenerife.com\\\/wp-content\\\/uploads\\\/2023\\\/08\\\/logo-caravanlife-tenerife-ok.png\",\"url\":\"https:\\\/\\\/caravanlifetenerife.com\\\/wp-content\\\/uploads\\\/2023\\\/08\\\/logo-caravanlife-tenerife-ok.png\",\"contentUrl\":\"https:\\\/\\\/caravanlifetenerife.com\\\/wp-content\\\/uploads\\\/2023\\\/08\\\/logo-caravanlife-tenerife-ok.png\",\"width\":160,\"height\":160,\"caption\":\"Caravanlife\"},\"logo\":{\"@id\":\"https:\\\/\\\/caravanlifetenerife.com\\\/wp-content\\\/uploads\\\/2023\\\/08\\\/logo-caravanlife-tenerife-ok.png\"},\"sameAs\":[\"http:\\\/\\\/caravanlifetenerife.com\"]}]}<\/script>\n<!-- \/ Yoast SEO plugin. -->","yoast_head_json":{"title":"Camper van Fiat\/Ducato Mc Louis Menfys 3","robots":{"index":"index","follow":"follow","max-snippet":"max-snippet:-1","max-image-preview":"max-image-preview:large","max-video-preview":"max-video-preview:-1"},"canonical":"https:\/\/caravanlifetenerife.com\/en\/product\/camper-van-fiat-ducato-mc-louis-menfys-3\/","og_locale":"en_GB","og_type":"article","og_title":"Furgoneta camper Fiat\/Ducato Mc Louis Menfys 3","og_description":"Alquiler m\u00ednimo: 3 noches. Desde la reserva de fechas hasta el pago (Bizum o Transferencia) debe de transcurrir un m\u00e1ximo de 2 horas; transcurrido este tiempo la reserva quedar\u00e1 anulada.  Por favor, p\u00f3ngase en contacto con nosotros para coordinar y confirmar la hora de recogida y entrega.  Puede estudiar las condiciones del servicio en este enlace: Condiciones de uso.","og_url":"https:\/\/caravanlifetenerife.com\/en\/product\/camper-van-fiat-ducato-mc-louis-menfys-3\/","og_site_name":"Caravanlife, rental caravan in Tenerife","article_modified_time":"2025-08-01T10:42:27+00:00","og_image":[{"width":1121,"height":1121,"url":"https:\/\/caravanlifetenerife.com\/wp-content\/uploads\/2023\/08\/caravanlife1.jpg","type":"image\/jpeg"}],"twitter_card":"summary_large_image","twitter_misc":{"Estimated reading time":"1 minute"},"schema":{"@context":"https:\/\/schema.org","@graph":[{"@type":"WebPage","@id":"https:\/\/caravanlifetenerife.com\/producto\/furgoneta-camper-fiat-ducato-mc-louis-menfys-3\/","url":"https:\/\/caravanlifetenerife.com\/producto\/furgoneta-camper-fiat-ducato-mc-louis-menfys-3\/","name":"Camper van Fiat\/Ducato Mc Louis Menfys 3","isPartOf":{"@id":"https:\/\/caravanlifetenerife.com\/#website"},"primaryImageOfPage":{"@id":"https:\/\/caravanlifetenerife.com\/producto\/furgoneta-camper-fiat-ducato-mc-louis-menfys-3\/#primaryimage"},"image":{"@id":"https:\/\/caravanlifetenerife.com\/producto\/furgoneta-camper-fiat-ducato-mc-louis-menfys-3\/#primaryimage"},"thumbnailUrl":"https:\/\/caravanlifetenerife.com\/wp-content\/uploads\/2023\/08\/caravanlife1.jpg","datePublished":"2023-09-03T08:10:11+00:00","dateModified":"2025-08-01T10:42:27+00:00","breadcrumb":{"@id":"https:\/\/caravanlifetenerife.com\/producto\/furgoneta-camper-fiat-ducato-mc-louis-menfys-3\/#breadcrumb"},"inLanguage":"en-GB","potentialAction":[{"@type":"ReadAction","target":["https:\/\/caravanlifetenerife.com\/producto\/furgoneta-camper-fiat-ducato-mc-louis-menfys-3\/"]}]},{"@type":"ImageObject","inLanguage":"en-GB","@id":"https:\/\/caravanlifetenerife.com\/producto\/furgoneta-camper-fiat-ducato-mc-louis-menfys-3\/#primaryimage","url":"https:\/\/caravanlifetenerife.com\/wp-content\/uploads\/2023\/08\/caravanlife1.jpg","contentUrl":"https:\/\/caravanlifetenerife.com\/wp-content\/uploads\/2023\/08\/caravanlife1.jpg","width":1121,"height":1121},{"@type":"BreadcrumbList","@id":"https:\/\/caravanlifetenerife.com\/producto\/furgoneta-camper-fiat-ducato-mc-louis-menfys-3\/#breadcrumb","itemListElement":[{"@type":"ListItem","position":1,"name":"Home","item":"https:\/\/caravanlifetenerife.com\/"},{"@type":"ListItem","position":2,"name":"Alquila","item":"https:\/\/caravanlifetenerife.com\/alquila\/"},{"@type":"ListItem","position":3,"name":"Furgoneta camper Fiat\/Ducato Mc Louis Menfys 3"}]},{"@type":"WebSite","@id":"https:\/\/caravanlifetenerife.com\/#website","url":"https:\/\/caravanlifetenerife.com\/","name":"Caravanlife, caravan rental in Tenerife","description":"We offer the service of renting a camper van on the island of Tenerife.","publisher":{"@id":"https:\/\/caravanlifetenerife.com\/#\/schema\/person\/a771135ddfbd2b90754dacfb0600364c"},"alternateName":"Caravanlife, alquiler de furgoneta camper en Tenerife","potentialAction":[{"@type":"SearchAction","target":{"@type":"EntryPoint","urlTemplate":"https:\/\/caravanlifetenerife.com\/?s={search_term_string}"},"query-input":{"@type":"PropertyValueSpecification","valueRequired":true,"valueName":"search_term_string"}}],"inLanguage":"en-GB"},{"@type":["Person","Organization"],"@id":"https:\/\/caravanlifetenerife.com\/#\/schema\/person\/a771135ddfbd2b90754dacfb0600364c","name":"Caravanlife","image":{"@type":"ImageObject","inLanguage":"en-GB","@id":"https:\/\/caravanlifetenerife.com\/wp-content\/uploads\/2023\/08\/logo-caravanlife-tenerife-ok.png","url":"https:\/\/caravanlifetenerife.com\/wp-content\/uploads\/2023\/08\/logo-caravanlife-tenerife-ok.png","contentUrl":"https:\/\/caravanlifetenerife.com\/wp-content\/uploads\/2023\/08\/logo-caravanlife-tenerife-ok.png","width":160,"height":160,"caption":"Caravanlife"},"logo":{"@id":"https:\/\/caravanlifetenerife.com\/wp-content\/uploads\/2023\/08\/logo-caravanlife-tenerife-ok.png"},"sameAs":["http:\/\/caravanlifetenerife.com"]}]}},"_links":{"self":[{"href":"https:\/\/caravanlifetenerife.com\/en\/wp-json\/wp\/v2\/product\/540","targetHints":{"allow":["GET"]}}],"collection":[{"href":"https:\/\/caravanlifetenerife.com\/en\/wp-json\/wp\/v2\/product"}],"about":[{"href":"https:\/\/caravanlifetenerife.com\/en\/wp-json\/wp\/v2\/types\/product"}],"wp:featuredmedia":[{"embeddable":true,"href":"https:\/\/caravanlifetenerife.com\/en\/wp-json\/wp\/v2\/media\/97"}],"wp:attachment":[{"href":"https:\/\/caravanlifetenerife.com\/en\/wp-json\/wp\/v2\/media?parent=540"}],"wp:term":[{"taxonomy":"product_brand","embeddable":true,"href":"https:\/\/caravanlifetenerife.com\/en\/wp-json\/wp\/v2\/product_brand?post=540"},{"taxonomy":"product_cat","embeddable":true,"href":"https:\/\/caravanlifetenerife.com\/en\/wp-json\/wp\/v2\/product_cat?post=540"},{"taxonomy":"product_tag","embeddable":true,"href":"https:\/\/caravanlifetenerife.com\/en\/wp-json\/wp\/v2\/product_tag?post=540"}],"curies":[{"name":"wp","href":"https:\/\/api.w.org\/{rel}","templated":true}]}}