{"id":10,"date":"2016-07-28T08:49:56","date_gmt":"2016-07-28T08:49:56","guid":{"rendered":"http:\/\/caravanlifetenerife.com\/home\/"},"modified":"2018-11-29T14:27:07","modified_gmt":"2018-11-29T14:27:07","slug":"home","status":"publish","type":"page","link":"https:\/\/caravanlifetenerife.com\/fr\/domicile\/","title":{"rendered":"Accueil"},"content":{"rendered":"<p>[vc_row el_class=\u00bbcr-box-1&#8243;][vc_column width=\u00bb1\/2&#8243;][trx_section animation=\u00bbfadeInLeft\u00bb top=\u00bbpx_100&#8243; bottom=\u00bbpx_100&#8243;][trx_title style=\u00bbunderline\u00bb top=\u00bbnull\u00bb bottom=\u00bbpx_40&#8243;]Boat Rentals[\/trx_title][vc_column_text el_class=\u00bbhr-1&#8243;]Lorem ipsum consectetur adipisicing elit, sed do eiusmod tempor incididunt ut labore et dolore magna aliqua. Ut enim ad minim veniam, quis nostrud exercitation ullamco laboris nisi ut aliquip.[\/vc_column_text][trx_columns count=\u00bb4&#8243; margins=\u00bb\u00bb top=\u00bbpx_50&#8243;][trx_column_item][trx_icon icon=\u00bbicon-sport\u00bb color=\u00bb#bc1834&#8243; font_size=\u00bb3.75em\u00bb][trx_title type=\u00bb5&#8243; font_size=\u00bb0.786em\u00bb font_weight=\u00bb600&#8243; top=\u00bbpx_20&#8243; bottom=\u00bbnull\u00bb]Fishing[\/trx_title][\/trx_column_item][trx_column_item][trx_icon icon=\u00bbicon-glass\u00bb color=\u00bb#bc1834&#8243; font_size=\u00bb3.75em\u00bb][trx_title type=\u00bb5&#8243; font_size=\u00bb0.786em\u00bb font_weight=\u00bb600&#8243; top=\u00bbpx_20&#8243; bottom=\u00bbnull\u00bb]Celebrate[\/trx_title][\/trx_column_item][trx_column_item][trx_icon icon=\u00bbicon-transport\u00bb color=\u00bb#bc1834&#8243; font_size=\u00bb3.75em\u00bb][trx_title type=\u00bb5&#8243; font_size=\u00bb0.786em\u00bb font_weight=\u00bb600&#8243; top=\u00bbpx_20&#8243; bottom=\u00bbnull\u00bb]Sailing[\/trx_title][\/trx_column_item][trx_column_item][trx_icon icon=\u00bbicon-surf\u00bb color=\u00bb#bc1834&#8243; font_size=\u00bb3.75em\u00bb][trx_title type=\u00bb5&#8243; font_size=\u00bb0.786em\u00bb font_weight=\u00bb600&#8243; top=\u00bbpx_20&#8243; bottom=\u00bbnull\u00bb]Watersport[\/trx_title][\/trx_column_item][\/trx_columns][\/trx_section][\/vc_column][vc_column width=\u00bb1\/2&#8243;][trx_section animation=\u00bbfadeInRight\u00bb top=\u00bbpx_100&#8243; bottom=\u00bbpx_100&#8243;][trx_image url=\u00bb\u00bb][\/trx_section][\/vc_column][\/vc_row][vc_row full_width=\u00bbstretch_row\u00bb inverse=\u00bb\u00bb css=\u00bb.vc_custom_1471704733696{background-color: #eef7fd !important;}\u00bb][vc_column][trx_section animation=\u00bbfadeInUp\u00bb top=\u00bbpx_110&#8243; bottom=\u00bbnull\u00bb][trx_title style=\u00bbunderline\u00bb align=\u00bbcenter\u00bb top=\u00bbnull\u00bb bottom=\u00bbpx_50&#8243;]Featured Boats[\/trx_title][trx_boats style=\u00bbboats-2&#8243; cat=\u00bb0&#8243; class=\u00bbsc_boats_inverse\u00bb][\/trx_boats][\/trx_section][trx_section align=\u00bbcenter\u00bb animation=\u00bbfadeInUp\u00bb top=\u00bbpx_40&#8243; bottom=\u00bbpx_120&#8243;][trx_button size=\u00bblarge\u00bb link=\u00bb\/our-boats\/\u00bb]view all boats[\/trx_button][\/trx_section][\/vc_column][\/vc_row][vc_row full_width=\u00bbstretch_row\u00bb inverse=\u00bbyes\u00bb css=\u00bb.vc_custom_1471006287800{background-image: url() !important;background-position: center !important;background-repeat: no-repeat !important;background-size: cover !important;}\u00bb][vc_column][vc_column_text el_class=\u00bbbg_text_1&#8243;]take<br \/>\na tour[\/vc_column_text][trx_section align=\u00bbcenter\u00bb top=\u00bbpx_120&#8243; bottom=\u00bbpx_120&#8243;][trx_title type=\u00bb5&#8243; align=\u00bbcenter\u00bb font_weight=\u00bb700&#8243; css=\u00bbcolor: #d7b084 !important; letter-spacing: 2px;\u00bb top=\u00bbnull\u00bb bottom=\u00bbpx_20&#8243;]take a video tour[\/trx_title][trx_title align=\u00bbcenter\u00bb font_size=\u00bb4.286em\u00bb font_weight=\u00bb700&#8243; top=\u00bbnull\u00bb bottom=\u00bbpx_20&#8243;]Fun and Adventure Awaits[\/trx_title][trx_block][trx_icon icon=\u00bbicon-play-button\u00bb link=\u00bb#video_popup\u00bb class=\u00bbsc_popup_link\u00bb][trx_popup id=\u00bbvideo_popup\u00bb][vc_column_text]<iframe src=\"https:\/\/player.vimeo.com\/video\/16995699\" width=\"1000\" height=\"561\" frameborder=\"0\" allowfullscreen=\"allowfullscreen\"><\/iframe>[\/vc_column_text][\/trx_popup][\/trx_block][trx_button style_color=\u00bbstyle_color_2&#8243; size=\u00bblarge\u00bb icon=\u00bbnone\u00bb link=\u00bb\/our-services\/\u00bb top=\u00bbpx_30&#8243; bottom=\u00bbnull\u00bb]ENQUIRE now[\/trx_button][\/trx_section][\/vc_column][\/vc_row][vc_row][vc_column][trx_section align=\u00bbcenter\u00bb animation=\u00bbfadeInUp\u00bb width=\u00bb70%\u00bb top=\u00bbpx_100&#8243; bottom=\u00bbpx_100&#8243;][vc_text_separator title=\u00bbBOATBOOKINGS SAYS\u00bb el_class=\u00bbcTitle_1 cTitle_1_text\u00bb][trx_testimonials controls=\u00bbpagination\u00bb cat=\u00bb0&#8243; top=\u00bbnull\u00bb bottom=\u00bbnull\u00bb title=\u00bb\u00bb subtitle=\u00bb\u00bb description=\u00bb\u00bb][\/trx_testimonials][\/trx_section][\/vc_column][\/vc_row][vc_row full_width=\u00bbstretch_row\u00bb inverse=\u00bb\u00bb css=\u00bb.vc_custom_1470919176979{background-color: #eef7fd !important;}\u00bb][vc_column][trx_section animation=\u00bbfadeInUp\u00bb][trx_title style=\u00bbunderline\u00bb align=\u00bbcenter\u00bb top=\u00bbpx_110&#8243; bottom=\u00bbpx_50&#8243;]Meet Your Crew[\/trx_title][trx_team cat=\u00bb0&#8243; top=\u00bbnull\u00bb bottom=\u00bbpx_80&#8243;][trx_team_item user=\u00bbMember 1&#8243;][\/trx_team_item][trx_team_item user=\u00bbMember 2&#8243;][\/trx_team_item][trx_team_item user=\u00bbMember 4&#8243;][\/trx_team_item][\/trx_team][\/trx_section][\/vc_column][\/vc_row][vc_row full_width=\u00bbstretch_row\u00bb inverse=\u00bbyes\u00bb css=\u00bb.vc_custom_1471853986579{background-image: url() !important;background-position: center !important;background-repeat: no-repeat !important;background-size: cover !important;}\u00bb][vc_column][vc_column_text el_class=\u00bbbg_text_2&#8243;]special<br \/>\ndiscount[\/vc_column_text][trx_section animation=\u00bbfadeInUp\u00bb top=\u00bbpx_150&#8243; bottom=\u00bbpx_150&#8243;][trx_columns][trx_column_item][\/trx_column_item][trx_column_item align=\u00bbcenter\u00bb][trx_title type=\u00bb5&#8243; align=\u00bbcenter\u00bb font_weight=\u00bb700&#8243; css=\u00bbcolor: #d7b084 !important; letter-spacing: 2px;\u00bb top=\u00bbnull\u00bb bottom=\u00bbpx_10&#8243;]special discount[\/trx_title][trx_title align=\u00bbcenter\u00bb font_size=\u00bb4.286em\u00bb font_weight=\u00bb700&#8243; top=\u00bbnull\u00bb bottom=\u00bbpx_20&#8243;]Yacht Charter<br \/>\nSeasonal Specials[\/trx_title][trx_button style_color=\u00bbstyle_color_2&#8243; size=\u00bblarge\u00bb icon=\u00bbnone\u00bb link=\u00bb\/our-boats\/\u00bb top=\u00bbpx_30&#8243; bottom=\u00bbnull\u00bb]view all boats[\/trx_button][\/trx_column_item][\/trx_columns][\/trx_section][\/vc_column][\/vc_row][vc_row][vc_column][trx_section animation=\u00bbfadeInUp\u00bb top=\u00bbpx_100&#8243; bottom=\u00bbpx_100&#8243;][trx_recent_news title=\u00bbLatest Articles\u00bb show_categories=\u00bbyes\u00bb cat=\u00bb0&#8243; count=\u00bb5&#8243;][\/trx_section][\/vc_column][\/vc_row]<\/p>\n","protected":false},"excerpt":{"rendered":"<p>[vc_row el_class=\u00bbcr-box-1&#8243;][vc_column width=\u00bb1\/2&#8243;][trx_section animation=\u00bbfadeInLeft\u00bb top=\u00bbpx_100&#8243; bottom=\u00bbpx_100&#8243;][trx_title style=\u00bbunderline\u00bb top=\u00bbnull\u00bb bottom=\u00bbpx_40&#8243;]Boat Rentals[\/trx_title][vc_column_text el_class=\u00bbhr-1&#8243;]Lorem ipsum consectetur adipisicing elit, sed do eiusmod tempor incididunt ut labore et dolore magna aliqua. Ut enim ad minim veniam, quis nostrud exercitation ullamco laboris nisi ut aliquip.[\/vc_column_text][trx_columns count=\u00bb4&#8243; margins=\u00bb\u00bb top=\u00bbpx_50&#8243;][trx_column_item][trx_icon icon=\u00bbicon-sport\u00bb color=\u00bb#bc1834&#8243; font_size=\u00bb3.75em\u00bb][trx_title type=\u00bb5&#8243; font_size=\u00bb0.786em\u00bb font_weight=\u00bb600&#8243; top=\u00bbpx_20&#8243; bottom=\u00bbnull\u00bb]Fishing[\/trx_title][\/trx_column_item][trx_column_item][trx_icon icon=\u00bbicon-glass\u00bb color=\u00bb#bc1834&#8243; font_size=\u00bb3.75em\u00bb][trx_title type=\u00bb5&#8243; font_size=\u00bb0.786em\u00bb [&hellip;]<\/p>\n","protected":false},"author":1,"featured_media":0,"parent":0,"menu_order":0,"comment_status":"closed","ping_status":"closed","template":"","meta":{"footnotes":""},"class_list":["post-10","page","type-page","status-publish","hentry"],"yoast_head":"<!-- This site is optimized with the Yoast SEO plugin v27.5 - https:\/\/yoast.com\/product\/yoast-seo-wordpress\/ -->\n<title>Home - Caravanlife, rental caravan in Tenerife<\/title>\n<meta name=\"robots\" content=\"index, follow, max-snippet:-1, max-image-preview:large, max-video-preview:-1\" \/>\n<link rel=\"canonical\" href=\"https:\/\/caravanlifetenerife.com\/fr\/domicile\/\" \/>\n<meta property=\"og:locale\" content=\"fr_FR\" \/>\n<meta property=\"og:type\" content=\"article\" \/>\n<meta property=\"og:title\" content=\"Home - Caravanlife, rental caravan in Tenerife\" \/>\n<meta property=\"og:description\" content=\"[vc_row el_class=\u00bbcr-box-1&#8243;][vc_column width=\u00bb1\/2&#8243;][trx_section animation=\u00bbfadeInLeft\u00bb top=\u00bbpx_100&#8243; bottom=\u00bbpx_100&#8243;][trx_title style=\u00bbunderline\u00bb top=\u00bbnull\u00bb bottom=\u00bbpx_40&#8243;]Boat Rentals[\/trx_title][vc_column_text el_class=\u00bbhr-1&#8243;]Lorem ipsum consectetur adipisicing elit, sed do eiusmod tempor incididunt ut labore et dolore magna aliqua. Ut enim ad minim veniam, quis nostrud exercitation ullamco laboris nisi ut aliquip.[\/vc_column_text][trx_columns count=\u00bb4&#8243; margins=\u00bb\u00bb top=\u00bbpx_50&#8243;][trx_column_item][trx_icon icon=\u00bbicon-sport\u00bb color=\u00bb#bc1834&#8243; font_size=\u00bb3.75em\u00bb][trx_title type=\u00bb5&#8243; font_size=\u00bb0.786em\u00bb font_weight=\u00bb600&#8243; top=\u00bbpx_20&#8243; bottom=\u00bbnull\u00bb]Fishing[\/trx_title][\/trx_column_item][trx_column_item][trx_icon icon=\u00bbicon-glass\u00bb color=\u00bb#bc1834&#8243; font_size=\u00bb3.75em\u00bb][trx_title type=\u00bb5&#8243; font_size=\u00bb0.786em\u00bb [&hellip;]\" \/>\n<meta property=\"og:url\" content=\"https:\/\/caravanlifetenerife.com\/fr\/domicile\/\" \/>\n<meta property=\"og:site_name\" content=\"Caravanlife, rental caravan in Tenerife\" \/>\n<meta property=\"article:modified_time\" content=\"2018-11-29T14:27:07+00:00\" \/>\n<meta name=\"twitter:card\" content=\"summary_large_image\" \/>\n<meta name=\"twitter:label1\" content=\"Dur\u00e9e de lecture estim\u00e9e\" \/>\n\t<meta name=\"twitter:data1\" content=\"4 minutes\" \/>\n<script type=\"application\/ld+json\" class=\"yoast-schema-graph\">{\"@context\":\"https:\\\/\\\/schema.org\",\"@graph\":[{\"@type\":\"WebPage\",\"@id\":\"https:\\\/\\\/caravanlifetenerife.com\\\/home\\\/\",\"url\":\"https:\\\/\\\/caravanlifetenerife.com\\\/home\\\/\",\"name\":\"Home - Caravanlife, rental caravan in Tenerife\",\"isPartOf\":{\"@id\":\"https:\\\/\\\/caravanlifetenerife.com\\\/#website\"},\"datePublished\":\"2016-07-28T08:49:56+00:00\",\"dateModified\":\"2018-11-29T14:27:07+00:00\",\"breadcrumb\":{\"@id\":\"https:\\\/\\\/caravanlifetenerife.com\\\/home\\\/#breadcrumb\"},\"inLanguage\":\"fr-FR\",\"potentialAction\":[{\"@type\":\"ReadAction\",\"target\":[\"https:\\\/\\\/caravanlifetenerife.com\\\/home\\\/\"]}]},{\"@type\":\"BreadcrumbList\",\"@id\":\"https:\\\/\\\/caravanlifetenerife.com\\\/home\\\/#breadcrumb\",\"itemListElement\":[{\"@type\":\"ListItem\",\"position\":1,\"name\":\"Home\",\"item\":\"https:\\\/\\\/caravanlifetenerife.com\\\/\"},{\"@type\":\"ListItem\",\"position\":2,\"name\":\"Home\"}]},{\"@type\":\"WebSite\",\"@id\":\"https:\\\/\\\/caravanlifetenerife.com\\\/#website\",\"url\":\"https:\\\/\\\/caravanlifetenerife.com\\\/\",\"name\":\"Caravanlife, rental caravan in Tenerife\",\"description\":\"Ofrecemos el servicio de alquiler de una furgoneta camper en la isla de Tenerife\",\"publisher\":{\"@id\":\"https:\\\/\\\/caravanlifetenerife.com\\\/#\\\/schema\\\/person\\\/a771135ddfbd2b90754dacfb0600364c\"},\"alternateName\":\"Caravanlife, alquiler de furgoneta camper en Tenerife\",\"potentialAction\":[{\"@type\":\"SearchAction\",\"target\":{\"@type\":\"EntryPoint\",\"urlTemplate\":\"https:\\\/\\\/caravanlifetenerife.com\\\/?s={search_term_string}\"},\"query-input\":{\"@type\":\"PropertyValueSpecification\",\"valueRequired\":true,\"valueName\":\"search_term_string\"}}],\"inLanguage\":\"fr-FR\"},{\"@type\":[\"Person\",\"Organization\"],\"@id\":\"https:\\\/\\\/caravanlifetenerife.com\\\/#\\\/schema\\\/person\\\/a771135ddfbd2b90754dacfb0600364c\",\"name\":\"Caravanlife\",\"image\":{\"@type\":\"ImageObject\",\"inLanguage\":\"fr-FR\",\"@id\":\"https:\\\/\\\/caravanlifetenerife.com\\\/wp-content\\\/uploads\\\/2023\\\/08\\\/logo-caravanlife-tenerife-ok.png\",\"url\":\"https:\\\/\\\/caravanlifetenerife.com\\\/wp-content\\\/uploads\\\/2023\\\/08\\\/logo-caravanlife-tenerife-ok.png\",\"contentUrl\":\"https:\\\/\\\/caravanlifetenerife.com\\\/wp-content\\\/uploads\\\/2023\\\/08\\\/logo-caravanlife-tenerife-ok.png\",\"width\":160,\"height\":160,\"caption\":\"Caravanlife\"},\"logo\":{\"@id\":\"https:\\\/\\\/caravanlifetenerife.com\\\/wp-content\\\/uploads\\\/2023\\\/08\\\/logo-caravanlife-tenerife-ok.png\"},\"sameAs\":[\"http:\\\/\\\/caravanlifetenerife.com\"]}]}<\/script>\n<!-- \/ Yoast SEO plugin. -->","yoast_head_json":{"title":"Home - Caravanlife, location de caravanes \u00e0 Tenerife","robots":{"index":"index","follow":"follow","max-snippet":"max-snippet:-1","max-image-preview":"max-image-preview:large","max-video-preview":"max-video-preview:-1"},"canonical":"https:\/\/caravanlifetenerife.com\/fr\/domicile\/","og_locale":"fr_FR","og_type":"article","og_title":"Home - Caravanlife, rental caravan in Tenerife","og_description":"[vc_row el_class=\u00bbcr-box-1&#8243;][vc_column width=\u00bb1\/2&#8243;][trx_section animation=\u00bbfadeInLeft\u00bb top=\u00bbpx_100&#8243; bottom=\u00bbpx_100&#8243;][trx_title style=\u00bbunderline\u00bb top=\u00bbnull\u00bb bottom=\u00bbpx_40&#8243;]Boat Rentals[\/trx_title][vc_column_text el_class=\u00bbhr-1&#8243;]Lorem ipsum consectetur adipisicing elit, sed do eiusmod tempor incididunt ut labore et dolore magna aliqua. Ut enim ad minim veniam, quis nostrud exercitation ullamco laboris nisi ut aliquip.[\/vc_column_text][trx_columns count=\u00bb4&#8243; margins=\u00bb\u00bb top=\u00bbpx_50&#8243;][trx_column_item][trx_icon icon=\u00bbicon-sport\u00bb color=\u00bb#bc1834&#8243; font_size=\u00bb3.75em\u00bb][trx_title type=\u00bb5&#8243; font_size=\u00bb0.786em\u00bb font_weight=\u00bb600&#8243; top=\u00bbpx_20&#8243; bottom=\u00bbnull\u00bb]Fishing[\/trx_title][\/trx_column_item][trx_column_item][trx_icon icon=\u00bbicon-glass\u00bb color=\u00bb#bc1834&#8243; font_size=\u00bb3.75em\u00bb][trx_title type=\u00bb5&#8243; font_size=\u00bb0.786em\u00bb [&hellip;]","og_url":"https:\/\/caravanlifetenerife.com\/fr\/domicile\/","og_site_name":"Caravanlife, rental caravan in Tenerife","article_modified_time":"2018-11-29T14:27:07+00:00","twitter_card":"summary_large_image","twitter_misc":{"Dur\u00e9e de lecture estim\u00e9e":"4 minutes"},"schema":{"@context":"https:\/\/schema.org","@graph":[{"@type":"WebPage","@id":"https:\/\/caravanlifetenerife.com\/home\/","url":"https:\/\/caravanlifetenerife.com\/home\/","name":"Home - Caravanlife, location de caravanes \u00e0 Tenerife","isPartOf":{"@id":"https:\/\/caravanlifetenerife.com\/#website"},"datePublished":"2016-07-28T08:49:56+00:00","dateModified":"2018-11-29T14:27:07+00:00","breadcrumb":{"@id":"https:\/\/caravanlifetenerife.com\/home\/#breadcrumb"},"inLanguage":"fr-FR","potentialAction":[{"@type":"ReadAction","target":["https:\/\/caravanlifetenerife.com\/home\/"]}]},{"@type":"BreadcrumbList","@id":"https:\/\/caravanlifetenerife.com\/home\/#breadcrumb","itemListElement":[{"@type":"ListItem","position":1,"name":"Home","item":"https:\/\/caravanlifetenerife.com\/"},{"@type":"ListItem","position":2,"name":"Home"}]},{"@type":"WebSite","@id":"https:\/\/caravanlifetenerife.com\/#website","url":"https:\/\/caravanlifetenerife.com\/","name":"Caravanlife, location de caravanes \u00e0 Tenerife","description":"Nous offrons le service de location d'un camping-car sur l'\u00eele de T\u00e9n\u00e9rife.","publisher":{"@id":"https:\/\/caravanlifetenerife.com\/#\/schema\/person\/a771135ddfbd2b90754dacfb0600364c"},"alternateName":"Caravanlife, alquiler de furgoneta camper en Tenerife","potentialAction":[{"@type":"SearchAction","target":{"@type":"EntryPoint","urlTemplate":"https:\/\/caravanlifetenerife.com\/?s={search_term_string}"},"query-input":{"@type":"PropertyValueSpecification","valueRequired":true,"valueName":"search_term_string"}}],"inLanguage":"fr-FR"},{"@type":["Person","Organization"],"@id":"https:\/\/caravanlifetenerife.com\/#\/schema\/person\/a771135ddfbd2b90754dacfb0600364c","name":"Caravanlife","image":{"@type":"ImageObject","inLanguage":"fr-FR","@id":"https:\/\/caravanlifetenerife.com\/wp-content\/uploads\/2023\/08\/logo-caravanlife-tenerife-ok.png","url":"https:\/\/caravanlifetenerife.com\/wp-content\/uploads\/2023\/08\/logo-caravanlife-tenerife-ok.png","contentUrl":"https:\/\/caravanlifetenerife.com\/wp-content\/uploads\/2023\/08\/logo-caravanlife-tenerife-ok.png","width":160,"height":160,"caption":"Caravanlife"},"logo":{"@id":"https:\/\/caravanlifetenerife.com\/wp-content\/uploads\/2023\/08\/logo-caravanlife-tenerife-ok.png"},"sameAs":["http:\/\/caravanlifetenerife.com"]}]}},"_links":{"self":[{"href":"https:\/\/caravanlifetenerife.com\/fr\/wp-json\/wp\/v2\/pages\/10","targetHints":{"allow":["GET"]}}],"collection":[{"href":"https:\/\/caravanlifetenerife.com\/fr\/wp-json\/wp\/v2\/pages"}],"about":[{"href":"https:\/\/caravanlifetenerife.com\/fr\/wp-json\/wp\/v2\/types\/page"}],"author":[{"embeddable":true,"href":"https:\/\/caravanlifetenerife.com\/fr\/wp-json\/wp\/v2\/users\/1"}],"replies":[{"embeddable":true,"href":"https:\/\/caravanlifetenerife.com\/fr\/wp-json\/wp\/v2\/comments?post=10"}],"version-history":[{"count":0,"href":"https:\/\/caravanlifetenerife.com\/fr\/wp-json\/wp\/v2\/pages\/10\/revisions"}],"wp:attachment":[{"href":"https:\/\/caravanlifetenerife.com\/fr\/wp-json\/wp\/v2\/media?parent=10"}],"curies":[{"name":"wp","href":"https:\/\/api.w.org\/{rel}","templated":true}]}}