{"id":180,"date":"2023-09-01T11:24:10","date_gmt":"2023-09-01T09:24:10","guid":{"rendered":"https:\/\/caravanlifetenerife.com\/?page_id=180"},"modified":"2023-09-01T11:25:47","modified_gmt":"2023-09-01T09:25:47","slug":"aviso-legal","status":"publish","type":"page","link":"https:\/\/caravanlifetenerife.com\/fr\/avis-juridique\/","title":{"rendered":"Avis juridique"},"content":{"rendered":"<div data-elementor-type=\"wp-page\" data-elementor-id=\"180\" class=\"elementor elementor-180\" data-elementor-post-type=\"page\">\n\t\t\t\t\t\t<section class=\"elementor-section elementor-top-section elementor-element elementor-element-95c0b96 elementor-section-boxed elementor-section-height-default elementor-section-height-default\" data-id=\"95c0b96\" data-element_type=\"section\" data-e-type=\"section\">\n\t\t\t\t\t\t<div class=\"elementor-container elementor-column-gap-default\">\n\t\t\t\t\t<div class=\"elementor-column elementor-col-100 elementor-top-column elementor-element elementor-element-3c5d591\" data-id=\"3c5d591\" data-element_type=\"column\" data-e-type=\"column\">\n\t\t\t<div class=\"elementor-widget-wrap elementor-element-populated\">\n\t\t\t\t\t\t<div class=\"elementor-element elementor-element-c2973dd elementor-widget elementor-widget-text-editor\" data-id=\"c2973dd\" data-element_type=\"widget\" data-e-type=\"widget\" data-widget_type=\"text-editor.default\">\n\t\t\t\t<div class=\"elementor-widget-container\">\n\t\t\t\t\t\t\t\t\t<p><b>Donn\u00e9es d'identification <\/b><\/p><p>Vous \u00eates en train de visiter le site web caravanlifetenerife.com, propri\u00e9t\u00e9 d'Alice Michelangeli, domicili\u00e9e Avenida Rosa de los Vientos 35 et titulaire du passeport n\u00b0 X7369695N, (ci-apr\u00e8s d\u00e9nomm\u00e9e \"la Propri\u00e9taire\"). L'activit\u00e9 n'est soumise \u00e0 aucun r\u00e9gime d'autorisation administrative pr\u00e9alable. Vous pouvez contacter le Propri\u00e9taire par l'un des moyens suivants : T\u00e9l\u00e9phone : +34 662 65 01 55 Courriel de contact : caravanlife.renting@gmail.com<\/p><p><strong>H\u00e9bergement web<\/strong><\/p><p>Ionos C\/ Avenida de La Vega, 1 - Edificio Veganova, (Edif. 3 Planta 5) 28108 Alcobendas - Madrid T\u00e9l\u00e9phone : 91 136 0000 Courriel : info@ionos.es<\/p><p><b>Utilisateurs <\/b><\/p><p>Les pr\u00e9sentes conditions (ci-apr\u00e8s d\u00e9nomm\u00e9es \"mentions l\u00e9gales\") ont pour objet de r\u00e9glementer l'utilisation du site web du PROPRI\u00c9TAIRE, qui est mis \u00e0 la disposition du public. L'acc\u00e8s et\/ou l'utilisation de ce site web du PROPRI\u00c9TAIRE attribue la condition d'UTILISATEUR, qui accepte, \u00e0 partir de cet acc\u00e8s et\/ou de cette utilisation, les conditions g\u00e9n\u00e9rales d'utilisation refl\u00e9t\u00e9es ici. Ces conditions sont applicables ind\u00e9pendamment des conditions contractuelles g\u00e9n\u00e9rales qui peuvent \u00eatre obligatoires.<\/p><p><b>Utilisation du portail <\/b><\/p><p>caravanlifetenerife.com donne acc\u00e8s \u00e0 une multitude d'informations, de services, de programmes ou de donn\u00e9es (ci-apr\u00e8s, \"le contenu\") sur Internet appartenant au PROPRI\u00c9TAIRE ou \u00e0 ses conc\u00e9dants de licence et auxquels l'UTILISATEUR peut avoir acc\u00e8s.<\/p><p>L'UTILISATEUR assume la responsabilit\u00e9 de l'utilisation du site web de location de camping-cars. Cette responsabilit\u00e9 s'\u00e9tend \u00e0 l'enregistrement n\u00e9cessaire pour acc\u00e9der \u00e0 certains services ou contenus. Lors de cet enregistrement, l'UTILISATEUR est tenu de fournir des informations r\u00e9elles et licites. En cons\u00e9quence de cette inscription, l'UTILISATEUR peut se voir attribuer un mot de passe dont il sera responsable, s'engageant \u00e0 l'utiliser de mani\u00e8re diligente et confidentielle.<\/p><p>L'UTILISATEUR s'engage \u00e0 faire un usage appropri\u00e9 du contenu et des services (par exemple les services de chat, les forums de discussion ou les groupes de discussion) que le PROPRI\u00c9TAIRE propose sur son site Internet de location de camping-cars et (y compris, mais sans s'y limiter) \u00e0 ne pas les utiliser pour :<\/p><p>- Diffuser des contenus ou de la propagande \u00e0 caract\u00e8re raciste, x\u00e9nophobe, pornographique-ill\u00e9gal, anti-terroriste ou anti-droits de l'homme - Porter atteinte aux syst\u00e8mes physiques et logiques du PROPRI\u00c9TAIRE, de ses fournisseurs ou de tiers, Introduire ou diffuser des virus informatiques ou tout autre syst\u00e8me physique ou logique susceptible de causer les dommages susmentionn\u00e9s - Tenter d'acc\u00e9der et, le cas \u00e9ch\u00e9ant, d'utiliser les comptes de courrier \u00e9lectronique d'autres utilisateurs et de modifier ou manipuler leurs messages - Utiliser le site Web ou les informations qu'il contient \u00e0 des fins commerciales, politiques, publicitaires ou pour tout autre usage commercial, en particulier l'envoi de courriers \u00e9lectroniques non sollicit\u00e9s.<\/p><p>Le TITULAIRE a le droit de supprimer les commentaires et les contributions qui violent le respect de la dignit\u00e9 de la personne, qui sont discriminatoires, x\u00e9nophobes, racistes, pornographiques, qui portent atteinte \u00e0 la jeunesse ou \u00e0 l'enfance, \u00e0 l'ordre public ou \u00e0 la s\u00e9curit\u00e9 ou qui, \u00e0 son avis, ne sont pas appropri\u00e9s \u00e0 la publication. En tout \u00e9tat de cause, le PROPRI\u00c9TAIRE n'est pas responsable des opinions exprim\u00e9es par les utilisateurs \u00e0 travers les forums, les chats ou d'autres outils de participation.<\/p><p><b>Protection des donn\u00e9es <\/b><\/p><p><b> <\/b>Tout ce qui concerne la politique de protection des donn\u00e9es est inclus dans le document sur la politique de confidentialit\u00e9. Contenu. Propri\u00e9t\u00e9 intellectuelle et industrielle<\/p><p>Le PROPRI\u00c9TAIRE est titulaire de tous les droits de propri\u00e9t\u00e9 intellectuelle et industrielle de son site web, ainsi que des \u00e9l\u00e9ments qu'il contient (y compris, mais sans s'y limiter, les images, photographies, sons, audios, vid\u00e9os, logiciels ou textes, les marques ou logos, les combinaisons de couleurs, la structure et la conception, le choix des mat\u00e9riaux utilis\u00e9s, les programmes informatiques n\u00e9cessaires \u00e0 son fonctionnement, \u00e0 son acc\u00e8s et \u00e0 son utilisation, etc.<\/p><p>Tous droits r\u00e9serv\u00e9s. Conform\u00e9ment aux dispositions des articles 8 et 32.1, deuxi\u00e8me alin\u00e9a, de la loi sur la propri\u00e9t\u00e9 intellectuelle, la reproduction, la distribution et la communication publique, y compris la mise \u00e0 disposition, de tout ou partie du contenu de ce site web, \u00e0 des fins commerciales, sur tout support et par tout moyen technique, sans l'autorisation du PROPRI\u00c9TAIRE, sont express\u00e9ment interdites.<\/p><p>L'UTILISATEUR s'engage \u00e0 respecter les droits de propri\u00e9t\u00e9 intellectuelle et industrielle du PROPRI\u00c9TAIRE. Il peut visualiser les \u00e9l\u00e9ments du site de location de camping-cars et m\u00eame les imprimer, les copier et les stocker sur le disque dur de son ordinateur ou sur tout autre support physique, \u00e0 condition que ce soit uniquement et exclusivement pour son usage personnel et priv\u00e9. L'UTILISATEUR n'est pas autoris\u00e9 \u00e0 supprimer, modifier, contourner ou manipuler tout dispositif de protection ou syst\u00e8me de s\u00e9curit\u00e9 install\u00e9 sur les pages du PROPRI\u00c9TAIRE.<\/p><p><strong>Exclusion de garantie et de responsabilit\u00e9<\/strong><\/p><p>L'UTILISATEUR reconna\u00eet que l'utilisation du site web, de son contenu et de ses services se fait sous sa seule responsabilit\u00e9. En particulier, \u00e0 titre d'exemple, le PROPRI\u00c9TAIRE n'assume aucune responsabilit\u00e9 dans les domaines suivants :<\/p><p>a) La disponibilit\u00e9 dans le fonctionnement du site web, de ses services et contenus et sa qualit\u00e9 ou interop\u00e9rabilit\u00e9. b) La finalit\u00e9 pour laquelle le site web sert les objectifs de l'UTILISATEUR. c) La violation de la l\u00e9gislation en vigueur par l'UTILISATEUR ou des tiers et, en particulier, des droits de propri\u00e9t\u00e9 intellectuelle ou industrielle d\u00e9tenus par d'autres personnes ou entit\u00e9s. d) L'existence de codes malveillants ou de tout autre \u00e9l\u00e9ment informatique nuisible pouvant causer des dommages au syst\u00e8me informatique de l'UTILISATEUR ou \u00e0 celui de tiers. Dans tous les cas, il incombe \u00e0 l'UTILISATEUR de disposer des outils ad\u00e9quats pour la d\u00e9tection et la d\u00e9sinfection de ces \u00e9l\u00e9ments. e) L'acc\u00e8s frauduleux aux contenus ou aux services par des tiers non autoris\u00e9s ou, le cas \u00e9ch\u00e9ant, la capture, l'\u00e9limination, l'alt\u00e9ration, la modification ou la manipulation des messages et des communications de toute nature que ces tiers pourraient effectuer. f) L'exactitude, la v\u00e9racit\u00e9, l'actualit\u00e9 et l'utilit\u00e9 des contenus et des services offerts et l'utilisation ult\u00e9rieure qui en est faite par l'UTILISATEUR. Le PROPRI\u00c9TAIRE s'efforcera, par tous les moyens raisonnables, de fournir des informations actualis\u00e9es et fiables. g) Les dommages caus\u00e9s aux \u00e9quipements informatiques lors de l'acc\u00e8s au site et les dommages caus\u00e9s \u00e0 l'UTILISATEUR par des pannes ou des d\u00e9connexions des r\u00e9seaux de t\u00e9l\u00e9communications qui interrompent le service. h) Les dommages ou les pr\u00e9judices d\u00e9coulant de circonstances impr\u00e9visibles ou de force majeure. i) Les dommages ou les pr\u00e9judices caus\u00e9s par l'utilisation du site. j) Les dommages ou les pr\u00e9judices caus\u00e9s par l'utilisation du site. k) Les dommages caus\u00e9s aux \u00e9quipements informatiques lors de l'acc\u00e8s au site et les dommages caus\u00e9s \u00e0 l'UTILISATEUR par des pannes ou des d\u00e9connexions des r\u00e9seaux de t\u00e9l\u00e9communications qui interrompent le service.<\/p><p>Dans le cas o\u00f9 il existe des forums, dans l'utilisation du m\u00eame espace ou d'autres espaces similaires, il faut tenir compte du fait que les messages ne refl\u00e8tent que l'opinion de l'UTILISATEUR qui les envoie, qui en est le seul responsable. LE TITULAIRE n'est pas responsable du contenu des messages envoy\u00e9s par l'UTILISATEUR.<\/p><p><b>Modification du pr\u00e9sent avis juridique et dur\u00e9e <\/b><\/p><p>LE PROPRI\u00c9TAIRE se r\u00e9serve le droit d'apporter des modifications inopin\u00e9es qu'il juge appropri\u00e9es sur le site Web de rent a van camperizada , peut modifier, supprimer ou ajouter des contenus et des services fournis par le biais de la m\u00eame que la fa\u00e7on dont ils sont pr\u00e9sent\u00e9s ou situ\u00e9s sur le site Web de rent a van camperizada . La validit\u00e9 des conditions susmentionn\u00e9es d\u00e9pendra de leur exposition et sera en vigueur jusqu'\u00e0 ce qu'elles soient modifi\u00e9es par d'autres d\u00fbment publi\u00e9es.<\/p><p><b>Liens <\/b><\/p><p>Dans le cas o\u00f9 caravanlifetenerife.com inclurait des liens ou des hyperliens vers d'autres sites Internet, le PROPRI\u00c9TAIRE n'exercera aucun contr\u00f4le sur ces sites et leur contenu. En tout \u00e9tat de cause, LE PROPRI\u00c9TAIRE n'assume aucune responsabilit\u00e9 quant au contenu de tout lien appartenant \u00e0 un autre site Internet, ni ne garantit la disponibilit\u00e9 technique, la qualit\u00e9, la fiabilit\u00e9, l'exactitude, l'exhaustivit\u00e9, la pr\u00e9cision, la justesse, la validit\u00e9 et la constitutionnalit\u00e9 de tout mat\u00e9riel ou information contenu dans ces hyperliens ou dans d'autres sites Internet. De m\u00eame, l'inclusion de ces connexions externes n'implique aucun type d'association, de fusion ou de participation avec les entit\u00e9s connect\u00e9es.<\/p><p><b>Droit d'exclusion <\/b><\/p><p>LE PROPRI\u00c9TAIRE se r\u00e9serve le droit de refuser ou de retirer l'acc\u00e8s au site Web de location de camping-cars et\/ou aux services offerts sans avertissement pr\u00e9alable, \u00e0 sa propre demande ou \u00e0 la demande d'un tiers, aux utilisateurs qui ne respectent pas le contenu du pr\u00e9sent avis juridique.<\/p><p>\u00a0<\/p><p><b>G\u00e9n\u00e9ral <\/b><\/p><p>Le PROPRI\u00c9TAIRE poursuivra la violation de ces conditions ainsi que toute utilisation abusive du site web de location de camping-cars en exer\u00e7ant toutes les actions civiles et p\u00e9nales qui peuvent lui correspondre en vertu de la loi.<\/p><p><b>Droit applicable et juridiction <\/b><\/p><p>Les relations entre le PROPRI\u00c9TAIRE et l'UTILISATEUR sont r\u00e9gies par la l\u00e9gislation espagnole en vigueur. Tous les litiges et r\u00e9clamations d\u00e9coulant du pr\u00e9sent avis juridique seront r\u00e9solus par les cours et tribunaux comp\u00e9tents.<\/p><p>Cette politique en mati\u00e8re de cookies a \u00e9t\u00e9 mise \u00e0 jour le 01 septembre 2023 afin de se conformer au r\u00e8glement (UE) 2016\/679 du Parlement europ\u00e9en et du Conseil du 27 avril 2016 relatif \u00e0 la protection des personnes physiques \u00e0 l'\u00e9gard du traitement des donn\u00e9es \u00e0 caract\u00e8re personnel et \u00e0 la libre circulation de ces donn\u00e9es (GDPR).<\/p>\t\t\t\t\t\t\t\t<\/div>\n\t\t\t\t<\/div>\n\t\t\t\t\t<\/div>\n\t\t<\/div>\n\t\t\t\t\t<\/div>\n\t\t<\/section>\n\t\t\t\t<\/div>","protected":false},"excerpt":{"rendered":"<p>Datos identificativos Est\u00e1s visitando la p\u00e1gina web caravanlifetenerife.com titularidad de Alice Michelangeli y con domicilio en Avenida Rosa de los Vientos 35 y con Pasaporte n\u00b0 X7369695N , (que en este documento se llama \u00abel Titular\u00bb). La actividad no est\u00e1 sujeta a ning\u00fan r\u00e9gimen de autorizaci\u00f3n administrativa previa. Puedes contactar con EL TITULAR por cualquiera [&hellip;]<\/p>\n","protected":false},"author":1,"featured_media":0,"parent":0,"menu_order":0,"comment_status":"closed","ping_status":"closed","template":"","meta":{"footnotes":""},"class_list":["post-180","page","type-page","status-publish","hentry"],"yoast_head":"<!-- This site is optimized with the Yoast SEO plugin v27.4 - https:\/\/yoast.com\/product\/yoast-seo-wordpress\/ -->\n<title>Aviso legal - Caravanlife, rental caravan in Tenerife<\/title>\n<meta name=\"robots\" content=\"index, follow, max-snippet:-1, max-image-preview:large, max-video-preview:-1\" \/>\n<link rel=\"canonical\" href=\"https:\/\/caravanlifetenerife.com\/fr\/avis-juridique\/\" \/>\n<meta property=\"og:locale\" content=\"fr_FR\" \/>\n<meta property=\"og:type\" content=\"article\" \/>\n<meta property=\"og:title\" content=\"Aviso legal - Caravanlife, rental caravan in Tenerife\" \/>\n<meta property=\"og:description\" content=\"Datos identificativos Est\u00e1s visitando la p\u00e1gina web caravanlifetenerife.com titularidad de Alice Michelangeli y con domicilio en Avenida Rosa de los Vientos 35 y con Pasaporte n\u00b0 X7369695N , (que en este documento se llama \u00abel Titular\u00bb). La actividad no est\u00e1 sujeta a ning\u00fan r\u00e9gimen de autorizaci\u00f3n administrativa previa. Puedes contactar con EL TITULAR por cualquiera [&hellip;]\" \/>\n<meta property=\"og:url\" content=\"https:\/\/caravanlifetenerife.com\/fr\/avis-juridique\/\" \/>\n<meta property=\"og:site_name\" content=\"Caravanlife, rental caravan in Tenerife\" \/>\n<meta property=\"article:modified_time\" content=\"2023-09-01T09:25:47+00:00\" \/>\n<meta name=\"twitter:card\" content=\"summary_large_image\" \/>\n<meta name=\"twitter:label1\" content=\"Dur\u00e9e de lecture estim\u00e9e\" \/>\n\t<meta name=\"twitter:data1\" content=\"8 minutes\" \/>\n<script type=\"application\/ld+json\" class=\"yoast-schema-graph\">{\"@context\":\"https:\\\/\\\/schema.org\",\"@graph\":[{\"@type\":\"WebPage\",\"@id\":\"https:\\\/\\\/caravanlifetenerife.com\\\/aviso-legal\\\/\",\"url\":\"https:\\\/\\\/caravanlifetenerife.com\\\/aviso-legal\\\/\",\"name\":\"Aviso legal - Caravanlife, rental caravan in Tenerife\",\"isPartOf\":{\"@id\":\"https:\\\/\\\/caravanlifetenerife.com\\\/#website\"},\"datePublished\":\"2023-09-01T09:24:10+00:00\",\"dateModified\":\"2023-09-01T09:25:47+00:00\",\"breadcrumb\":{\"@id\":\"https:\\\/\\\/caravanlifetenerife.com\\\/aviso-legal\\\/#breadcrumb\"},\"inLanguage\":\"fr-FR\",\"potentialAction\":[{\"@type\":\"ReadAction\",\"target\":[\"https:\\\/\\\/caravanlifetenerife.com\\\/aviso-legal\\\/\"]}]},{\"@type\":\"BreadcrumbList\",\"@id\":\"https:\\\/\\\/caravanlifetenerife.com\\\/aviso-legal\\\/#breadcrumb\",\"itemListElement\":[{\"@type\":\"ListItem\",\"position\":1,\"name\":\"Home\",\"item\":\"https:\\\/\\\/caravanlifetenerife.com\\\/\"},{\"@type\":\"ListItem\",\"position\":2,\"name\":\"Aviso legal\"}]},{\"@type\":\"WebSite\",\"@id\":\"https:\\\/\\\/caravanlifetenerife.com\\\/#website\",\"url\":\"https:\\\/\\\/caravanlifetenerife.com\\\/\",\"name\":\"Caravanlife, rental caravan in Tenerife\",\"description\":\"Ofrecemos el servicio de alquiler de una furgoneta camper en la isla de Tenerife\",\"publisher\":{\"@id\":\"https:\\\/\\\/caravanlifetenerife.com\\\/#\\\/schema\\\/person\\\/a771135ddfbd2b90754dacfb0600364c\"},\"alternateName\":\"Caravanlife, alquiler de furgoneta camper en Tenerife\",\"potentialAction\":[{\"@type\":\"SearchAction\",\"target\":{\"@type\":\"EntryPoint\",\"urlTemplate\":\"https:\\\/\\\/caravanlifetenerife.com\\\/?s={search_term_string}\"},\"query-input\":{\"@type\":\"PropertyValueSpecification\",\"valueRequired\":true,\"valueName\":\"search_term_string\"}}],\"inLanguage\":\"fr-FR\"},{\"@type\":[\"Person\",\"Organization\"],\"@id\":\"https:\\\/\\\/caravanlifetenerife.com\\\/#\\\/schema\\\/person\\\/a771135ddfbd2b90754dacfb0600364c\",\"name\":\"Caravanlife\",\"image\":{\"@type\":\"ImageObject\",\"inLanguage\":\"fr-FR\",\"@id\":\"https:\\\/\\\/caravanlifetenerife.com\\\/wp-content\\\/uploads\\\/2023\\\/08\\\/logo-caravanlife-tenerife-ok.png\",\"url\":\"https:\\\/\\\/caravanlifetenerife.com\\\/wp-content\\\/uploads\\\/2023\\\/08\\\/logo-caravanlife-tenerife-ok.png\",\"contentUrl\":\"https:\\\/\\\/caravanlifetenerife.com\\\/wp-content\\\/uploads\\\/2023\\\/08\\\/logo-caravanlife-tenerife-ok.png\",\"width\":160,\"height\":160,\"caption\":\"Caravanlife\"},\"logo\":{\"@id\":\"https:\\\/\\\/caravanlifetenerife.com\\\/wp-content\\\/uploads\\\/2023\\\/08\\\/logo-caravanlife-tenerife-ok.png\"},\"sameAs\":[\"http:\\\/\\\/caravanlifetenerife.com\"]}]}<\/script>\n<!-- \/ Yoast SEO plugin. -->","yoast_head_json":{"title":"Mentions l\u00e9gales - Caravanlife, location de caravane \u00e0 Tenerife","robots":{"index":"index","follow":"follow","max-snippet":"max-snippet:-1","max-image-preview":"max-image-preview:large","max-video-preview":"max-video-preview:-1"},"canonical":"https:\/\/caravanlifetenerife.com\/fr\/avis-juridique\/","og_locale":"fr_FR","og_type":"article","og_title":"Aviso legal - Caravanlife, rental caravan in Tenerife","og_description":"Datos identificativos Est\u00e1s visitando la p\u00e1gina web caravanlifetenerife.com titularidad de Alice Michelangeli y con domicilio en Avenida Rosa de los Vientos 35 y con Pasaporte n\u00b0 X7369695N , (que en este documento se llama \u00abel Titular\u00bb). La actividad no est\u00e1 sujeta a ning\u00fan r\u00e9gimen de autorizaci\u00f3n administrativa previa. Puedes contactar con EL TITULAR por cualquiera [&hellip;]","og_url":"https:\/\/caravanlifetenerife.com\/fr\/avis-juridique\/","og_site_name":"Caravanlife, rental caravan in Tenerife","article_modified_time":"2023-09-01T09:25:47+00:00","twitter_card":"summary_large_image","twitter_misc":{"Dur\u00e9e de lecture estim\u00e9e":"8 minutes"},"schema":{"@context":"https:\/\/schema.org","@graph":[{"@type":"WebPage","@id":"https:\/\/caravanlifetenerife.com\/aviso-legal\/","url":"https:\/\/caravanlifetenerife.com\/aviso-legal\/","name":"Mentions l\u00e9gales - Caravanlife, location de caravane \u00e0 Tenerife","isPartOf":{"@id":"https:\/\/caravanlifetenerife.com\/#website"},"datePublished":"2023-09-01T09:24:10+00:00","dateModified":"2023-09-01T09:25:47+00:00","breadcrumb":{"@id":"https:\/\/caravanlifetenerife.com\/aviso-legal\/#breadcrumb"},"inLanguage":"fr-FR","potentialAction":[{"@type":"ReadAction","target":["https:\/\/caravanlifetenerife.com\/aviso-legal\/"]}]},{"@type":"BreadcrumbList","@id":"https:\/\/caravanlifetenerife.com\/aviso-legal\/#breadcrumb","itemListElement":[{"@type":"ListItem","position":1,"name":"Home","item":"https:\/\/caravanlifetenerife.com\/"},{"@type":"ListItem","position":2,"name":"Aviso legal"}]},{"@type":"WebSite","@id":"https:\/\/caravanlifetenerife.com\/#website","url":"https:\/\/caravanlifetenerife.com\/","name":"Caravanlife, location de caravanes \u00e0 Tenerife","description":"Nous offrons le service de location d'un camping-car sur l'\u00eele de T\u00e9n\u00e9rife.","publisher":{"@id":"https:\/\/caravanlifetenerife.com\/#\/schema\/person\/a771135ddfbd2b90754dacfb0600364c"},"alternateName":"Caravanlife, alquiler de furgoneta camper en Tenerife","potentialAction":[{"@type":"SearchAction","target":{"@type":"EntryPoint","urlTemplate":"https:\/\/caravanlifetenerife.com\/?s={search_term_string}"},"query-input":{"@type":"PropertyValueSpecification","valueRequired":true,"valueName":"search_term_string"}}],"inLanguage":"fr-FR"},{"@type":["Person","Organization"],"@id":"https:\/\/caravanlifetenerife.com\/#\/schema\/person\/a771135ddfbd2b90754dacfb0600364c","name":"Caravanlife","image":{"@type":"ImageObject","inLanguage":"fr-FR","@id":"https:\/\/caravanlifetenerife.com\/wp-content\/uploads\/2023\/08\/logo-caravanlife-tenerife-ok.png","url":"https:\/\/caravanlifetenerife.com\/wp-content\/uploads\/2023\/08\/logo-caravanlife-tenerife-ok.png","contentUrl":"https:\/\/caravanlifetenerife.com\/wp-content\/uploads\/2023\/08\/logo-caravanlife-tenerife-ok.png","width":160,"height":160,"caption":"Caravanlife"},"logo":{"@id":"https:\/\/caravanlifetenerife.com\/wp-content\/uploads\/2023\/08\/logo-caravanlife-tenerife-ok.png"},"sameAs":["http:\/\/caravanlifetenerife.com"]}]}},"_links":{"self":[{"href":"https:\/\/caravanlifetenerife.com\/fr\/wp-json\/wp\/v2\/pages\/180","targetHints":{"allow":["GET"]}}],"collection":[{"href":"https:\/\/caravanlifetenerife.com\/fr\/wp-json\/wp\/v2\/pages"}],"about":[{"href":"https:\/\/caravanlifetenerife.com\/fr\/wp-json\/wp\/v2\/types\/page"}],"author":[{"embeddable":true,"href":"https:\/\/caravanlifetenerife.com\/fr\/wp-json\/wp\/v2\/users\/1"}],"replies":[{"embeddable":true,"href":"https:\/\/caravanlifetenerife.com\/fr\/wp-json\/wp\/v2\/comments?post=180"}],"version-history":[{"count":10,"href":"https:\/\/caravanlifetenerife.com\/fr\/wp-json\/wp\/v2\/pages\/180\/revisions"}],"predecessor-version":[{"id":190,"href":"https:\/\/caravanlifetenerife.com\/fr\/wp-json\/wp\/v2\/pages\/180\/revisions\/190"}],"wp:attachment":[{"href":"https:\/\/caravanlifetenerife.com\/fr\/wp-json\/wp\/v2\/media?parent=180"}],"curies":[{"name":"wp","href":"https:\/\/api.w.org\/{rel}","templated":true}]}}