{"id":196,"date":"2023-09-01T12:29:05","date_gmt":"2023-09-01T10:29:05","guid":{"rendered":"https:\/\/caravanlifetenerife.com\/?page_id=196"},"modified":"2023-09-01T12:29:20","modified_gmt":"2023-09-01T10:29:20","slug":"politica-de-cookies","status":"publish","type":"page","link":"https:\/\/caravanlifetenerife.com\/fr\/politique-en-matiere-de-cookies\/","title":{"rendered":"Politique en mati\u00e8re de cookies"},"content":{"rendered":"<div data-elementor-type=\"wp-page\" data-elementor-id=\"196\" class=\"elementor elementor-196\" data-elementor-post-type=\"page\">\n\t\t\t\t\t\t<section class=\"elementor-section elementor-top-section elementor-element elementor-element-46402b8 elementor-section-boxed elementor-section-height-default elementor-section-height-default\" data-id=\"46402b8\" data-element_type=\"section\" data-e-type=\"section\">\n\t\t\t\t\t\t<div class=\"elementor-container elementor-column-gap-default\">\n\t\t\t\t\t<div class=\"elementor-column elementor-col-100 elementor-top-column elementor-element elementor-element-c5775c7\" data-id=\"c5775c7\" data-element_type=\"column\" data-e-type=\"column\">\n\t\t\t<div class=\"elementor-widget-wrap elementor-element-populated\">\n\t\t\t\t\t\t<div class=\"elementor-element elementor-element-c75814c elementor-widget elementor-widget-text-editor\" data-id=\"c75814c\" data-element_type=\"widget\" data-e-type=\"widget\" data-widget_type=\"text-editor.default\">\n\t\t\t\t<div class=\"elementor-widget-container\">\n\t\t\t\t\t\t\t\t\t<p>Conform\u00e9ment aux dispositions de l'article 22.2 de la loi 34\/2002, du 11 juillet, sur les services de la soci\u00e9t\u00e9 de l'information et le commerce \u00e9lectronique, ce site web vous informe, dans cette section, de la politique de collecte et de traitement des cookies.<\/p><h4 class=\"western\"><a name=\"qu\u00e9-son-las-cookies\"><\/a>Qu'est-ce qu'un biscuit ?<\/h4><p>Un cookie est un fichier qui est t\u00e9l\u00e9charg\u00e9 sur votre ordinateur lorsque vous acc\u00e9dez \u00e0 certains sites web. Les cookies permettent \u00e0 un site web, entre autres, de stocker et de r\u00e9cup\u00e9rer des informations sur les habitudes de navigation d'un utilisateur ou de son ordinateur et, en fonction des informations qu'ils contiennent et de la mani\u00e8re dont vous utilisez votre ordinateur, ils peuvent \u00eatre utilis\u00e9s pour reconna\u00eetre l'utilisateur.<\/p><h4 class=\"western\">Cookies utilis\u00e9s sur notre site web :<\/h4><p><strong>PHPSESSID<\/strong> Cookie g\u00e9n\u00e9r\u00e9 par les applications bas\u00e9es sur le langage PHP. Il s'agit d'un identifiant \u00e0 usage g\u00e9n\u00e9ral utilis\u00e9 pour maintenir les variables de session de l'utilisateur. Il s'agit normalement d'un nombre g\u00e9n\u00e9r\u00e9 de mani\u00e8re al\u00e9atoire. La mani\u00e8re dont il est utilis\u00e9 peut \u00eatre sp\u00e9cifique au site, mais un bon exemple est le maintien du statut de connexion d'un utilisateur entre les pages. <br \/>Cat\u00e9gorie : Fonctionnelle. <br \/>Dur\u00e9e : Sessions. <br \/>Politique de confidentialit\u00e9 : <a href=\"https:\/\/www.php.net\/privacy.php\">https:\/\/www.php.net\/privacy.php<\/a><\/p><p><strong>aConsentement<\/strong><\/p><p><strong>aConsentement<\/strong><\/p><p><strong>wordpress_test_cookie<\/strong> Cookie mis en place par WordPress pour v\u00e9rifier si les cookies sont activ\u00e9s sur le navigateur afin de fournir une exp\u00e9rience utilisateur appropri\u00e9e aux utilisateurs. <br \/>Cat\u00e9gorie : Fonctionnelle. <br \/>Dur\u00e9e : session. <br \/>Politique de confidentialit\u00e9 : <a href=\"http:\/\/N\/A\">N\/A<\/a><\/p><p><br \/><br \/><\/p><h4 class=\"western\"><a name=\"qu\u00e9-tipos-de-cookies-utiliza-esta-p\u00e1gina-web\"><\/a> Quels types de cookies ce site web utilise-t-il ?<\/h4><ul><li><p><strong>Cookies d'analyse -<\/strong> Il s'agit de ceux qui, trait\u00e9s par nous-m\u00eames ou par des tiers, nous permettent de quantifier le nombre d'utilisateurs et de proc\u00e9der ainsi \u00e0 la mesure et \u00e0 l'analyse statistique de l'utilisation faite par les utilisateurs du service offert. Pour ce faire, votre navigation sur notre site web est analys\u00e9e afin d'am\u00e9liorer la gamme de produits ou de services que nous proposons.<\/p><\/li><li><p><strong>Cookies publicitaires -<\/strong> Il s'agit des donn\u00e9es qui, trait\u00e9es par nous-m\u00eames ou par des tiers, nous permettent de g\u00e9rer au mieux l'offre d'espaces publicitaires sur le site web, en adaptant le contenu de la publicit\u00e9 au contenu du service demand\u00e9 ou \u00e0 l'utilisation que vous faites de notre site web. Pour ce faire, nous pouvons analyser vos habitudes de navigation sur Internet et vous pr\u00e9senter des publicit\u00e9s en rapport avec votre profil de navigation.<\/p><\/li><\/ul><h4 class=\"western\"><a name=\"c\u00f3mo-desactivar-las-cookies\"><\/a>Comment d\u00e9sactiver les cookies<\/h4><p>Vous pouvez autoriser, bloquer ou supprimer les cookies install\u00e9s sur votre ordinateur en configurant les options du navigateur install\u00e9 sur votre ordinateur.<\/p><p>Vous pouvez acc\u00e9der ci-dessous aux param\u00e8tres des navigateurs web les plus courants pour accepter, installer ou d\u00e9sactiver les cookies :<\/p><ul><li><p><a href=\"http:\/\/support.mozilla.org\/es\/kb\/habilitar-y-deshabilitar-cookies-que-los-sitios-we\" target=\"_blank\" rel=\"noopener\"><b>Firefox<\/b><\/a><\/p><\/li><li><p><a href=\"http:\/\/support.apple.com\/kb\/HT1677?viewlocale=es_ES\" target=\"_blank\" rel=\"noopener\"><b>Safari<\/b><\/a><\/p><\/li><li><p><a href=\"https:\/\/support.google.com\/chrome\/answer\/95647?hl=es\" target=\"_blank\" rel=\"noopener\"><b>Google Chrome<\/b><\/a><\/p><\/li><\/ul><h4 class=\"western\"><a name=\"cookies-de-terceros\"><\/a>Cookies de tiers<\/h4><p>Ce site web utilise des services tiers pour collecter des informations \u00e0 des fins statistiques et d'utilisation du web.<\/p>\t\t\t\t\t\t\t\t<\/div>\n\t\t\t\t<\/div>\n\t\t\t\t\t<\/div>\n\t\t<\/div>\n\t\t\t\t\t<\/div>\n\t\t<\/section>\n\t\t\t\t<\/div>","protected":false},"excerpt":{"rendered":"<p>En cumplimiento con lo dispuesto en el art\u00edculo 22.2 de la Ley 34\/2002, de 11 de julio, de Servicios de la Sociedad de la Informaci\u00f3n y de Comercio Electr\u00f3nico, esta p\u00e1gina web le informa, en esta secci\u00f3n, sobre la pol\u00edtica de recogida y tratamiento de cookies. \u00bfQu\u00e9 son las cookies? Una cookie es un fichero [&hellip;]<\/p>\n","protected":false},"author":1,"featured_media":0,"parent":0,"menu_order":0,"comment_status":"closed","ping_status":"closed","template":"","meta":{"footnotes":""},"class_list":["post-196","page","type-page","status-publish","hentry"],"yoast_head":"<!-- This site is optimized with the Yoast SEO plugin v27.5 - https:\/\/yoast.com\/product\/yoast-seo-wordpress\/ -->\n<title>Pol\u00edtica de cookies - Caravanlife, rental caravan in Tenerife<\/title>\n<meta name=\"robots\" content=\"index, follow, max-snippet:-1, max-image-preview:large, max-video-preview:-1\" \/>\n<link rel=\"canonical\" href=\"https:\/\/caravanlifetenerife.com\/fr\/politique-en-matiere-de-cookies\/\" \/>\n<meta property=\"og:locale\" content=\"fr_FR\" \/>\n<meta property=\"og:type\" content=\"article\" \/>\n<meta property=\"og:title\" content=\"Pol\u00edtica de cookies - Caravanlife, rental caravan in Tenerife\" \/>\n<meta property=\"og:description\" content=\"En cumplimiento con lo dispuesto en el art\u00edculo 22.2 de la Ley 34\/2002, de 11 de julio, de Servicios de la Sociedad de la Informaci\u00f3n y de Comercio Electr\u00f3nico, esta p\u00e1gina web le informa, en esta secci\u00f3n, sobre la pol\u00edtica de recogida y tratamiento de cookies. \u00bfQu\u00e9 son las cookies? Una cookie es un fichero [&hellip;]\" \/>\n<meta property=\"og:url\" content=\"https:\/\/caravanlifetenerife.com\/fr\/politique-en-matiere-de-cookies\/\" \/>\n<meta property=\"og:site_name\" content=\"Caravanlife, rental caravan in Tenerife\" \/>\n<meta property=\"article:modified_time\" content=\"2023-09-01T10:29:20+00:00\" \/>\n<meta name=\"twitter:card\" content=\"summary_large_image\" \/>\n<meta name=\"twitter:label1\" content=\"Dur\u00e9e de lecture estim\u00e9e\" \/>\n\t<meta name=\"twitter:data1\" content=\"2 minutes\" \/>\n<script type=\"application\/ld+json\" class=\"yoast-schema-graph\">{\"@context\":\"https:\\\/\\\/schema.org\",\"@graph\":[{\"@type\":\"WebPage\",\"@id\":\"https:\\\/\\\/caravanlifetenerife.com\\\/politica-de-cookies\\\/\",\"url\":\"https:\\\/\\\/caravanlifetenerife.com\\\/politica-de-cookies\\\/\",\"name\":\"Pol\u00edtica de cookies - Caravanlife, rental caravan in Tenerife\",\"isPartOf\":{\"@id\":\"https:\\\/\\\/caravanlifetenerife.com\\\/#website\"},\"datePublished\":\"2023-09-01T10:29:05+00:00\",\"dateModified\":\"2023-09-01T10:29:20+00:00\",\"breadcrumb\":{\"@id\":\"https:\\\/\\\/caravanlifetenerife.com\\\/politica-de-cookies\\\/#breadcrumb\"},\"inLanguage\":\"fr-FR\",\"potentialAction\":[{\"@type\":\"ReadAction\",\"target\":[\"https:\\\/\\\/caravanlifetenerife.com\\\/politica-de-cookies\\\/\"]}]},{\"@type\":\"BreadcrumbList\",\"@id\":\"https:\\\/\\\/caravanlifetenerife.com\\\/politica-de-cookies\\\/#breadcrumb\",\"itemListElement\":[{\"@type\":\"ListItem\",\"position\":1,\"name\":\"Home\",\"item\":\"https:\\\/\\\/caravanlifetenerife.com\\\/\"},{\"@type\":\"ListItem\",\"position\":2,\"name\":\"Pol\u00edtica de cookies\"}]},{\"@type\":\"WebSite\",\"@id\":\"https:\\\/\\\/caravanlifetenerife.com\\\/#website\",\"url\":\"https:\\\/\\\/caravanlifetenerife.com\\\/\",\"name\":\"Caravanlife, rental caravan in Tenerife\",\"description\":\"Ofrecemos el servicio de alquiler de una furgoneta camper en la isla de Tenerife\",\"publisher\":{\"@id\":\"https:\\\/\\\/caravanlifetenerife.com\\\/#\\\/schema\\\/person\\\/a771135ddfbd2b90754dacfb0600364c\"},\"alternateName\":\"Caravanlife, alquiler de furgoneta camper en Tenerife\",\"potentialAction\":[{\"@type\":\"SearchAction\",\"target\":{\"@type\":\"EntryPoint\",\"urlTemplate\":\"https:\\\/\\\/caravanlifetenerife.com\\\/?s={search_term_string}\"},\"query-input\":{\"@type\":\"PropertyValueSpecification\",\"valueRequired\":true,\"valueName\":\"search_term_string\"}}],\"inLanguage\":\"fr-FR\"},{\"@type\":[\"Person\",\"Organization\"],\"@id\":\"https:\\\/\\\/caravanlifetenerife.com\\\/#\\\/schema\\\/person\\\/a771135ddfbd2b90754dacfb0600364c\",\"name\":\"Caravanlife\",\"image\":{\"@type\":\"ImageObject\",\"inLanguage\":\"fr-FR\",\"@id\":\"https:\\\/\\\/caravanlifetenerife.com\\\/wp-content\\\/uploads\\\/2023\\\/08\\\/logo-caravanlife-tenerife-ok.png\",\"url\":\"https:\\\/\\\/caravanlifetenerife.com\\\/wp-content\\\/uploads\\\/2023\\\/08\\\/logo-caravanlife-tenerife-ok.png\",\"contentUrl\":\"https:\\\/\\\/caravanlifetenerife.com\\\/wp-content\\\/uploads\\\/2023\\\/08\\\/logo-caravanlife-tenerife-ok.png\",\"width\":160,\"height\":160,\"caption\":\"Caravanlife\"},\"logo\":{\"@id\":\"https:\\\/\\\/caravanlifetenerife.com\\\/wp-content\\\/uploads\\\/2023\\\/08\\\/logo-caravanlife-tenerife-ok.png\"},\"sameAs\":[\"http:\\\/\\\/caravanlifetenerife.com\"]}]}<\/script>\n<!-- \/ Yoast SEO plugin. -->","yoast_head_json":{"title":"Politique en mati\u00e8re de cookies - Caravanlife, location de caravanes \u00e0 Tenerife","robots":{"index":"index","follow":"follow","max-snippet":"max-snippet:-1","max-image-preview":"max-image-preview:large","max-video-preview":"max-video-preview:-1"},"canonical":"https:\/\/caravanlifetenerife.com\/fr\/politique-en-matiere-de-cookies\/","og_locale":"fr_FR","og_type":"article","og_title":"Pol\u00edtica de cookies - Caravanlife, rental caravan in Tenerife","og_description":"En cumplimiento con lo dispuesto en el art\u00edculo 22.2 de la Ley 34\/2002, de 11 de julio, de Servicios de la Sociedad de la Informaci\u00f3n y de Comercio Electr\u00f3nico, esta p\u00e1gina web le informa, en esta secci\u00f3n, sobre la pol\u00edtica de recogida y tratamiento de cookies. \u00bfQu\u00e9 son las cookies? Una cookie es un fichero [&hellip;]","og_url":"https:\/\/caravanlifetenerife.com\/fr\/politique-en-matiere-de-cookies\/","og_site_name":"Caravanlife, rental caravan in Tenerife","article_modified_time":"2023-09-01T10:29:20+00:00","twitter_card":"summary_large_image","twitter_misc":{"Dur\u00e9e de lecture estim\u00e9e":"2 minutes"},"schema":{"@context":"https:\/\/schema.org","@graph":[{"@type":"WebPage","@id":"https:\/\/caravanlifetenerife.com\/politica-de-cookies\/","url":"https:\/\/caravanlifetenerife.com\/politica-de-cookies\/","name":"Politique en mati\u00e8re de cookies - Caravanlife, location de caravanes \u00e0 Tenerife","isPartOf":{"@id":"https:\/\/caravanlifetenerife.com\/#website"},"datePublished":"2023-09-01T10:29:05+00:00","dateModified":"2023-09-01T10:29:20+00:00","breadcrumb":{"@id":"https:\/\/caravanlifetenerife.com\/politica-de-cookies\/#breadcrumb"},"inLanguage":"fr-FR","potentialAction":[{"@type":"ReadAction","target":["https:\/\/caravanlifetenerife.com\/politica-de-cookies\/"]}]},{"@type":"BreadcrumbList","@id":"https:\/\/caravanlifetenerife.com\/politica-de-cookies\/#breadcrumb","itemListElement":[{"@type":"ListItem","position":1,"name":"Home","item":"https:\/\/caravanlifetenerife.com\/"},{"@type":"ListItem","position":2,"name":"Pol\u00edtica de cookies"}]},{"@type":"WebSite","@id":"https:\/\/caravanlifetenerife.com\/#website","url":"https:\/\/caravanlifetenerife.com\/","name":"Caravanlife, location de caravanes \u00e0 Tenerife","description":"Nous offrons le service de location d'un camping-car sur l'\u00eele de T\u00e9n\u00e9rife.","publisher":{"@id":"https:\/\/caravanlifetenerife.com\/#\/schema\/person\/a771135ddfbd2b90754dacfb0600364c"},"alternateName":"Caravanlife, alquiler de furgoneta camper en Tenerife","potentialAction":[{"@type":"SearchAction","target":{"@type":"EntryPoint","urlTemplate":"https:\/\/caravanlifetenerife.com\/?s={search_term_string}"},"query-input":{"@type":"PropertyValueSpecification","valueRequired":true,"valueName":"search_term_string"}}],"inLanguage":"fr-FR"},{"@type":["Person","Organization"],"@id":"https:\/\/caravanlifetenerife.com\/#\/schema\/person\/a771135ddfbd2b90754dacfb0600364c","name":"Caravanlife","image":{"@type":"ImageObject","inLanguage":"fr-FR","@id":"https:\/\/caravanlifetenerife.com\/wp-content\/uploads\/2023\/08\/logo-caravanlife-tenerife-ok.png","url":"https:\/\/caravanlifetenerife.com\/wp-content\/uploads\/2023\/08\/logo-caravanlife-tenerife-ok.png","contentUrl":"https:\/\/caravanlifetenerife.com\/wp-content\/uploads\/2023\/08\/logo-caravanlife-tenerife-ok.png","width":160,"height":160,"caption":"Caravanlife"},"logo":{"@id":"https:\/\/caravanlifetenerife.com\/wp-content\/uploads\/2023\/08\/logo-caravanlife-tenerife-ok.png"},"sameAs":["http:\/\/caravanlifetenerife.com"]}]}},"_links":{"self":[{"href":"https:\/\/caravanlifetenerife.com\/fr\/wp-json\/wp\/v2\/pages\/196","targetHints":{"allow":["GET"]}}],"collection":[{"href":"https:\/\/caravanlifetenerife.com\/fr\/wp-json\/wp\/v2\/pages"}],"about":[{"href":"https:\/\/caravanlifetenerife.com\/fr\/wp-json\/wp\/v2\/types\/page"}],"author":[{"embeddable":true,"href":"https:\/\/caravanlifetenerife.com\/fr\/wp-json\/wp\/v2\/users\/1"}],"replies":[{"embeddable":true,"href":"https:\/\/caravanlifetenerife.com\/fr\/wp-json\/wp\/v2\/comments?post=196"}],"version-history":[{"count":4,"href":"https:\/\/caravanlifetenerife.com\/fr\/wp-json\/wp\/v2\/pages\/196\/revisions"}],"predecessor-version":[{"id":200,"href":"https:\/\/caravanlifetenerife.com\/fr\/wp-json\/wp\/v2\/pages\/196\/revisions\/200"}],"wp:attachment":[{"href":"https:\/\/caravanlifetenerife.com\/fr\/wp-json\/wp\/v2\/media?parent=196"}],"curies":[{"name":"wp","href":"https:\/\/api.w.org\/{rel}","templated":true}]}}