{"id":302,"date":"2023-09-02T10:27:55","date_gmt":"2023-09-02T08:27:55","guid":{"rendered":"https:\/\/caravanlifetenerife.com\/?page_id=302"},"modified":"2023-09-07T17:46:03","modified_gmt":"2023-09-07T15:46:03","slug":"rutas-para-descubrir-la-isla-de-tenerife-en-furgoneta-camperizada-de-alquiler","status":"publish","type":"page","link":"https:\/\/caravanlifetenerife.com\/fr\/itineraires-pour-decouvrir-lile-de-teneriffe-dans-un-camping-car-de-location\/","title":{"rendered":"Itin\u00e9raires pour d\u00e9couvrir l'\u00eele de T\u00e9n\u00e9rife en camping-car de location."},"content":{"rendered":"<div data-elementor-type=\"wp-page\" data-elementor-id=\"302\" class=\"elementor elementor-302\" data-elementor-post-type=\"page\">\n\t\t\t\t\t\t<section class=\"elementor-section elementor-top-section elementor-element elementor-element-b1c5eae elementor-section-boxed elementor-section-height-default elementor-section-height-default\" data-id=\"b1c5eae\" data-element_type=\"section\" data-e-type=\"section\">\n\t\t\t\t\t\t<div class=\"elementor-container elementor-column-gap-default\">\n\t\t\t\t\t<div class=\"elementor-column elementor-col-100 elementor-top-column elementor-element elementor-element-0313443\" data-id=\"0313443\" data-element_type=\"column\" data-e-type=\"column\">\n\t\t\t<div class=\"elementor-widget-wrap elementor-element-populated\">\n\t\t\t\t\t\t<div class=\"elementor-element elementor-element-cf8a8b0 elementor-grid-3 elementor-grid-tablet-2 elementor-grid-mobile-1 elementor-posts--thumbnail-top elementor-widget elementor-widget-posts\" data-id=\"cf8a8b0\" data-element_type=\"widget\" data-e-type=\"widget\" data-settings=\"{&quot;classic_columns&quot;:&quot;3&quot;,&quot;classic_columns_tablet&quot;:&quot;2&quot;,&quot;classic_columns_mobile&quot;:&quot;1&quot;,&quot;classic_row_gap&quot;:{&quot;unit&quot;:&quot;px&quot;,&quot;size&quot;:35,&quot;sizes&quot;:[]},&quot;classic_row_gap_tablet&quot;:{&quot;unit&quot;:&quot;px&quot;,&quot;size&quot;:&quot;&quot;,&quot;sizes&quot;:[]},&quot;classic_row_gap_mobile&quot;:{&quot;unit&quot;:&quot;px&quot;,&quot;size&quot;:&quot;&quot;,&quot;sizes&quot;:[]}}\" data-widget_type=\"posts.classic\">\n\t\t\t\t<div class=\"elementor-widget-container\">\n\t\t\t\t\t\t\t<div class=\"elementor-posts-container elementor-posts elementor-posts--skin-classic elementor-grid\">\n\t\t\t\t<article class=\"elementor-post elementor-grid-item post-296 post type-post status-publish format-standard has-post-thumbnail hentry category-guia-turistica-de-tenerife-para-viajar-en-furgoneta-camperizada\">\n\t\t\t\t<a class=\"elementor-post__thumbnail__link\" href=\"https:\/\/caravanlifetenerife.com\/fr\/decouvrir-la-cote-nord-ouest-de-tenerife-en-camping-car\/\" >\n\t\t\t<div class=\"elementor-post__thumbnail\"><img decoding=\"async\" width=\"300\" height=\"145\" src=\"https:\/\/caravanlifetenerife.com\/wp-content\/uploads\/2023\/09\/garachico-en-tenerife-en-caravana-300x145.jpg\" class=\"attachment-medium size-medium wp-image-297\" alt=\"garachico \u00e0 tenerife dans une caravane\" srcset=\"https:\/\/caravanlifetenerife.com\/wp-content\/uploads\/2023\/09\/garachico-en-tenerife-en-caravana-300x145.jpg 300w, https:\/\/caravanlifetenerife.com\/wp-content\/uploads\/2023\/09\/garachico-en-tenerife-en-caravana-600x290.jpg 600w, https:\/\/caravanlifetenerife.com\/wp-content\/uploads\/2023\/09\/garachico-en-tenerife-en-caravana-1024x495.jpg 1024w, https:\/\/caravanlifetenerife.com\/wp-content\/uploads\/2023\/09\/garachico-en-tenerife-en-caravana-768x372.jpg 768w, https:\/\/caravanlifetenerife.com\/wp-content\/uploads\/2023\/09\/garachico-en-tenerife-en-caravana.jpg 1240w\" sizes=\"(max-width: 300px) 100vw, 300px\" \/><\/div>\n\t\t<\/a>\n\t\t\t\t<div class=\"elementor-post__text\">\n\t\t\t\t<h3 class=\"elementor-post__title\">\n\t\t\t<a href=\"https:\/\/caravanlifetenerife.com\/fr\/decouvrir-la-cote-nord-ouest-de-tenerife-en-camping-car\/\" >\n\t\t\t\tD\u00e9couvrir la c\u00f4te nord-ouest de T\u00e9n\u00e9rife en camping-car\t\t\t<\/a>\n\t\t<\/h3>\n\t\t\t\t<div class=\"elementor-post__excerpt\">\n\t\t\t<p>L'un des itin\u00e9raires les plus fascinants \u00e0 faire en camping-car \u00e0 T\u00e9n\u00e9rife est celui qui longe la c\u00f4te nord-ouest. Cette r\u00e9gion se distingue par ses<\/p>\n\t\t<\/div>\n\t\t\n\t\t<a class=\"elementor-post__read-more\" href=\"https:\/\/caravanlifetenerife.com\/fr\/decouvrir-la-cote-nord-ouest-de-tenerife-en-camping-car\/\" aria-label=\"En savoir plus sur la d\u00e9couverte de la c\u00f4te nord-ouest de T\u00e9n\u00e9rife en camping-car\" >\n\t\t\tVoir plus \"\t\t<\/a>\n\n\t\t\t\t<\/div>\n\t\t\t\t<\/article>\n\t\t\t\t<article class=\"elementor-post elementor-grid-item post-287 post type-post status-publish format-standard has-post-thumbnail hentry category-guia-turistica-de-tenerife-para-viajar-en-furgoneta-camperizada\">\n\t\t\t\t<a class=\"elementor-post__thumbnail__link\" href=\"https:\/\/caravanlifetenerife.com\/fr\/anaga-et-son-secret-beaches-un-itineraire-magique-dans-un-camper-van\/\" >\n\t\t\t<div class=\"elementor-post__thumbnail\"><img decoding=\"async\" width=\"300\" height=\"145\" src=\"https:\/\/caravanlifetenerife.com\/wp-content\/uploads\/2023\/09\/anaga-y-playas-secretas-en-Tenerife-en-caravana-300x145.jpg\" class=\"attachment-medium size-medium wp-image-288\" alt=\"anaga et les plages secr\u00e8tes de Tenerife en caravane\" srcset=\"https:\/\/caravanlifetenerife.com\/wp-content\/uploads\/2023\/09\/anaga-y-playas-secretas-en-Tenerife-en-caravana-300x145.jpg 300w, https:\/\/caravanlifetenerife.com\/wp-content\/uploads\/2023\/09\/anaga-y-playas-secretas-en-Tenerife-en-caravana-600x290.jpg 600w, https:\/\/caravanlifetenerife.com\/wp-content\/uploads\/2023\/09\/anaga-y-playas-secretas-en-Tenerife-en-caravana-1024x495.jpg 1024w, https:\/\/caravanlifetenerife.com\/wp-content\/uploads\/2023\/09\/anaga-y-playas-secretas-en-Tenerife-en-caravana-768x372.jpg 768w, https:\/\/caravanlifetenerife.com\/wp-content\/uploads\/2023\/09\/anaga-y-playas-secretas-en-Tenerife-en-caravana.jpg 1240w\" sizes=\"(max-width: 300px) 100vw, 300px\" \/><\/div>\n\t\t<\/a>\n\t\t\t\t<div class=\"elementor-post__text\">\n\t\t\t\t<h3 class=\"elementor-post__title\">\n\t\t\t<a href=\"https:\/\/caravanlifetenerife.com\/fr\/anaga-et-son-secret-beaches-un-itineraire-magique-dans-un-camper-van\/\" >\n\t\t\t\tAnaga et ses plages secr\u00e8tes : un itin\u00e9raire magique en camping-car\t\t\t<\/a>\n\t\t<\/h3>\n\t\t\t\t<div class=\"elementor-post__excerpt\">\n\t\t\t<p>L'une des grandes attractions de T\u00e9n\u00e9rife pour les voyages en camping-car est sans aucun doute la r\u00e9serve de biosph\u00e8re d'Anaga. Situ\u00e9e \u00e0<\/p>\n\t\t<\/div>\n\t\t\n\t\t<a class=\"elementor-post__read-more\" href=\"https:\/\/caravanlifetenerife.com\/fr\/anaga-et-son-secret-beaches-un-itineraire-magique-dans-un-camper-van\/\" aria-label=\"En savoir plus sur Anaga et ses plages secr\u00e8tes : un itin\u00e9raire magique en camping-car\" >\n\t\t\tVoir plus \"\t\t<\/a>\n\n\t\t\t\t<\/div>\n\t\t\t\t<\/article>\n\t\t\t\t<article class=\"elementor-post elementor-grid-item post-281 post type-post status-publish format-standard has-post-thumbnail hentry category-guia-turistica-de-tenerife-para-viajar-en-furgoneta-camperizada\">\n\t\t\t\t<a class=\"elementor-post__thumbnail__link\" href=\"https:\/\/caravanlifetenerife.com\/fr\/decouvrir-le-nord-de-tenerife-piscines-naturelles-et-promenades-dans-la-nature\/\" >\n\t\t\t<div class=\"elementor-post__thumbnail\"><img decoding=\"async\" width=\"300\" height=\"145\" src=\"https:\/\/caravanlifetenerife.com\/wp-content\/uploads\/2023\/09\/puerto-de-la-cruz-tenerife-en-caravana-300x145.jpg\" class=\"attachment-medium size-medium wp-image-282\" alt=\"puerto-de-la-cruz,-tenerife,-en-caravana\" srcset=\"https:\/\/caravanlifetenerife.com\/wp-content\/uploads\/2023\/09\/puerto-de-la-cruz-tenerife-en-caravana-300x145.jpg 300w, https:\/\/caravanlifetenerife.com\/wp-content\/uploads\/2023\/09\/puerto-de-la-cruz-tenerife-en-caravana-600x290.jpg 600w, https:\/\/caravanlifetenerife.com\/wp-content\/uploads\/2023\/09\/puerto-de-la-cruz-tenerife-en-caravana-1024x495.jpg 1024w, https:\/\/caravanlifetenerife.com\/wp-content\/uploads\/2023\/09\/puerto-de-la-cruz-tenerife-en-caravana-768x372.jpg 768w, https:\/\/caravanlifetenerife.com\/wp-content\/uploads\/2023\/09\/puerto-de-la-cruz-tenerife-en-caravana.jpg 1240w\" sizes=\"(max-width: 300px) 100vw, 300px\" \/><\/div>\n\t\t<\/a>\n\t\t\t\t<div class=\"elementor-post__text\">\n\t\t\t\t<h3 class=\"elementor-post__title\">\n\t\t\t<a href=\"https:\/\/caravanlifetenerife.com\/fr\/decouvrir-le-nord-de-tenerife-piscines-naturelles-et-promenades-dans-la-nature\/\" >\n\t\t\t\tD\u00e9couvrez le nord de Tenerife : promenades et piscines naturelles\t\t\t<\/a>\n\t\t<\/h3>\n\t\t\t\t<div class=\"elementor-post__excerpt\">\n\t\t\t<p>Si vous faites le tour de l'\u00eele de T\u00e9n\u00e9rife en camping-car, vous ne pouvez pas manquer la fascinante zone nord. Cette r\u00e9gion se distingue par ses<\/p>\n\t\t<\/div>\n\t\t\n\t\t<a class=\"elementor-post__read-more\" href=\"https:\/\/caravanlifetenerife.com\/fr\/decouvrir-le-nord-de-tenerife-piscines-naturelles-et-promenades-dans-la-nature\/\" aria-label=\"Lire la suite de D\u00e9couvrez le nord de Tenerife : promenades et piscines naturelles\" >\n\t\t\tVoir plus \"\t\t<\/a>\n\n\t\t\t\t<\/div>\n\t\t\t\t<\/article>\n\t\t\t\t<article class=\"elementor-post elementor-grid-item post-271 post type-post status-publish format-standard has-post-thumbnail hentry category-guia-turistica-de-tenerife-para-viajar-en-furgoneta-camperizada\">\n\t\t\t\t<a class=\"elementor-post__thumbnail__link\" href=\"https:\/\/caravanlifetenerife.com\/fr\/explorer-le-parc-national-de-teide-en-voyant-votre-camper-van\/\" >\n\t\t\t<div class=\"elementor-post__thumbnail\"><img loading=\"lazy\" decoding=\"async\" width=\"300\" height=\"145\" src=\"https:\/\/caravanlifetenerife.com\/wp-content\/uploads\/2023\/09\/parque-nacional-del-teide-en-caravana-300x145.jpg\" class=\"attachment-medium size-medium wp-image-273\" alt=\"Parc national du Teide en caravane\" srcset=\"https:\/\/caravanlifetenerife.com\/wp-content\/uploads\/2023\/09\/parque-nacional-del-teide-en-caravana-300x145.jpg 300w, https:\/\/caravanlifetenerife.com\/wp-content\/uploads\/2023\/09\/parque-nacional-del-teide-en-caravana-600x290.jpg 600w, https:\/\/caravanlifetenerife.com\/wp-content\/uploads\/2023\/09\/parque-nacional-del-teide-en-caravana-1024x495.jpg 1024w, https:\/\/caravanlifetenerife.com\/wp-content\/uploads\/2023\/09\/parque-nacional-del-teide-en-caravana-768x372.jpg 768w, https:\/\/caravanlifetenerife.com\/wp-content\/uploads\/2023\/09\/parque-nacional-del-teide-en-caravana.jpg 1240w\" sizes=\"(max-width: 300px) 100vw, 300px\" \/><\/div>\n\t\t<\/a>\n\t\t\t\t<div class=\"elementor-post__text\">\n\t\t\t\t<h3 class=\"elementor-post__title\">\n\t\t\t<a href=\"https:\/\/caravanlifetenerife.com\/fr\/explorer-le-parc-national-de-teide-en-voyant-votre-camper-van\/\" >\n\t\t\t\tExplorez le parc national du Teide en profondeur dans votre camping-car\t\t\t<\/a>\n\t\t<\/h3>\n\t\t\t\t<div class=\"elementor-post__excerpt\">\n\t\t\t<p>Le parc national du Teide est un environnement naturel que vous ne pouvez pas manquer si vous visitez T\u00e9n\u00e9rife en camping-car. La visite de ses divers environnements volcaniques et de ses<\/p>\n\t\t<\/div>\n\t\t\n\t\t<a class=\"elementor-post__read-more\" href=\"https:\/\/caravanlifetenerife.com\/fr\/explorer-le-parc-national-de-teide-en-voyant-votre-camper-van\/\" aria-label=\"En savoir plus sur l&#039;exploration approfondie du parc national du Teide en camping-car\" >\n\t\t\tVoir plus \"\t\t<\/a>\n\n\t\t\t\t<\/div>\n\t\t\t\t<\/article>\n\t\t\t\t<article class=\"elementor-post elementor-grid-item post-123 post type-post status-publish format-standard has-post-thumbnail hentry category-guia-turistica-de-tenerife-para-viajar-en-furgoneta-camperizada\">\n\t\t\t\t<a class=\"elementor-post__thumbnail__link\" href=\"https:\/\/caravanlifetenerife.com\/fr\/costa-sur-de-tenerife-beaches-ensoleillees-et-sports-deau\/\" >\n\t\t\t<div class=\"elementor-post__thumbnail\"><img loading=\"lazy\" decoding=\"async\" width=\"300\" height=\"145\" src=\"https:\/\/caravanlifetenerife.com\/wp-content\/uploads\/2023\/08\/playa-de-los-cristianos-tenerife-300x145.jpg\" class=\"attachment-medium size-medium wp-image-234\" alt=\"playa-de-los-cristianos-tenerife-louer une caravane \u00e0 Tenerife\" srcset=\"https:\/\/caravanlifetenerife.com\/wp-content\/uploads\/2023\/08\/playa-de-los-cristianos-tenerife-300x145.jpg 300w, https:\/\/caravanlifetenerife.com\/wp-content\/uploads\/2023\/08\/playa-de-los-cristianos-tenerife-600x290.jpg 600w, https:\/\/caravanlifetenerife.com\/wp-content\/uploads\/2023\/08\/playa-de-los-cristianos-tenerife-1024x495.jpg 1024w, https:\/\/caravanlifetenerife.com\/wp-content\/uploads\/2023\/08\/playa-de-los-cristianos-tenerife-768x372.jpg 768w, https:\/\/caravanlifetenerife.com\/wp-content\/uploads\/2023\/08\/playa-de-los-cristianos-tenerife.jpg 1240w\" sizes=\"(max-width: 300px) 100vw, 300px\" \/><\/div>\n\t\t<\/a>\n\t\t\t\t<div class=\"elementor-post__text\">\n\t\t\t\t<h3 class=\"elementor-post__title\">\n\t\t\t<a href=\"https:\/\/caravanlifetenerife.com\/fr\/costa-sur-de-tenerife-beaches-ensoleillees-et-sports-deau\/\" >\n\t\t\t\tC\u00f4te sud de T\u00e9n\u00e9rife : soleil, plages et sports nautiques\t\t\t<\/a>\n\t\t<\/h3>\n\t\t\t\t<div class=\"elementor-post__excerpt\">\n\t\t\t<p>La c\u00f4te sud de T\u00e9n\u00e9rife est une r\u00e9gion \u00e0 ne pas manquer si vous voyagez en camping-car sur l'\u00eele. Soleil radieux, plages de<\/p>\n\t\t<\/div>\n\t\t\n\t\t<a class=\"elementor-post__read-more\" href=\"https:\/\/caravanlifetenerife.com\/fr\/costa-sur-de-tenerife-beaches-ensoleillees-et-sports-deau\/\" aria-label=\"Lire la suite de C\u00f4te sud de T\u00e9n\u00e9rife : soleil, plages et sports nautiques\" >\n\t\t\tVoir plus \"\t\t<\/a>\n\n\t\t\t\t<\/div>\n\t\t\t\t<\/article>\n\t\t\t\t<\/div>\n\t\t\n\t\t\t\t\t\t<\/div>\n\t\t\t\t<\/div>\n\t\t\t\t\t<\/div>\n\t\t<\/div>\n\t\t\t\t\t<\/div>\n\t\t<\/section>\n\t\t\t\t<\/div>","protected":false},"excerpt":{"rendered":"","protected":false},"author":1,"featured_media":0,"parent":0,"menu_order":0,"comment_status":"closed","ping_status":"closed","template":"","meta":{"footnotes":""},"class_list":["post-302","page","type-page","status-publish","hentry"],"yoast_head":"<!-- This site is optimized with the Yoast SEO plugin v27.5 - https:\/\/yoast.com\/product\/yoast-seo-wordpress\/ -->\n<title>Rutas para descubrir la isla de Tenerife en caravana de alquiler<\/title>\n<meta name=\"robots\" content=\"index, follow, max-snippet:-1, max-image-preview:large, max-video-preview:-1\" \/>\n<link rel=\"canonical\" href=\"https:\/\/caravanlifetenerife.com\/fr\/itineraires-pour-decouvrir-lile-de-teneriffe-dans-un-camping-car-de-location\/\" \/>\n<meta property=\"og:locale\" content=\"fr_FR\" \/>\n<meta property=\"og:type\" content=\"article\" \/>\n<meta property=\"og:title\" content=\"Rutas para descubrir la isla de Tenerife en caravana de alquiler\" \/>\n<meta property=\"og:url\" content=\"https:\/\/caravanlifetenerife.com\/fr\/itineraires-pour-decouvrir-lile-de-teneriffe-dans-un-camping-car-de-location\/\" \/>\n<meta property=\"og:site_name\" content=\"Caravanlife, rental caravan in Tenerife\" \/>\n<meta property=\"article:modified_time\" content=\"2023-09-07T15:46:03+00:00\" \/>\n<meta name=\"twitter:card\" content=\"summary_large_image\" \/>\n<meta name=\"twitter:label1\" content=\"Dur\u00e9e de lecture estim\u00e9e\" \/>\n\t<meta name=\"twitter:data1\" content=\"4 minutes\" \/>\n<script type=\"application\/ld+json\" class=\"yoast-schema-graph\">{\"@context\":\"https:\\\/\\\/schema.org\",\"@graph\":[{\"@type\":\"WebPage\",\"@id\":\"https:\\\/\\\/caravanlifetenerife.com\\\/rutas-para-descubrir-la-isla-de-tenerife-en-furgoneta-camperizada-de-alquiler\\\/\",\"url\":\"https:\\\/\\\/caravanlifetenerife.com\\\/rutas-para-descubrir-la-isla-de-tenerife-en-furgoneta-camperizada-de-alquiler\\\/\",\"name\":\"Rutas para descubrir la isla de Tenerife en caravana de alquiler\",\"isPartOf\":{\"@id\":\"https:\\\/\\\/caravanlifetenerife.com\\\/#website\"},\"datePublished\":\"2023-09-02T08:27:55+00:00\",\"dateModified\":\"2023-09-07T15:46:03+00:00\",\"breadcrumb\":{\"@id\":\"https:\\\/\\\/caravanlifetenerife.com\\\/rutas-para-descubrir-la-isla-de-tenerife-en-furgoneta-camperizada-de-alquiler\\\/#breadcrumb\"},\"inLanguage\":\"fr-FR\",\"potentialAction\":[{\"@type\":\"ReadAction\",\"target\":[\"https:\\\/\\\/caravanlifetenerife.com\\\/rutas-para-descubrir-la-isla-de-tenerife-en-furgoneta-camperizada-de-alquiler\\\/\"]}]},{\"@type\":\"BreadcrumbList\",\"@id\":\"https:\\\/\\\/caravanlifetenerife.com\\\/rutas-para-descubrir-la-isla-de-tenerife-en-furgoneta-camperizada-de-alquiler\\\/#breadcrumb\",\"itemListElement\":[{\"@type\":\"ListItem\",\"position\":1,\"name\":\"Home\",\"item\":\"https:\\\/\\\/caravanlifetenerife.com\\\/\"},{\"@type\":\"ListItem\",\"position\":2,\"name\":\"Rutas para descubrir la isla de Tenerife en furgoneta camperizada de alquiler\"}]},{\"@type\":\"WebSite\",\"@id\":\"https:\\\/\\\/caravanlifetenerife.com\\\/#website\",\"url\":\"https:\\\/\\\/caravanlifetenerife.com\\\/\",\"name\":\"Caravanlife, rental caravan in Tenerife\",\"description\":\"Ofrecemos el servicio de alquiler de una furgoneta camper en la isla de Tenerife\",\"publisher\":{\"@id\":\"https:\\\/\\\/caravanlifetenerife.com\\\/#\\\/schema\\\/person\\\/a771135ddfbd2b90754dacfb0600364c\"},\"alternateName\":\"Caravanlife, alquiler de furgoneta camper en Tenerife\",\"potentialAction\":[{\"@type\":\"SearchAction\",\"target\":{\"@type\":\"EntryPoint\",\"urlTemplate\":\"https:\\\/\\\/caravanlifetenerife.com\\\/?s={search_term_string}\"},\"query-input\":{\"@type\":\"PropertyValueSpecification\",\"valueRequired\":true,\"valueName\":\"search_term_string\"}}],\"inLanguage\":\"fr-FR\"},{\"@type\":[\"Person\",\"Organization\"],\"@id\":\"https:\\\/\\\/caravanlifetenerife.com\\\/#\\\/schema\\\/person\\\/a771135ddfbd2b90754dacfb0600364c\",\"name\":\"Caravanlife\",\"image\":{\"@type\":\"ImageObject\",\"inLanguage\":\"fr-FR\",\"@id\":\"https:\\\/\\\/caravanlifetenerife.com\\\/wp-content\\\/uploads\\\/2023\\\/08\\\/logo-caravanlife-tenerife-ok.png\",\"url\":\"https:\\\/\\\/caravanlifetenerife.com\\\/wp-content\\\/uploads\\\/2023\\\/08\\\/logo-caravanlife-tenerife-ok.png\",\"contentUrl\":\"https:\\\/\\\/caravanlifetenerife.com\\\/wp-content\\\/uploads\\\/2023\\\/08\\\/logo-caravanlife-tenerife-ok.png\",\"width\":160,\"height\":160,\"caption\":\"Caravanlife\"},\"logo\":{\"@id\":\"https:\\\/\\\/caravanlifetenerife.com\\\/wp-content\\\/uploads\\\/2023\\\/08\\\/logo-caravanlife-tenerife-ok.png\"},\"sameAs\":[\"http:\\\/\\\/caravanlifetenerife.com\"]}]}<\/script>\n<!-- \/ Yoast SEO plugin. -->","yoast_head_json":{"title":"Itin\u00e9raires pour d\u00e9couvrir l'\u00eele de T\u00e9n\u00e9rife dans une caravane de location","robots":{"index":"index","follow":"follow","max-snippet":"max-snippet:-1","max-image-preview":"max-image-preview:large","max-video-preview":"max-video-preview:-1"},"canonical":"https:\/\/caravanlifetenerife.com\/fr\/itineraires-pour-decouvrir-lile-de-teneriffe-dans-un-camping-car-de-location\/","og_locale":"fr_FR","og_type":"article","og_title":"Rutas para descubrir la isla de Tenerife en caravana de alquiler","og_url":"https:\/\/caravanlifetenerife.com\/fr\/itineraires-pour-decouvrir-lile-de-teneriffe-dans-un-camping-car-de-location\/","og_site_name":"Caravanlife, rental caravan in Tenerife","article_modified_time":"2023-09-07T15:46:03+00:00","twitter_card":"summary_large_image","twitter_misc":{"Dur\u00e9e de lecture estim\u00e9e":"4 minutes"},"schema":{"@context":"https:\/\/schema.org","@graph":[{"@type":"WebPage","@id":"https:\/\/caravanlifetenerife.com\/rutas-para-descubrir-la-isla-de-tenerife-en-furgoneta-camperizada-de-alquiler\/","url":"https:\/\/caravanlifetenerife.com\/rutas-para-descubrir-la-isla-de-tenerife-en-furgoneta-camperizada-de-alquiler\/","name":"Itin\u00e9raires pour d\u00e9couvrir l'\u00eele de T\u00e9n\u00e9rife dans une caravane de location","isPartOf":{"@id":"https:\/\/caravanlifetenerife.com\/#website"},"datePublished":"2023-09-02T08:27:55+00:00","dateModified":"2023-09-07T15:46:03+00:00","breadcrumb":{"@id":"https:\/\/caravanlifetenerife.com\/rutas-para-descubrir-la-isla-de-tenerife-en-furgoneta-camperizada-de-alquiler\/#breadcrumb"},"inLanguage":"fr-FR","potentialAction":[{"@type":"ReadAction","target":["https:\/\/caravanlifetenerife.com\/rutas-para-descubrir-la-isla-de-tenerife-en-furgoneta-camperizada-de-alquiler\/"]}]},{"@type":"BreadcrumbList","@id":"https:\/\/caravanlifetenerife.com\/rutas-para-descubrir-la-isla-de-tenerife-en-furgoneta-camperizada-de-alquiler\/#breadcrumb","itemListElement":[{"@type":"ListItem","position":1,"name":"Home","item":"https:\/\/caravanlifetenerife.com\/"},{"@type":"ListItem","position":2,"name":"Rutas para descubrir la isla de Tenerife en furgoneta camperizada de alquiler"}]},{"@type":"WebSite","@id":"https:\/\/caravanlifetenerife.com\/#website","url":"https:\/\/caravanlifetenerife.com\/","name":"Caravanlife, location de caravanes \u00e0 Tenerife","description":"Nous offrons le service de location d'un camping-car sur l'\u00eele de T\u00e9n\u00e9rife.","publisher":{"@id":"https:\/\/caravanlifetenerife.com\/#\/schema\/person\/a771135ddfbd2b90754dacfb0600364c"},"alternateName":"Caravanlife, alquiler de furgoneta camper en Tenerife","potentialAction":[{"@type":"SearchAction","target":{"@type":"EntryPoint","urlTemplate":"https:\/\/caravanlifetenerife.com\/?s={search_term_string}"},"query-input":{"@type":"PropertyValueSpecification","valueRequired":true,"valueName":"search_term_string"}}],"inLanguage":"fr-FR"},{"@type":["Person","Organization"],"@id":"https:\/\/caravanlifetenerife.com\/#\/schema\/person\/a771135ddfbd2b90754dacfb0600364c","name":"Caravanlife","image":{"@type":"ImageObject","inLanguage":"fr-FR","@id":"https:\/\/caravanlifetenerife.com\/wp-content\/uploads\/2023\/08\/logo-caravanlife-tenerife-ok.png","url":"https:\/\/caravanlifetenerife.com\/wp-content\/uploads\/2023\/08\/logo-caravanlife-tenerife-ok.png","contentUrl":"https:\/\/caravanlifetenerife.com\/wp-content\/uploads\/2023\/08\/logo-caravanlife-tenerife-ok.png","width":160,"height":160,"caption":"Caravanlife"},"logo":{"@id":"https:\/\/caravanlifetenerife.com\/wp-content\/uploads\/2023\/08\/logo-caravanlife-tenerife-ok.png"},"sameAs":["http:\/\/caravanlifetenerife.com"]}]}},"_links":{"self":[{"href":"https:\/\/caravanlifetenerife.com\/fr\/wp-json\/wp\/v2\/pages\/302","targetHints":{"allow":["GET"]}}],"collection":[{"href":"https:\/\/caravanlifetenerife.com\/fr\/wp-json\/wp\/v2\/pages"}],"about":[{"href":"https:\/\/caravanlifetenerife.com\/fr\/wp-json\/wp\/v2\/types\/page"}],"author":[{"embeddable":true,"href":"https:\/\/caravanlifetenerife.com\/fr\/wp-json\/wp\/v2\/users\/1"}],"replies":[{"embeddable":true,"href":"https:\/\/caravanlifetenerife.com\/fr\/wp-json\/wp\/v2\/comments?post=302"}],"version-history":[{"count":14,"href":"https:\/\/caravanlifetenerife.com\/fr\/wp-json\/wp\/v2\/pages\/302\/revisions"}],"predecessor-version":[{"id":707,"href":"https:\/\/caravanlifetenerife.com\/fr\/wp-json\/wp\/v2\/pages\/302\/revisions\/707"}],"wp:attachment":[{"href":"https:\/\/caravanlifetenerife.com\/fr\/wp-json\/wp\/v2\/media?parent=302"}],"curies":[{"name":"wp","href":"https:\/\/api.w.org\/{rel}","templated":true}]}}