{"id":57,"date":"2023-08-31T09:19:08","date_gmt":"2023-08-31T07:19:08","guid":{"rendered":"http:\/\/caravanlifetenerife.com\/?page_id=57"},"modified":"2023-09-04T16:25:46","modified_gmt":"2023-09-04T14:25:46","slug":"camper","status":"publish","type":"page","link":"https:\/\/caravanlifetenerife.com\/fr\/campeur\/","title":{"rendered":"Campeur"},"content":{"rendered":"<div data-elementor-type=\"wp-page\" data-elementor-id=\"57\" class=\"elementor elementor-57\" data-elementor-post-type=\"page\">\n\t\t\t\t\t\t<section class=\"elementor-section elementor-top-section elementor-element elementor-element-12faee6 elementor-section-boxed elementor-section-height-default elementor-section-height-default\" data-id=\"12faee6\" data-element_type=\"section\" data-e-type=\"section\">\n\t\t\t\t\t\t<div class=\"elementor-container elementor-column-gap-default\">\n\t\t\t\t\t<div class=\"elementor-column elementor-col-100 elementor-top-column elementor-element elementor-element-5831061\" data-id=\"5831061\" data-element_type=\"column\" data-e-type=\"column\">\n\t\t\t<div class=\"elementor-widget-wrap elementor-element-populated\">\n\t\t\t\t\t\t<div class=\"elementor-element elementor-element-f06fa83 elementor-widget elementor-widget-text-editor\" data-id=\"f06fa83\" data-element_type=\"widget\" data-e-type=\"widget\" data-widget_type=\"text-editor.default\">\n\t\t\t\t<div class=\"elementor-widget-container\">\n\t\t\t\t\t\t\t\t\t<p>Notre camping-car est le Fiat\/Ducato Mc Louis Menfys 3 Maxi.<\/p>\t\t\t\t\t\t\t\t<\/div>\n\t\t\t\t<\/div>\n\t\t\t\t<div class=\"elementor-element elementor-element-8090aae elementor-widget elementor-widget-gallery\" data-id=\"8090aae\" data-element_type=\"widget\" data-e-type=\"widget\" data-settings=\"{&quot;gallery_layout&quot;:&quot;justified&quot;,&quot;ideal_row_height&quot;:{&quot;unit&quot;:&quot;px&quot;,&quot;size&quot;:303,&quot;sizes&quot;:[]},&quot;gap&quot;:{&quot;unit&quot;:&quot;px&quot;,&quot;size&quot;:11,&quot;sizes&quot;:[]},&quot;lazyload&quot;:&quot;yes&quot;,&quot;ideal_row_height_tablet&quot;:{&quot;unit&quot;:&quot;px&quot;,&quot;size&quot;:150,&quot;sizes&quot;:[]},&quot;ideal_row_height_mobile&quot;:{&quot;unit&quot;:&quot;px&quot;,&quot;size&quot;:150,&quot;sizes&quot;:[]},&quot;gap_tablet&quot;:{&quot;unit&quot;:&quot;px&quot;,&quot;size&quot;:10,&quot;sizes&quot;:[]},&quot;gap_mobile&quot;:{&quot;unit&quot;:&quot;px&quot;,&quot;size&quot;:10,&quot;sizes&quot;:[]},&quot;link_to&quot;:&quot;file&quot;,&quot;overlay_background&quot;:&quot;yes&quot;,&quot;content_hover_animation&quot;:&quot;fade-in&quot;}\" data-widget_type=\"gallery.default\">\n\t\t\t\t<div class=\"elementor-widget-container\">\n\t\t\t\t\t\t\t<div class=\"elementor-gallery__container\">\n\t\t\t\t\t\t\t<a class=\"e-gallery-item elementor-gallery-item elementor-animated-content\" href=\"https:\/\/caravanlifetenerife.com\/wp-content\/uploads\/2023\/08\/caravanlife1.jpg\" data-elementor-open-lightbox=\"yes\" data-elementor-lightbox-slideshow=\"8090aae\" data-elementor-lightbox-title=\"caravanlife1\" data-e-action-hash=\"#elementor-action%3Aaction%3Dlightbox%26settings%3DeyJpZCI6OTcsInVybCI6Imh0dHBzOlwvXC9jYXJhdmFubGlmZXRlbmVyaWZlLmNvbVwvd3AtY29udGVudFwvdXBsb2Fkc1wvMjAyM1wvMDhcL2NhcmF2YW5saWZlMS5qcGciLCJzbGlkZXNob3ciOiI4MDkwYWFlIn0%3D\">\n\t\t\t\t\t<div class=\"e-gallery-image elementor-gallery-item__image\" data-thumbnail=\"https:\/\/caravanlifetenerife.com\/wp-content\/uploads\/2023\/08\/caravanlife1-300x300.jpg\" data-width=\"300\" data-height=\"300\" aria-label=\"\" role=\"img\" ><\/div>\n\t\t\t\t\t\t\t\t\t\t\t<div class=\"elementor-gallery-item__overlay\"><\/div>\n\t\t\t\t\t\t\t\t\t\t\t\t\t\t<\/a>\n\t\t\t\t\t\t\t<a class=\"e-gallery-item elementor-gallery-item elementor-animated-content\" href=\"https:\/\/caravanlifetenerife.com\/wp-content\/uploads\/2023\/08\/caravanlife2.jpg\" data-elementor-open-lightbox=\"yes\" data-elementor-lightbox-slideshow=\"8090aae\" data-elementor-lightbox-title=\"caravanlife2\" data-e-action-hash=\"#elementor-action%3Aaction%3Dlightbox%26settings%3DeyJpZCI6OTgsInVybCI6Imh0dHBzOlwvXC9jYXJhdmFubGlmZXRlbmVyaWZlLmNvbVwvd3AtY29udGVudFwvdXBsb2Fkc1wvMjAyM1wvMDhcL2NhcmF2YW5saWZlMi5qcGciLCJzbGlkZXNob3ciOiI4MDkwYWFlIn0%3D\">\n\t\t\t\t\t<div class=\"e-gallery-image elementor-gallery-item__image\" data-thumbnail=\"https:\/\/caravanlifetenerife.com\/wp-content\/uploads\/2023\/08\/caravanlife2-300x300.jpg\" data-width=\"300\" data-height=\"300\" aria-label=\"\" role=\"img\" ><\/div>\n\t\t\t\t\t\t\t\t\t\t\t<div class=\"elementor-gallery-item__overlay\"><\/div>\n\t\t\t\t\t\t\t\t\t\t\t\t\t\t<\/a>\n\t\t\t\t\t\t\t<a class=\"e-gallery-item elementor-gallery-item elementor-animated-content\" href=\"https:\/\/caravanlifetenerife.com\/wp-content\/uploads\/2023\/08\/caravanlife3.jpg\" data-elementor-open-lightbox=\"yes\" data-elementor-lightbox-slideshow=\"8090aae\" data-elementor-lightbox-title=\"caravanlife3\" data-e-action-hash=\"#elementor-action%3Aaction%3Dlightbox%26settings%3DeyJpZCI6OTksInVybCI6Imh0dHBzOlwvXC9jYXJhdmFubGlmZXRlbmVyaWZlLmNvbVwvd3AtY29udGVudFwvdXBsb2Fkc1wvMjAyM1wvMDhcL2NhcmF2YW5saWZlMy5qcGciLCJzbGlkZXNob3ciOiI4MDkwYWFlIn0%3D\">\n\t\t\t\t\t<div class=\"e-gallery-image elementor-gallery-item__image\" data-thumbnail=\"https:\/\/caravanlifetenerife.com\/wp-content\/uploads\/2023\/08\/caravanlife3-300x300.jpg\" data-width=\"300\" data-height=\"300\" aria-label=\"\" role=\"img\" ><\/div>\n\t\t\t\t\t\t\t\t\t\t\t<div class=\"elementor-gallery-item__overlay\"><\/div>\n\t\t\t\t\t\t\t\t\t\t\t\t\t\t<\/a>\n\t\t\t\t\t\t\t<a class=\"e-gallery-item elementor-gallery-item elementor-animated-content\" href=\"https:\/\/caravanlifetenerife.com\/wp-content\/uploads\/2023\/08\/caravanlife8.jpg\" data-elementor-open-lightbox=\"yes\" data-elementor-lightbox-slideshow=\"8090aae\" data-elementor-lightbox-title=\"caravanlife8\" data-e-action-hash=\"#elementor-action%3Aaction%3Dlightbox%26settings%3DeyJpZCI6MTA0LCJ1cmwiOiJodHRwczpcL1wvY2FyYXZhbmxpZmV0ZW5lcmlmZS5jb21cL3dwLWNvbnRlbnRcL3VwbG9hZHNcLzIwMjNcLzA4XC9jYXJhdmFubGlmZTguanBnIiwic2xpZGVzaG93IjoiODA5MGFhZSJ9\">\n\t\t\t\t\t<div class=\"e-gallery-image elementor-gallery-item__image\" data-thumbnail=\"https:\/\/caravanlifetenerife.com\/wp-content\/uploads\/2023\/08\/caravanlife8-300x300.jpg\" data-width=\"300\" data-height=\"300\" aria-label=\"\" role=\"img\" ><\/div>\n\t\t\t\t\t\t\t\t\t\t\t<div class=\"elementor-gallery-item__overlay\"><\/div>\n\t\t\t\t\t\t\t\t\t\t\t\t\t\t<\/a>\n\t\t\t\t\t\t\t<a class=\"e-gallery-item elementor-gallery-item elementor-animated-content\" href=\"https:\/\/caravanlifetenerife.com\/wp-content\/uploads\/2023\/08\/caravanlife7.jpg\" data-elementor-open-lightbox=\"yes\" data-elementor-lightbox-slideshow=\"8090aae\" data-elementor-lightbox-title=\"caravanlife7\" data-e-action-hash=\"#elementor-action%3Aaction%3Dlightbox%26settings%3DeyJpZCI6MTAzLCJ1cmwiOiJodHRwczpcL1wvY2FyYXZhbmxpZmV0ZW5lcmlmZS5jb21cL3dwLWNvbnRlbnRcL3VwbG9hZHNcLzIwMjNcLzA4XC9jYXJhdmFubGlmZTcuanBnIiwic2xpZGVzaG93IjoiODA5MGFhZSJ9\">\n\t\t\t\t\t<div class=\"e-gallery-image elementor-gallery-item__image\" data-thumbnail=\"https:\/\/caravanlifetenerife.com\/wp-content\/uploads\/2023\/08\/caravanlife7-300x300.jpg\" data-width=\"300\" data-height=\"300\" aria-label=\"\" role=\"img\" ><\/div>\n\t\t\t\t\t\t\t\t\t\t\t<div class=\"elementor-gallery-item__overlay\"><\/div>\n\t\t\t\t\t\t\t\t\t\t\t\t\t\t<\/a>\n\t\t\t\t\t\t\t<a class=\"e-gallery-item elementor-gallery-item elementor-animated-content\" href=\"https:\/\/caravanlifetenerife.com\/wp-content\/uploads\/2023\/08\/caravanlife6.jpg\" data-elementor-open-lightbox=\"yes\" data-elementor-lightbox-slideshow=\"8090aae\" data-elementor-lightbox-title=\"caravanlife6\" data-e-action-hash=\"#elementor-action%3Aaction%3Dlightbox%26settings%3DeyJpZCI6MTAyLCJ1cmwiOiJodHRwczpcL1wvY2FyYXZhbmxpZmV0ZW5lcmlmZS5jb21cL3dwLWNvbnRlbnRcL3VwbG9hZHNcLzIwMjNcLzA4XC9jYXJhdmFubGlmZTYuanBnIiwic2xpZGVzaG93IjoiODA5MGFhZSJ9\">\n\t\t\t\t\t<div class=\"e-gallery-image elementor-gallery-item__image\" data-thumbnail=\"https:\/\/caravanlifetenerife.com\/wp-content\/uploads\/2023\/08\/caravanlife6-300x300.jpg\" data-width=\"300\" data-height=\"300\" aria-label=\"\" role=\"img\" ><\/div>\n\t\t\t\t\t\t\t\t\t\t\t<div class=\"elementor-gallery-item__overlay\"><\/div>\n\t\t\t\t\t\t\t\t\t\t\t\t\t\t<\/a>\n\t\t\t\t\t\t\t<a class=\"e-gallery-item elementor-gallery-item elementor-animated-content\" href=\"https:\/\/caravanlifetenerife.com\/wp-content\/uploads\/2023\/08\/caravanlife5.jpg\" data-elementor-open-lightbox=\"yes\" data-elementor-lightbox-slideshow=\"8090aae\" data-elementor-lightbox-title=\"caravanlife5\" data-e-action-hash=\"#elementor-action%3Aaction%3Dlightbox%26settings%3DeyJpZCI6MTAxLCJ1cmwiOiJodHRwczpcL1wvY2FyYXZhbmxpZmV0ZW5lcmlmZS5jb21cL3dwLWNvbnRlbnRcL3VwbG9hZHNcLzIwMjNcLzA4XC9jYXJhdmFubGlmZTUuanBnIiwic2xpZGVzaG93IjoiODA5MGFhZSJ9\">\n\t\t\t\t\t<div class=\"e-gallery-image elementor-gallery-item__image\" data-thumbnail=\"https:\/\/caravanlifetenerife.com\/wp-content\/uploads\/2023\/08\/caravanlife5-300x300.jpg\" data-width=\"300\" data-height=\"300\" aria-label=\"\" role=\"img\" ><\/div>\n\t\t\t\t\t\t\t\t\t\t\t<div class=\"elementor-gallery-item__overlay\"><\/div>\n\t\t\t\t\t\t\t\t\t\t\t\t\t\t<\/a>\n\t\t\t\t\t\t\t<a class=\"e-gallery-item elementor-gallery-item elementor-animated-content\" href=\"https:\/\/caravanlifetenerife.com\/wp-content\/uploads\/2023\/08\/caravanlife4.jpg\" data-elementor-open-lightbox=\"yes\" data-elementor-lightbox-slideshow=\"8090aae\" data-elementor-lightbox-title=\"caravanlife4\" data-e-action-hash=\"#elementor-action%3Aaction%3Dlightbox%26settings%3DeyJpZCI6MTAwLCJ1cmwiOiJodHRwczpcL1wvY2FyYXZhbmxpZmV0ZW5lcmlmZS5jb21cL3dwLWNvbnRlbnRcL3VwbG9hZHNcLzIwMjNcLzA4XC9jYXJhdmFubGlmZTQuanBnIiwic2xpZGVzaG93IjoiODA5MGFhZSJ9\">\n\t\t\t\t\t<div class=\"e-gallery-image elementor-gallery-item__image\" data-thumbnail=\"https:\/\/caravanlifetenerife.com\/wp-content\/uploads\/2023\/08\/caravanlife4-300x300.jpg\" data-width=\"300\" data-height=\"300\" aria-label=\"\" role=\"img\" ><\/div>\n\t\t\t\t\t\t\t\t\t\t\t<div class=\"elementor-gallery-item__overlay\"><\/div>\n\t\t\t\t\t\t\t\t\t\t\t\t\t\t<\/a>\n\t\t\t\t\t<\/div>\n\t\t\t\t\t<\/div>\n\t\t\t\t<\/div>\n\t\t\t\t<div class=\"elementor-element elementor-element-392f4ed elementor-widget elementor-widget-spacer\" data-id=\"392f4ed\" data-element_type=\"widget\" data-e-type=\"widget\" data-widget_type=\"spacer.default\">\n\t\t\t\t<div class=\"elementor-widget-container\">\n\t\t\t\t\t\t\t<div class=\"elementor-spacer\">\n\t\t\t<div class=\"elementor-spacer-inner\"><\/div>\n\t\t<\/div>\n\t\t\t\t\t\t<\/div>\n\t\t\t\t<\/div>\n\t\t\t\t\t<\/div>\n\t\t<\/div>\n\t\t\t\t\t<\/div>\n\t\t<\/section>\n\t\t\t\t<\/div>","protected":false},"excerpt":{"rendered":"<p>Notre camping-car est le Fiat\/Ducato Mc Louis Menfys 3 Maxi. LOUEZ-LE MAINTENANT<\/p>","protected":false},"author":1,"featured_media":0,"parent":0,"menu_order":0,"comment_status":"closed","ping_status":"closed","template":"","meta":{"footnotes":""},"class_list":["post-57","page","type-page","status-publish","hentry"],"yoast_head":"<!-- This site is optimized with the Yoast SEO plugin v27.4 - https:\/\/yoast.com\/product\/yoast-seo-wordpress\/ -->\n<title>Camper - Caravanlife, rental caravan in Tenerife<\/title>\n<meta name=\"robots\" content=\"index, follow, max-snippet:-1, max-image-preview:large, max-video-preview:-1\" \/>\n<link rel=\"canonical\" href=\"https:\/\/caravanlifetenerife.com\/fr\/campeur\/\" \/>\n<meta property=\"og:locale\" content=\"fr_FR\" \/>\n<meta property=\"og:type\" content=\"article\" \/>\n<meta property=\"og:title\" content=\"Camper - Caravanlife, rental caravan in Tenerife\" \/>\n<meta property=\"og:description\" content=\"Nuestra furgoneta camper es el modelo Fiat\/Ducato Mc Louis Menfys 3 Maxi. ALQUILALA YA\" \/>\n<meta property=\"og:url\" content=\"https:\/\/caravanlifetenerife.com\/fr\/campeur\/\" \/>\n<meta property=\"og:site_name\" content=\"Caravanlife, rental caravan in Tenerife\" \/>\n<meta property=\"article:modified_time\" content=\"2023-09-04T14:25:46+00:00\" \/>\n<meta name=\"twitter:card\" content=\"summary_large_image\" \/>\n<meta name=\"twitter:label1\" content=\"Dur\u00e9e de lecture estim\u00e9e\" \/>\n\t<meta name=\"twitter:data1\" content=\"1 minute\" \/>\n<script type=\"application\/ld+json\" class=\"yoast-schema-graph\">{\"@context\":\"https:\\\/\\\/schema.org\",\"@graph\":[{\"@type\":\"WebPage\",\"@id\":\"https:\\\/\\\/caravanlifetenerife.com\\\/camper\\\/\",\"url\":\"https:\\\/\\\/caravanlifetenerife.com\\\/camper\\\/\",\"name\":\"Camper - Caravanlife, rental caravan in Tenerife\",\"isPartOf\":{\"@id\":\"https:\\\/\\\/caravanlifetenerife.com\\\/#website\"},\"datePublished\":\"2023-08-31T07:19:08+00:00\",\"dateModified\":\"2023-09-04T14:25:46+00:00\",\"breadcrumb\":{\"@id\":\"https:\\\/\\\/caravanlifetenerife.com\\\/camper\\\/#breadcrumb\"},\"inLanguage\":\"fr-FR\",\"potentialAction\":[{\"@type\":\"ReadAction\",\"target\":[\"https:\\\/\\\/caravanlifetenerife.com\\\/camper\\\/\"]}]},{\"@type\":\"BreadcrumbList\",\"@id\":\"https:\\\/\\\/caravanlifetenerife.com\\\/camper\\\/#breadcrumb\",\"itemListElement\":[{\"@type\":\"ListItem\",\"position\":1,\"name\":\"Home\",\"item\":\"https:\\\/\\\/caravanlifetenerife.com\\\/\"},{\"@type\":\"ListItem\",\"position\":2,\"name\":\"Camper\"}]},{\"@type\":\"WebSite\",\"@id\":\"https:\\\/\\\/caravanlifetenerife.com\\\/#website\",\"url\":\"https:\\\/\\\/caravanlifetenerife.com\\\/\",\"name\":\"Caravanlife, rental caravan in Tenerife\",\"description\":\"Ofrecemos el servicio de alquiler de una furgoneta camper en la isla de Tenerife\",\"publisher\":{\"@id\":\"https:\\\/\\\/caravanlifetenerife.com\\\/#\\\/schema\\\/person\\\/a771135ddfbd2b90754dacfb0600364c\"},\"alternateName\":\"Caravanlife, alquiler de furgoneta camper en Tenerife\",\"potentialAction\":[{\"@type\":\"SearchAction\",\"target\":{\"@type\":\"EntryPoint\",\"urlTemplate\":\"https:\\\/\\\/caravanlifetenerife.com\\\/?s={search_term_string}\"},\"query-input\":{\"@type\":\"PropertyValueSpecification\",\"valueRequired\":true,\"valueName\":\"search_term_string\"}}],\"inLanguage\":\"fr-FR\"},{\"@type\":[\"Person\",\"Organization\"],\"@id\":\"https:\\\/\\\/caravanlifetenerife.com\\\/#\\\/schema\\\/person\\\/a771135ddfbd2b90754dacfb0600364c\",\"name\":\"Caravanlife\",\"image\":{\"@type\":\"ImageObject\",\"inLanguage\":\"fr-FR\",\"@id\":\"https:\\\/\\\/caravanlifetenerife.com\\\/wp-content\\\/uploads\\\/2023\\\/08\\\/logo-caravanlife-tenerife-ok.png\",\"url\":\"https:\\\/\\\/caravanlifetenerife.com\\\/wp-content\\\/uploads\\\/2023\\\/08\\\/logo-caravanlife-tenerife-ok.png\",\"contentUrl\":\"https:\\\/\\\/caravanlifetenerife.com\\\/wp-content\\\/uploads\\\/2023\\\/08\\\/logo-caravanlife-tenerife-ok.png\",\"width\":160,\"height\":160,\"caption\":\"Caravanlife\"},\"logo\":{\"@id\":\"https:\\\/\\\/caravanlifetenerife.com\\\/wp-content\\\/uploads\\\/2023\\\/08\\\/logo-caravanlife-tenerife-ok.png\"},\"sameAs\":[\"http:\\\/\\\/caravanlifetenerife.com\"]}]}<\/script>\n<!-- \/ Yoast SEO plugin. -->","yoast_head_json":{"title":"Camper - Caravanlife, location de caravanes \u00e0 Tenerife","robots":{"index":"index","follow":"follow","max-snippet":"max-snippet:-1","max-image-preview":"max-image-preview:large","max-video-preview":"max-video-preview:-1"},"canonical":"https:\/\/caravanlifetenerife.com\/fr\/campeur\/","og_locale":"fr_FR","og_type":"article","og_title":"Camper - Caravanlife, rental caravan in Tenerife","og_description":"Nuestra furgoneta camper es el modelo Fiat\/Ducato Mc Louis Menfys 3 Maxi. ALQUILALA YA","og_url":"https:\/\/caravanlifetenerife.com\/fr\/campeur\/","og_site_name":"Caravanlife, rental caravan in Tenerife","article_modified_time":"2023-09-04T14:25:46+00:00","twitter_card":"summary_large_image","twitter_misc":{"Dur\u00e9e de lecture estim\u00e9e":"1 minute"},"schema":{"@context":"https:\/\/schema.org","@graph":[{"@type":"WebPage","@id":"https:\/\/caravanlifetenerife.com\/camper\/","url":"https:\/\/caravanlifetenerife.com\/camper\/","name":"Camper - Caravanlife, location de caravanes \u00e0 Tenerife","isPartOf":{"@id":"https:\/\/caravanlifetenerife.com\/#website"},"datePublished":"2023-08-31T07:19:08+00:00","dateModified":"2023-09-04T14:25:46+00:00","breadcrumb":{"@id":"https:\/\/caravanlifetenerife.com\/camper\/#breadcrumb"},"inLanguage":"fr-FR","potentialAction":[{"@type":"ReadAction","target":["https:\/\/caravanlifetenerife.com\/camper\/"]}]},{"@type":"BreadcrumbList","@id":"https:\/\/caravanlifetenerife.com\/camper\/#breadcrumb","itemListElement":[{"@type":"ListItem","position":1,"name":"Home","item":"https:\/\/caravanlifetenerife.com\/"},{"@type":"ListItem","position":2,"name":"Camper"}]},{"@type":"WebSite","@id":"https:\/\/caravanlifetenerife.com\/#website","url":"https:\/\/caravanlifetenerife.com\/","name":"Caravanlife, location de caravanes \u00e0 Tenerife","description":"Nous offrons le service de location d'un camping-car sur l'\u00eele de T\u00e9n\u00e9rife.","publisher":{"@id":"https:\/\/caravanlifetenerife.com\/#\/schema\/person\/a771135ddfbd2b90754dacfb0600364c"},"alternateName":"Caravanlife, alquiler de furgoneta camper en Tenerife","potentialAction":[{"@type":"SearchAction","target":{"@type":"EntryPoint","urlTemplate":"https:\/\/caravanlifetenerife.com\/?s={search_term_string}"},"query-input":{"@type":"PropertyValueSpecification","valueRequired":true,"valueName":"search_term_string"}}],"inLanguage":"fr-FR"},{"@type":["Person","Organization"],"@id":"https:\/\/caravanlifetenerife.com\/#\/schema\/person\/a771135ddfbd2b90754dacfb0600364c","name":"Caravanlife","image":{"@type":"ImageObject","inLanguage":"fr-FR","@id":"https:\/\/caravanlifetenerife.com\/wp-content\/uploads\/2023\/08\/logo-caravanlife-tenerife-ok.png","url":"https:\/\/caravanlifetenerife.com\/wp-content\/uploads\/2023\/08\/logo-caravanlife-tenerife-ok.png","contentUrl":"https:\/\/caravanlifetenerife.com\/wp-content\/uploads\/2023\/08\/logo-caravanlife-tenerife-ok.png","width":160,"height":160,"caption":"Caravanlife"},"logo":{"@id":"https:\/\/caravanlifetenerife.com\/wp-content\/uploads\/2023\/08\/logo-caravanlife-tenerife-ok.png"},"sameAs":["http:\/\/caravanlifetenerife.com"]}]}},"_links":{"self":[{"href":"https:\/\/caravanlifetenerife.com\/fr\/wp-json\/wp\/v2\/pages\/57","targetHints":{"allow":["GET"]}}],"collection":[{"href":"https:\/\/caravanlifetenerife.com\/fr\/wp-json\/wp\/v2\/pages"}],"about":[{"href":"https:\/\/caravanlifetenerife.com\/fr\/wp-json\/wp\/v2\/types\/page"}],"author":[{"embeddable":true,"href":"https:\/\/caravanlifetenerife.com\/fr\/wp-json\/wp\/v2\/users\/1"}],"replies":[{"embeddable":true,"href":"https:\/\/caravanlifetenerife.com\/fr\/wp-json\/wp\/v2\/comments?post=57"}],"version-history":[{"count":25,"href":"https:\/\/caravanlifetenerife.com\/fr\/wp-json\/wp\/v2\/pages\/57\/revisions"}],"predecessor-version":[{"id":626,"href":"https:\/\/caravanlifetenerife.com\/fr\/wp-json\/wp\/v2\/pages\/57\/revisions\/626"}],"wp:attachment":[{"href":"https:\/\/caravanlifetenerife.com\/fr\/wp-json\/wp\/v2\/media?parent=57"}],"curies":[{"name":"wp","href":"https:\/\/api.w.org\/{rel}","templated":true}]}}