{"id":180,"date":"2023-09-01T11:24:10","date_gmt":"2023-09-01T09:24:10","guid":{"rendered":"https:\/\/caravanlifetenerife.com\/?page_id=180"},"modified":"2023-09-01T11:25:47","modified_gmt":"2023-09-01T09:25:47","slug":"aviso-legal","status":"publish","type":"page","link":"https:\/\/caravanlifetenerife.com\/it\/avviso-legale\/","title":{"rendered":"Avviso legale"},"content":{"rendered":"<div data-elementor-type=\"wp-page\" data-elementor-id=\"180\" class=\"elementor elementor-180\" data-elementor-post-type=\"page\">\n\t\t\t\t\t\t<section class=\"elementor-section elementor-top-section elementor-element elementor-element-95c0b96 elementor-section-boxed elementor-section-height-default elementor-section-height-default\" data-id=\"95c0b96\" data-element_type=\"section\" data-e-type=\"section\">\n\t\t\t\t\t\t<div class=\"elementor-container elementor-column-gap-default\">\n\t\t\t\t\t<div class=\"elementor-column elementor-col-100 elementor-top-column elementor-element elementor-element-3c5d591\" data-id=\"3c5d591\" data-element_type=\"column\" data-e-type=\"column\">\n\t\t\t<div class=\"elementor-widget-wrap elementor-element-populated\">\n\t\t\t\t\t\t<div class=\"elementor-element elementor-element-c2973dd elementor-widget elementor-widget-text-editor\" data-id=\"c2973dd\" data-element_type=\"widget\" data-e-type=\"widget\" data-widget_type=\"text-editor.default\">\n\t\t\t\t<div class=\"elementor-widget-container\">\n\t\t\t\t\t\t\t\t\t<p><b>Dati di identificazione <\/b><\/p><p>State visitando il sito web caravanlifetenerife.com di propriet\u00e0 di Alice Michelangeli con indirizzo in Avenida Rosa de los Vientos 35 e passaporto n. X7369695N , (di seguito denominata \"il Titolare\"). L'attivit\u00e0 non \u00e8 soggetta ad alcun regime di autorizzazione amministrativa preventiva. \u00c8 possibile contattare IL PROPRIETARIO con uno dei seguenti mezzi: Telefono: +34 662 65 01 55 Contatto e-mail: caravanlife.renting@gmail.com<\/p><p><strong>Web hosting<\/strong><\/p><p>Ionos C\/ Avenida de La Vega, 1 - Edificio Veganova, (Edif. 3 Planta 5) 28108 Alcobendas - Madrid Telefono: 91 136 0000 E-mail di contatto: info@ionos.es<\/p><p><b>Utenti <\/b><\/p><p>Le presenti condizioni (d'ora in poi Nota Legale) hanno lo scopo di regolare l'utilizzo del sito web del PROPRIETARIO, messo a disposizione del pubblico. L'accesso e\/o l'utilizzo di questo sito web del PROPRIETARIO attribuisce la condizione di UTENTE, che accetta, da tale accesso e\/o utilizzo, le condizioni generali di utilizzo qui riportate. Tali condizioni saranno applicabili indipendentemente dalle condizioni generali di contratto eventualmente obbligatorie.<\/p><p><b>Utilizzo del portale <\/b><\/p><p>caravanlifetenerife.com fornisce l'accesso a una moltitudine di informazioni, servizi, programmi o dati (di seguito, \"i contenuti\") su Internet appartenenti al PROPRIETARIO o ai suoi licenziatari a cui l'UTENTE pu\u00f2 avere accesso.<\/p><p>L'UTENTE si assume la responsabilit\u00e0 dell'utilizzo del sito web del noleggio camper. Tale responsabilit\u00e0 si estende alla registrazione necessaria per accedere a determinati servizi o contenuti. In questa registrazione l'UTENTE sar\u00e0 tenuto a fornire informazioni reali e lecite. A seguito di tale registrazione, l'UTENTE potr\u00e0 ricevere una password di cui sar\u00e0 responsabile, impegnandosi a utilizzarla con diligenza e riservatezza.<\/p><p>L'UTENTE si impegna a fare un uso appropriato dei contenuti e dei servizi (ad esempio servizi di chat, forum di discussione o newsgroup) che IL PROPRIETARIO offre attraverso il suo sito web di noleggio camper e (incluso ma non limitato a) non utilizzarli per:<\/p><p>- Diffondere contenuti o propaganda di carattere razzista, xenofobo, pornografico-illegale, antiterroristico o contrario ai diritti umani - Causare danni ai sistemi fisici e logici del PROPRIETARIO, dei suoi fornitori o di terzi, Introdurre o diffondere virus informatici o qualsiasi altro sistema fisico o logico che possa causare i suddetti danni - Tentare di accedere e, se del caso, utilizzare le caselle di posta elettronica di altri utenti e modificare o manipolare i loro messaggi - Utilizzare il sito web o le informazioni in esso contenute per scopi commerciali, politici, pubblicitari o qualsiasi altro uso commerciale, in particolare l'invio di e-mail non richieste.<\/p><p>IL TITOLARE ha il diritto di rimuovere commenti e contributi che violino il rispetto della dignit\u00e0 della persona, che siano discriminatori, xenofobi, razzisti, pornografici, che violino la giovent\u00f9 o l'infanzia, l'ordine pubblico o la sicurezza o che, a suo giudizio, non siano appropriati per la pubblicazione. In ogni caso, IL PROPRIETARIO non sar\u00e0 responsabile delle opinioni espresse dagli utenti attraverso forum, chat o altri strumenti di partecipazione.<\/p><p><b>Protezione dei dati <\/b><\/p><p><b> <\/b>Tutto ci\u00f2 che riguarda la politica di protezione dei dati \u00e8 incluso nel documento sulla privacy. Contenuti. Propriet\u00e0 intellettuale e industriale<\/p><p>IL PROPRIETARIO \u00e8 titolare di tutti i diritti di propriet\u00e0 intellettuale e industriale del suo sito web, nonch\u00e9 degli elementi in esso contenuti (tra cui, a titolo esemplificativo e non esaustivo: immagini, fotografie, suoni, audio, video, software o testi; marchi o loghi, combinazioni di colori, struttura e design, selezione dei materiali utilizzati, programmi informatici necessari per il funzionamento, l'accesso e l'utilizzo del sito, ecc.<\/p><p>Tutti i diritti sono riservati. In conformit\u00e0 alle disposizioni degli articoli 8 e 32.1, secondo comma, della Legge sulla Propriet\u00e0 Intellettuale, sono espressamente vietate la riproduzione, la distribuzione e la comunicazione pubblica, compresa la messa a disposizione, di tutto o parte del contenuto di questo sito web, a fini commerciali, su qualsiasi supporto e con qualsiasi mezzo tecnico, senza l'autorizzazione del PROPRIETARIO.<\/p><p>L'UTENTE si impegna a rispettare i diritti di propriet\u00e0 intellettuale e industriale del PROPRIETARIO. Pu\u00f2 visualizzare gli elementi del sito web di noleggio camper e anche stamparli, copiarli e memorizzarli sul disco rigido del proprio computer o su qualsiasi altro supporto fisico, purch\u00e9 solo ed esclusivamente per uso personale e privato. L'UTENTE non potr\u00e0 cancellare, alterare, eludere o manipolare alcun dispositivo di protezione o sistema di sicurezza installato sulle pagine del PROPRIETARIO.<\/p><p><strong>Esclusione di garanzie e responsabilit\u00e0<\/strong><\/p><p>L'UTENTE riconosce che l'utilizzo del sito web e dei suoi contenuti e servizi avviene sotto la sua esclusiva responsabilit\u00e0. In particolare, a titolo puramente esemplificativo, IL PROPRIETARIO non si assume alcuna responsabilit\u00e0 nelle seguenti aree:<\/p><p>a) La disponibilit\u00e0 nel funzionamento del sito web, dei suoi servizi e contenuti e la sua qualit\u00e0 o interoperabilit\u00e0. b) Lo scopo per cui il sito web serve agli obiettivi dell'UTENTE. c) La violazione della legislazione vigente da parte dell'UTENTE o di terzi e, in particolare, dei diritti di propriet\u00e0 intellettuale o industriale di propriet\u00e0 di altre persone o entit\u00e0. d) L'esistenza di codici maligni o di qualsiasi altro elemento informatico dannoso che possa causare danni al sistema informatico dell'UTENTE o di terzi. \u00c8 responsabilit\u00e0 dell'UTENTE, in ogni caso, disporre di strumenti adeguati per l'individuazione e la disinfezione di tali elementi. e) L'accesso fraudolento ai contenuti o ai servizi da parte di terzi non autorizzati o, se del caso, la cattura, l'eliminazione, l'alterazione, la modifica o la manipolazione dei messaggi e delle comunicazioni di qualsiasi tipo che tali terzi possono effettuare. f) L'esattezza, la veridicit\u00e0, l'attualit\u00e0 e l'utilit\u00e0 dei contenuti e dei servizi offerti e il successivo utilizzo che ne fa l'UTENTE. Il PROPRIETARIO far\u00e0 ogni sforzo e utilizzer\u00e0 tutti i mezzi ragionevoli per fornire informazioni aggiornate e affidabili. g) I danni causati alle apparecchiature informatiche durante l'accesso al sito web e i danni causati agli UTENTI quando sono causati da guasti o disconnessioni nelle reti di telecomunicazione che interrompono il servizio. h) I danni o le perdite derivanti da circostanze che si verificano a causa di circostanze imprevedibili o di forza maggiore. i) I danni o le perdite causati dall'uso del sito web. j) I danni o le perdite causati dall'uso del sito web. k) I danni causati alle apparecchiature informatiche durante l'accesso al sito web e i danni causati agli UTENTI quando sono causati da guasti o disconnessioni nelle reti di telecomunicazione che interrompono il servizio.<\/p><p>Nel caso in cui vi siano forum, nell'uso dello stesso o di altri spazi simili, si deve tenere conto che i messaggi riflettono esclusivamente l'opinione dell'UTENTE che li invia, che ne \u00e8 l'unico responsabile. Il TITOLARE non \u00e8 responsabile del contenuto dei messaggi inviati dall'UTENTE.<\/p><p><b>Modifica della presente nota legale e durata <\/b><\/p><p>IL PROPRIETARIO si riserva il diritto di apportare modifiche senza preavviso che ritiene opportuno sul sito web di rent a van camperizada, pu\u00f2 modificare, eliminare o aggiungere contenuti e servizi forniti attraverso lo stesso come il modo in cui sono presentati o situati sul sito web di rent a van camperizada. La validit\u00e0 delle suddette condizioni dipender\u00e0 dalla loro esposizione e sar\u00e0 in vigore fino a quando non saranno modificate da altre debitamente pubblicate.<\/p><p><b>Collegamenti <\/b><\/p><p>Nel caso in cui caravanlifetenerife.com includa link o collegamenti ipertestuali ad altri siti Internet, IL TITOLARE non esercita alcun controllo su tali siti e contenuti. In ogni caso IL TITOLARE non si assume alcuna responsabilit\u00e0 per il contenuto di qualsiasi link appartenente a un altro sito web, n\u00e9 garantisce la disponibilit\u00e0 tecnica, la qualit\u00e0, l'affidabilit\u00e0, l'accuratezza, la completezza, la precisione, la validit\u00e0 e la costituzionalit\u00e0 di qualsiasi materiale o informazione contenuta in tali collegamenti ipertestuali o altri siti Internet. Allo stesso modo, l'inclusione di questi collegamenti esterni non implica alcun tipo di associazione, fusione o partecipazione con le entit\u00e0 collegate.<\/p><p><b>Diritto di esclusione <\/b><\/p><p>IL PROPRIETARIO si riserva il diritto di negare o revocare l'accesso al sito web del noleggio camper e\/o ai servizi offerti senza preavviso, su propria richiesta o su richiesta di terzi, agli utenti che non rispettano il contenuto della presente nota legale.<\/p><p>\u00a0<\/p><p><b>Generale <\/b><\/p><p>IL PROPRIETARIO perseguir\u00e0 la violazione delle presenti condizioni nonch\u00e9 qualsiasi uso improprio del sito web di noleggio camper esercitando tutte le azioni civili e penali che gli competono per legge.<\/p><p><b>Legge applicabile e giurisdizione <\/b><\/p><p>Il rapporto tra il PROPRIETARIO e l'UTENTE \u00e8 regolato dalla legislazione spagnola vigente. Tutte le controversie e i reclami derivanti dal presente avviso legale saranno risolti dai tribunali competenti.<\/p><p>La presente cookie policy \u00e8 stata aggiornata il 01 settembre 2023 per conformarsi al Regolamento (UE) 2016\/679 del Parlamento Europeo e del Consiglio del 27 aprile 2016 relativo alla protezione delle persone fisiche con riguardo al trattamento dei dati personali, nonch\u00e9 alla libera circolazione di tali dati (GDPR).<\/p>\t\t\t\t\t\t\t\t<\/div>\n\t\t\t\t<\/div>\n\t\t\t\t\t<\/div>\n\t\t<\/div>\n\t\t\t\t\t<\/div>\n\t\t<\/section>\n\t\t\t\t<\/div>","protected":false},"excerpt":{"rendered":"<p>Datos identificativos Est\u00e1s visitando la p\u00e1gina web caravanlifetenerife.com titularidad de Alice Michelangeli y con domicilio en Avenida Rosa de los Vientos 35 y con Pasaporte n\u00b0 X7369695N , (que en este documento se llama \u00abel Titular\u00bb). La actividad no est\u00e1 sujeta a ning\u00fan r\u00e9gimen de autorizaci\u00f3n administrativa previa. Puedes contactar con EL TITULAR por cualquiera [&hellip;]<\/p>\n","protected":false},"author":1,"featured_media":0,"parent":0,"menu_order":0,"comment_status":"closed","ping_status":"closed","template":"","meta":{"footnotes":""},"class_list":["post-180","page","type-page","status-publish","hentry"],"yoast_head":"<!-- This site is optimized with the Yoast SEO plugin v27.5 - https:\/\/yoast.com\/product\/yoast-seo-wordpress\/ -->\n<title>Aviso legal - Caravanlife, rental caravan in Tenerife<\/title>\n<meta name=\"robots\" content=\"index, follow, max-snippet:-1, max-image-preview:large, max-video-preview:-1\" \/>\n<link rel=\"canonical\" href=\"https:\/\/caravanlifetenerife.com\/it\/avviso-legale\/\" \/>\n<meta property=\"og:locale\" content=\"it_IT\" \/>\n<meta property=\"og:type\" content=\"article\" \/>\n<meta property=\"og:title\" content=\"Aviso legal - Caravanlife, rental caravan in Tenerife\" \/>\n<meta property=\"og:description\" content=\"Datos identificativos Est\u00e1s visitando la p\u00e1gina web caravanlifetenerife.com titularidad de Alice Michelangeli y con domicilio en Avenida Rosa de los Vientos 35 y con Pasaporte n\u00b0 X7369695N , (que en este documento se llama \u00abel Titular\u00bb). La actividad no est\u00e1 sujeta a ning\u00fan r\u00e9gimen de autorizaci\u00f3n administrativa previa. Puedes contactar con EL TITULAR por cualquiera [&hellip;]\" \/>\n<meta property=\"og:url\" content=\"https:\/\/caravanlifetenerife.com\/it\/avviso-legale\/\" \/>\n<meta property=\"og:site_name\" content=\"Caravanlife, rental caravan in Tenerife\" \/>\n<meta property=\"article:modified_time\" content=\"2023-09-01T09:25:47+00:00\" \/>\n<meta name=\"twitter:card\" content=\"summary_large_image\" \/>\n<meta name=\"twitter:label1\" content=\"Tempo di lettura stimato\" \/>\n\t<meta name=\"twitter:data1\" content=\"8 minuti\" \/>\n<script type=\"application\/ld+json\" class=\"yoast-schema-graph\">{\"@context\":\"https:\\\/\\\/schema.org\",\"@graph\":[{\"@type\":\"WebPage\",\"@id\":\"https:\\\/\\\/caravanlifetenerife.com\\\/aviso-legal\\\/\",\"url\":\"https:\\\/\\\/caravanlifetenerife.com\\\/aviso-legal\\\/\",\"name\":\"Aviso legal - Caravanlife, rental caravan in Tenerife\",\"isPartOf\":{\"@id\":\"https:\\\/\\\/caravanlifetenerife.com\\\/#website\"},\"datePublished\":\"2023-09-01T09:24:10+00:00\",\"dateModified\":\"2023-09-01T09:25:47+00:00\",\"breadcrumb\":{\"@id\":\"https:\\\/\\\/caravanlifetenerife.com\\\/aviso-legal\\\/#breadcrumb\"},\"inLanguage\":\"it-IT\",\"potentialAction\":[{\"@type\":\"ReadAction\",\"target\":[\"https:\\\/\\\/caravanlifetenerife.com\\\/aviso-legal\\\/\"]}]},{\"@type\":\"BreadcrumbList\",\"@id\":\"https:\\\/\\\/caravanlifetenerife.com\\\/aviso-legal\\\/#breadcrumb\",\"itemListElement\":[{\"@type\":\"ListItem\",\"position\":1,\"name\":\"Home\",\"item\":\"https:\\\/\\\/caravanlifetenerife.com\\\/\"},{\"@type\":\"ListItem\",\"position\":2,\"name\":\"Aviso legal\"}]},{\"@type\":\"WebSite\",\"@id\":\"https:\\\/\\\/caravanlifetenerife.com\\\/#website\",\"url\":\"https:\\\/\\\/caravanlifetenerife.com\\\/\",\"name\":\"Caravanlife, rental caravan in Tenerife\",\"description\":\"Ofrecemos el servicio de alquiler de una furgoneta camper en la isla de Tenerife\",\"publisher\":{\"@id\":\"https:\\\/\\\/caravanlifetenerife.com\\\/#\\\/schema\\\/person\\\/a771135ddfbd2b90754dacfb0600364c\"},\"alternateName\":\"Caravanlife, alquiler de furgoneta camper en Tenerife\",\"potentialAction\":[{\"@type\":\"SearchAction\",\"target\":{\"@type\":\"EntryPoint\",\"urlTemplate\":\"https:\\\/\\\/caravanlifetenerife.com\\\/?s={search_term_string}\"},\"query-input\":{\"@type\":\"PropertyValueSpecification\",\"valueRequired\":true,\"valueName\":\"search_term_string\"}}],\"inLanguage\":\"it-IT\"},{\"@type\":[\"Person\",\"Organization\"],\"@id\":\"https:\\\/\\\/caravanlifetenerife.com\\\/#\\\/schema\\\/person\\\/a771135ddfbd2b90754dacfb0600364c\",\"name\":\"Caravanlife\",\"image\":{\"@type\":\"ImageObject\",\"inLanguage\":\"it-IT\",\"@id\":\"https:\\\/\\\/caravanlifetenerife.com\\\/wp-content\\\/uploads\\\/2023\\\/08\\\/logo-caravanlife-tenerife-ok.png\",\"url\":\"https:\\\/\\\/caravanlifetenerife.com\\\/wp-content\\\/uploads\\\/2023\\\/08\\\/logo-caravanlife-tenerife-ok.png\",\"contentUrl\":\"https:\\\/\\\/caravanlifetenerife.com\\\/wp-content\\\/uploads\\\/2023\\\/08\\\/logo-caravanlife-tenerife-ok.png\",\"width\":160,\"height\":160,\"caption\":\"Caravanlife\"},\"logo\":{\"@id\":\"https:\\\/\\\/caravanlifetenerife.com\\\/wp-content\\\/uploads\\\/2023\\\/08\\\/logo-caravanlife-tenerife-ok.png\"},\"sameAs\":[\"http:\\\/\\\/caravanlifetenerife.com\"]}]}<\/script>\n<!-- \/ Yoast SEO plugin. -->","yoast_head_json":{"title":"Avviso legale - Caravanlife, noleggio caravan a Tenerife","robots":{"index":"index","follow":"follow","max-snippet":"max-snippet:-1","max-image-preview":"max-image-preview:large","max-video-preview":"max-video-preview:-1"},"canonical":"https:\/\/caravanlifetenerife.com\/it\/avviso-legale\/","og_locale":"it_IT","og_type":"article","og_title":"Aviso legal - Caravanlife, rental caravan in Tenerife","og_description":"Datos identificativos Est\u00e1s visitando la p\u00e1gina web caravanlifetenerife.com titularidad de Alice Michelangeli y con domicilio en Avenida Rosa de los Vientos 35 y con Pasaporte n\u00b0 X7369695N , (que en este documento se llama \u00abel Titular\u00bb). La actividad no est\u00e1 sujeta a ning\u00fan r\u00e9gimen de autorizaci\u00f3n administrativa previa. Puedes contactar con EL TITULAR por cualquiera [&hellip;]","og_url":"https:\/\/caravanlifetenerife.com\/it\/avviso-legale\/","og_site_name":"Caravanlife, rental caravan in Tenerife","article_modified_time":"2023-09-01T09:25:47+00:00","twitter_card":"summary_large_image","twitter_misc":{"Tempo di lettura stimato":"8 minuti"},"schema":{"@context":"https:\/\/schema.org","@graph":[{"@type":"WebPage","@id":"https:\/\/caravanlifetenerife.com\/aviso-legal\/","url":"https:\/\/caravanlifetenerife.com\/aviso-legal\/","name":"Avviso legale - Caravanlife, noleggio caravan a Tenerife","isPartOf":{"@id":"https:\/\/caravanlifetenerife.com\/#website"},"datePublished":"2023-09-01T09:24:10+00:00","dateModified":"2023-09-01T09:25:47+00:00","breadcrumb":{"@id":"https:\/\/caravanlifetenerife.com\/aviso-legal\/#breadcrumb"},"inLanguage":"it-IT","potentialAction":[{"@type":"ReadAction","target":["https:\/\/caravanlifetenerife.com\/aviso-legal\/"]}]},{"@type":"BreadcrumbList","@id":"https:\/\/caravanlifetenerife.com\/aviso-legal\/#breadcrumb","itemListElement":[{"@type":"ListItem","position":1,"name":"Home","item":"https:\/\/caravanlifetenerife.com\/"},{"@type":"ListItem","position":2,"name":"Aviso legal"}]},{"@type":"WebSite","@id":"https:\/\/caravanlifetenerife.com\/#website","url":"https:\/\/caravanlifetenerife.com\/","name":"Caravanlife, noleggio caravan a Tenerife","description":"Offriamo il servizio di noleggio di camper sull'isola di Tenerife.","publisher":{"@id":"https:\/\/caravanlifetenerife.com\/#\/schema\/person\/a771135ddfbd2b90754dacfb0600364c"},"alternateName":"Caravanlife, alquiler de furgoneta camper en Tenerife","potentialAction":[{"@type":"SearchAction","target":{"@type":"EntryPoint","urlTemplate":"https:\/\/caravanlifetenerife.com\/?s={search_term_string}"},"query-input":{"@type":"PropertyValueSpecification","valueRequired":true,"valueName":"search_term_string"}}],"inLanguage":"it-IT"},{"@type":["Person","Organization"],"@id":"https:\/\/caravanlifetenerife.com\/#\/schema\/person\/a771135ddfbd2b90754dacfb0600364c","name":"Caravanlife","image":{"@type":"ImageObject","inLanguage":"it-IT","@id":"https:\/\/caravanlifetenerife.com\/wp-content\/uploads\/2023\/08\/logo-caravanlife-tenerife-ok.png","url":"https:\/\/caravanlifetenerife.com\/wp-content\/uploads\/2023\/08\/logo-caravanlife-tenerife-ok.png","contentUrl":"https:\/\/caravanlifetenerife.com\/wp-content\/uploads\/2023\/08\/logo-caravanlife-tenerife-ok.png","width":160,"height":160,"caption":"Caravanlife"},"logo":{"@id":"https:\/\/caravanlifetenerife.com\/wp-content\/uploads\/2023\/08\/logo-caravanlife-tenerife-ok.png"},"sameAs":["http:\/\/caravanlifetenerife.com"]}]}},"_links":{"self":[{"href":"https:\/\/caravanlifetenerife.com\/it\/wp-json\/wp\/v2\/pages\/180","targetHints":{"allow":["GET"]}}],"collection":[{"href":"https:\/\/caravanlifetenerife.com\/it\/wp-json\/wp\/v2\/pages"}],"about":[{"href":"https:\/\/caravanlifetenerife.com\/it\/wp-json\/wp\/v2\/types\/page"}],"author":[{"embeddable":true,"href":"https:\/\/caravanlifetenerife.com\/it\/wp-json\/wp\/v2\/users\/1"}],"replies":[{"embeddable":true,"href":"https:\/\/caravanlifetenerife.com\/it\/wp-json\/wp\/v2\/comments?post=180"}],"version-history":[{"count":10,"href":"https:\/\/caravanlifetenerife.com\/it\/wp-json\/wp\/v2\/pages\/180\/revisions"}],"predecessor-version":[{"id":190,"href":"https:\/\/caravanlifetenerife.com\/it\/wp-json\/wp\/v2\/pages\/180\/revisions\/190"}],"wp:attachment":[{"href":"https:\/\/caravanlifetenerife.com\/it\/wp-json\/wp\/v2\/media?parent=180"}],"curies":[{"name":"wp","href":"https:\/\/api.w.org\/{rel}","templated":true}]}}