{"id":191,"date":"2023-09-01T12:24:04","date_gmt":"2023-09-01T10:24:04","guid":{"rendered":"https:\/\/caravanlifetenerife.com\/?page_id=191"},"modified":"2023-09-01T12:24:17","modified_gmt":"2023-09-01T10:24:17","slug":"politica-de-privacidad","status":"publish","type":"page","link":"https:\/\/caravanlifetenerife.com\/it\/politica-sulla-privacy\/","title":{"rendered":"Informativa sulla privacy"},"content":{"rendered":"<div data-elementor-type=\"wp-page\" data-elementor-id=\"191\" class=\"elementor elementor-191\" data-elementor-post-type=\"page\">\n\t\t\t\t\t\t<section class=\"elementor-section elementor-top-section elementor-element elementor-element-2d6b7f5 elementor-section-boxed elementor-section-height-default elementor-section-height-default\" data-id=\"2d6b7f5\" data-element_type=\"section\" data-e-type=\"section\">\n\t\t\t\t\t\t<div class=\"elementor-container elementor-column-gap-default\">\n\t\t\t\t\t<div class=\"elementor-column elementor-col-100 elementor-top-column elementor-element elementor-element-1ff50ce\" data-id=\"1ff50ce\" data-element_type=\"column\" data-e-type=\"column\">\n\t\t\t<div class=\"elementor-widget-wrap elementor-element-populated\">\n\t\t\t\t\t\t<div class=\"elementor-element elementor-element-a1cb876 elementor-widget elementor-widget-text-editor\" data-id=\"a1cb876\" data-element_type=\"widget\" data-e-type=\"widget\" data-widget_type=\"text-editor.default\">\n\t\t\t\t<div class=\"elementor-widget-container\">\n\t\t\t\t\t\t\t\t\t<p>Alice Michelangeli informa sulla propria Privacy Policy relativa al trattamento e alla protezione dei dati personali degli utenti e dei clienti che possono essere raccolti navigando o contraendo servizi attraverso il sito caravanlifetenerife.com<\/p><p>A questo proposito, il Titolare del trattamento garantisce il rispetto della normativa vigente in materia di protezione dei dati personali, riflessa nella Legge Organica 3\/2018, del 5 dicembre, sulla protezione dei dati personali e la garanzia dei diritti digitali (LOPD GDD). \u00c8 inoltre conforme al Regolamento (UE) 2016\/679 del Parlamento europeo e del Consiglio, del 27 aprile 2016, relativo alla protezione delle persone fisiche (GDPR).<\/p><p>L'utilizzo del sito web implica l'accettazione della presente Informativa sulla privacy e delle condizioni incluse nell'Avviso legale.<\/p><h3 class=\"western\"><a name=\"identidad-del-responsable\"><\/a>Identit\u00e0 della persona responsabile<\/h3><ul><li><p>Titolare: Alice Michelangeli<\/p><\/li><li><p>Passaporto: X7369695N<\/p><\/li><li><p>Indirizzo: Avenida Rosa de los Vientos 35 - 38670 Adeje, Santa Cruz de Tenerife, Spagna<\/p><\/li><li><p>E-mail: caravanlife.renting@gmail.com<\/p><\/li><li><p>Sito web: caravanlifetenerife.com<\/p><\/li><\/ul><h3 class=\"western\"><a name=\"principios-aplicados-en-el-tratamiento-de-datos\"><\/a> Principi applicati all'elaborazione dei dati<\/h3><p>Nel trattare i Suoi dati personali, il Titolare del trattamento applicher\u00e0 i seguenti principi, conformi ai requisiti del nuovo Regolamento europeo sulla protezione dei dati:<\/p><ul><li><p><strong>Principio di legalit\u00e0, equit\u00e0 e trasparenza:<\/strong> Il Titolare del trattamento richieder\u00e0 sempre il consenso per il trattamento dei vostri dati personali, che potr\u00e0 avvenire per una o pi\u00f9 finalit\u00e0 specifiche di cui sarete preventivamente informati con assoluta trasparenza.<\/p><\/li><li><p><strong>Principio di minimizzazione dei dati:<\/strong> Il Titolare del trattamento vi richieder\u00e0 solo i dati strettamente necessari per le finalit\u00e0 per le quali i dati sono richiesti.<\/p><\/li><li><p><strong>Principio di limitazione del periodo di conservazione:<\/strong> I dati saranno conservati per il tempo strettamente necessario alle finalit\u00e0 del trattamento.<br \/>Il Titolare del trattamento informer\u00e0 l'utente del periodo di conservazione corrispondente a seconda della finalit\u00e0. Nel caso di abbonamenti, il Titolare del trattamento rivedr\u00e0 periodicamente gli elenchi e canceller\u00e0 le registrazioni che sono rimaste inattive per un periodo di tempo considerevole.<\/p><\/li><li><p><strong>Principio di integrit\u00e0 e riservatezza:<\/strong> I vostri dati saranno trattati in modo da garantirne la sicurezza, la riservatezza e l'integrit\u00e0. L'utente deve essere consapevole che il Titolare del trattamento adotta le precauzioni necessarie per impedire l'accesso non autorizzato o l'uso improprio dei dati dei propri utenti da parte di terzi.<\/p><\/li><\/ul><h3 class=\"western\"><a name=\"obtenci\u00f3n-de-datos-personales\"><\/a>Raccolta di dati personali<\/h3><p>Per navigare su caravanlifetenerife.com non \u00e8 necessario fornire alcun dato personale. I casi in cui \u00e8 necessario fornire i propri dati personali sono i seguenti:<\/p><p>ELIMINARE QUELLI CHE NON SI USANO:<\/p><ul><li><p>Contattandoci attraverso i moduli di contatto o inviando un'e-mail.<\/p><\/li><\/ul><p>Il Titolare del trattamento vi informa che avete il diritto di accedere ai vostri dati personali:<\/p><ul><li><p>Richiedere l'accesso ai dati memorizzati.<\/p><\/li><li><p>Richiedere una rettifica o una cancellazione.<\/p><\/li><li><p>Richiedere la limitazione del loro trattamento.<\/p><\/li><li><p>Opporsi al trattamento.<\/p><\/li><li><p>Richiedere la portabilit\u00e0 dei propri dati.<\/p><\/li><\/ul><p>L'esercizio di questi diritti \u00e8 personale e deve quindi essere esercitato direttamente dall'interessato, richiedendolo direttamente al Titolare del trattamento, il che significa che qualsiasi cliente, abbonato o collaboratore che abbia fornito i propri dati in qualsiasi momento pu\u00f2 rivolgersi al Titolare del trattamento e richiedere informazioni sui dati conservati e su come sono stati ottenuti, richiedere la rettifica dei dati, richiedere la portabilit\u00e0 dei propri dati personali, opporsi al trattamento, limitarne l'uso o richiedere la cancellazione di tali dati dagli archivi del Titolare del trattamento.<\/p><p>Per esercitare i diritti di accesso, rettifica, cancellazione, portabilit\u00e0 e opposizione \u00e8 necessario inviare un'e-mail all'indirizzo caravanlife.renting@gmail.com insieme a una prova legale valida, come una fotocopia della carta d'identit\u00e0 o di un documento equivalente.<\/p><p>L'utente ha diritto a un'efficace tutela giurisdizionale e a presentare un reclamo all'autorit\u00e0 di controllo, in questo caso l'Agenzia spagnola per la protezione dei dati, se ritiene che il trattamento dei dati personali che lo riguardano violi il regolamento.<\/p><h3 class=\"western\"><a name=\"finalidad-del-tratamiento-de-datos-personales\"><\/a> Finalit\u00e0 del trattamento dei dati personali<\/h3><p>Quando ci si collega al sito web per inviare un'e-mail al Titolare, iscriversi alla sua newsletter o stipulare un contratto, si forniscono informazioni personali di cui il Titolare \u00e8 responsabile. Tali informazioni possono includere dati personali quali l'indirizzo IP, il nome e il cognome, l'indirizzo fisico, l'indirizzo e-mail, il numero di telefono e altre informazioni. Fornendo queste informazioni, l'utente acconsente alla raccolta, all'utilizzo, alla gestione e all'archiviazione delle sue informazioni da parte di superadmin.es, solo come descritto nell'Avviso Legale e nella presente Informativa sulla Privacy.<\/p><p>I dati personali e le finalit\u00e0 del trattamento da parte dell'interessato sono diversi a seconda del sistema di acquisizione delle informazioni:<\/p><p>ELIMINARE QUELLI CHE NON SI USANO:<\/p><ul><li><p><strong>Moduli di contatto:<\/strong> Il Titolare del trattamento richiede i dati personali che possono includere: nome e cognome, indirizzo e-mail, numero di telefono e l'indirizzo del vostro sito web al fine di rispondere alle vostre richieste.<br \/>Ad esempio, il Titolare del trattamento utilizza questi dati per rispondere ai messaggi, ai dubbi, ai reclami, ai commenti o alle preoccupazioni dell'utente in merito alle informazioni incluse nel Sito, ai servizi forniti tramite il Sito, al trattamento dei dati personali dell'utente, alle domande relative ai testi legali inclusi nel Sito, nonch\u00e9 a qualsiasi altra domanda dell'utente che non sia soggetta ai termini e alle condizioni del Sito o del contratto.<\/p><\/li><\/ul><p><br \/><br \/><\/p><p>Esistono altre finalit\u00e0 per le quali il Titolare del trattamento tratta i vostri dati personali:<\/p><ul><li><p>Garantire la conformit\u00e0 alle condizioni stabilite nell'Avviso legale e alla legge applicabile. Ci\u00f2 pu\u00f2 includere lo sviluppo di strumenti e algoritmi per aiutare questo sito web a garantire la riservatezza dei dati personali che raccoglie.<\/p><\/li><li><p>Per supportare e migliorare i servizi offerti da questo sito web.<\/p><\/li><li><p>Per analizzare la navigazione. Il Titolare raccoglie altri dati non identificativi ottenuti attraverso l'uso di cookie che vengono scaricati sul computer dell'utente durante la navigazione del sito, le cui caratteristiche e finalit\u00e0 sono dettagliate nella Cookies Policy.<\/p><\/li><li><p>Per gestire i social network. il Titolare \u00e8 presente nei social network. Se l'utente diventa follower sui social network del Titolare, il trattamento dei dati personali sar\u00e0 disciplinato dalla presente sezione, nonch\u00e9 dalle condizioni d'uso, dalle informative sulla privacy e dai regolamenti di accesso che appartengono al social network di volta in volta applicabile e che l'utente ha preventivamente accettato.<\/p><\/li><\/ul><p>\u00c8 possibile consultare le informative sulla privacy dei principali social network cliccando su questi link:<\/p><p>ELIMINARE QUELLI CHE NON SI USANO:<\/p><ul><li><p>Facebook<\/p><\/li><li><p>Instagram<\/p><\/li><\/ul><p>Il Titolare tratter\u00e0 i Suoi dati personali per gestire correttamente la propria presenza sui social network, informarLa sulle proprie attivit\u00e0, prodotti o servizi, nonch\u00e9 per qualsiasi altra finalit\u00e0 consentita dai regolamenti dei social network.<\/p><p>In nessun caso il Titolare del trattamento utilizzer\u00e0 i profili dei follower sui social network per inviare pubblicit\u00e0 su base individuale.<\/p><h3 class=\"western\"><a name=\"seguridad-de-los-datos-personales\"><\/a>Sicurezza dei dati personali<\/h3><p>Per proteggere i vostri dati personali, il Titolare del trattamento prende tutte le precauzioni ragionevoli e segue le migliori pratiche del settore per prevenire la perdita, l'uso improprio, l'accesso improprio, la divulgazione, l'alterazione o la distruzione dei vostri dati personali.<\/p><p>Il sito web \u00e8 ospitato da Ionos. La sicurezza dei vostri dati \u00e8 garantita, in quanto adotta tutte le misure di sicurezza necessarie. Per ulteriori informazioni, \u00e8 possibile consultare la loro politica sulla privacy.<\/p><h3 class=\"western\"><a name=\"contenido-de-otros-sitios-web\"><\/a>Contenuti di altri siti web<\/h3><p>Le pagine di questo sito web possono includere contenuti incorporati (ad esempio video, immagini, articoli, ecc.). I contenuti incorporati provenienti da altri siti web si comportano esattamente come se aveste visitato l'altro sito web.<\/p><p>Questi siti web possono raccogliere dati sull'utente, utilizzare cookie, incorporare codici di tracciamento aggiuntivi di terze parti e monitorare la sua interazione con tali codici.<\/p><h3 class=\"western\"><a name=\"pol\u00edtica-de-cookies\"><\/a>Informativa sui cookie<\/h3><p>Per funzionare correttamente, questo sito web ha bisogno di utilizzare i cookie, ovvero informazioni che vengono memorizzate nel browser web dell'utente.<\/p><p>Alla pagina Cookie Policy \u00e8 possibile consultare tutte le informazioni relative alla politica di raccolta, allo scopo e al trattamento dei cookie.<\/p><h3 class=\"western\"><a name=\"legitimaci\u00f3n-para-el-tratamiento-de-datos\"><\/a> Legittimazione al trattamento dei dati<\/h3><p>La base giuridica per il trattamento dei vostri dati \u00e8 il consenso.<\/p><p>Per contattare il Titolare, iscriversi a una newsletter o fare commenti su questo sito web \u00e8 necessario accettare la presente Informativa sulla privacy.<\/p><h3 class=\"western\"><a name=\"categor\u00edas-de-datos-personales\"><\/a>Categorie di dati personali<\/h3><p>Le categorie di dati personali trattati dal Titolare sono:<\/p><ul><li><p>Identificazione dei dati.<\/p><\/li><\/ul><h3 class=\"western\"><a name=\"conservaci\u00f3n-de-datos-personales\"><\/a>Conservazione dei dati personali<\/h3><p>I dati personali forniti dall'utente al Titolare del trattamento saranno conservati fino a quando l'utente non ne richieder\u00e0 la cancellazione.<\/p><h3 class=\"western\"><a name=\"destinatarios-de-datos-personales\"><\/a>Destinatari dei dati personali<\/h3><p>ELIMINARE QUELLI CHE NON SI USANO:<\/p><ul><li><p><strong>Google Analytics<\/strong> \u00e8 un servizio di analisi web fornito da Google, Inc. una societ\u00e0 del Delaware con sede al 1600 Amphitheatre Parkway, Mountain View (California), CA 94043, Stati Uniti (\"Google\"). Ulteriori informazioni sono disponibili all'indirizzo: <a href=\"https:\/\/analytics.google.com\/\" target=\"_blank\" rel=\"noopener\"><b>https:\/\/analytics.google.com<\/b><\/a><br \/>Google Analytics utilizza i cosiddetti \"cookie\", file di testo che vengono depositati sul vostro computer per consentire al gestore del sito web di analizzare come gli utenti utilizzano il sito. Le informazioni generate dal cookie sull'utilizzo del sito web da parte dell'utente (compreso il suo indirizzo IP) vengono trasmesse e memorizzate da Google su un server negli Stati Uniti.<\/p><p>\u00a0<\/p><\/li><\/ul><p>\u00c8 inoltre possibile consultare un elenco dei tipi di cookie utilizzati da Google e dai suoi partner e informazioni sull'utilizzo dei cookie pubblicitari.<\/p><h3 class=\"western\"><a name=\"navegaci\u00f3n-web\"><\/a>Navigazione web<\/h3><p>Durante la navigazione su caravanlifetenerife.com possono essere raccolti dati non identificativi, tra cui l'indirizzo IP, la geolocalizzazione, un registro delle modalit\u00e0 di utilizzo dei servizi e dei siti, le abitudini di navigazione e altri dati che non possono essere utilizzati per identificare l'utente.<\/p><p>Il sito web utilizza i seguenti servizi di analisi di terzi:<\/p><p>ELIMINARE QUELLI CHE NON SI USANO:<\/p><ul><li><p>Google Analytics<\/p><\/li><\/ul><p>Il Titolare utilizza le informazioni ottenute per ottenere dati statistici, analizzare le tendenze, amministrare il sito, studiare i modelli di navigazione e raccogliere informazioni demografiche.<\/p><h3 class=\"western\"><a name=\"exactitud-y-veracidad-de-los-datos-personales\"><\/a> Accuratezza e veridicit\u00e0 dei dati personali<\/h3><p>Vi impegnate a garantire che i dati forniti al Titolare del trattamento siano corretti, completi, accurati e aggiornati, nonch\u00e9 a mantenerli debitamente aggiornati.<\/p><p>In qualit\u00e0 di utente del sito, l'utente \u00e8 l'unico responsabile della veridicit\u00e0 e dell'accuratezza dei dati inviati al sito, esonerando il Titolare da qualsiasi responsabilit\u00e0 al riguardo.<\/p><h3 class=\"western\"><a name=\"aceptaci\u00f3n-y-consentimiento\"><\/a>Accettazione e consenso<\/h3><p>In qualit\u00e0 di Utente del Sito, Lei dichiara di essere stato informato delle condizioni sulla protezione dei dati personali, accetta e acconsente al trattamento di tali dati da parte del Titolare con le modalit\u00e0 e per le finalit\u00e0 indicate nella presente Informativa.<\/p><h3 class=\"western\"><a name=\"revocabilidad\"><\/a>Revocabilit\u00e0<\/h3><p>Per esercitare i diritti di accesso, rettifica, cancellazione, portabilit\u00e0 e opposizione \u00e8 necessario inviare un'e-mail all'indirizzo caravanlife.renting@gmail.com insieme a una prova legale valida, come una fotocopia della carta d'identit\u00e0 o di un documento equivalente.<\/p><p>L'esercizio dei Suoi diritti non comprende i dati che il Titolare del trattamento \u00e8 obbligato a conservare per finalit\u00e0 amministrative, legali o di sicurezza.<\/p><h3 class=\"western\"><a name=\"cambios-en-la-pol\u00edtica-de-privacidad\"><\/a> Modifiche all'Informativa sulla privacy<\/h3><p>Il Titolare si riserva il diritto di modificare la presente Informativa sulla privacy per adeguarla a nuove normative o giurisprudenze, nonch\u00e9 alle prassi del settore.<\/p><p>Tali polizze rimarranno in vigore fino a quando non saranno modificate da altre polizze debitamente pubblicate.<\/p>\t\t\t\t\t\t\t\t<\/div>\n\t\t\t\t<\/div>\n\t\t\t\t\t<\/div>\n\t\t<\/div>\n\t\t\t\t\t<\/div>\n\t\t<\/section>\n\t\t\t\t<\/div>","protected":false},"excerpt":{"rendered":"<p>Alice Michelangeli te informa sobre su Pol\u00edtica de Privacidad respecto del tratamiento y protecci\u00f3n de los datos de car\u00e1cter personal de los usuarios y clientes que puedan ser recabados por la navegaci\u00f3n o contrataci\u00f3n de servicios a trav\u00e9s del sitio Web caravanlifetenerife.com En este sentido, el Titular garantiza el cumplimiento de la normativa vigente en [&hellip;]<\/p>\n","protected":false},"author":1,"featured_media":0,"parent":0,"menu_order":0,"comment_status":"closed","ping_status":"closed","template":"","meta":{"footnotes":""},"class_list":["post-191","page","type-page","status-publish","hentry"],"yoast_head":"<!-- This site is optimized with the Yoast SEO plugin v27.5 - https:\/\/yoast.com\/product\/yoast-seo-wordpress\/ -->\n<title>Pol\u00edtica de privacidad - Caravanlife, rental caravan in Tenerife<\/title>\n<meta name=\"robots\" content=\"index, follow, max-snippet:-1, max-image-preview:large, max-video-preview:-1\" \/>\n<link rel=\"canonical\" href=\"https:\/\/caravanlifetenerife.com\/it\/politica-sulla-privacy\/\" \/>\n<meta property=\"og:locale\" content=\"it_IT\" \/>\n<meta property=\"og:type\" content=\"article\" \/>\n<meta property=\"og:title\" content=\"Pol\u00edtica de privacidad - Caravanlife, rental caravan in Tenerife\" \/>\n<meta property=\"og:description\" content=\"Alice Michelangeli te informa sobre su Pol\u00edtica de Privacidad respecto del tratamiento y protecci\u00f3n de los datos de car\u00e1cter personal de los usuarios y clientes que puedan ser recabados por la navegaci\u00f3n o contrataci\u00f3n de servicios a trav\u00e9s del sitio Web caravanlifetenerife.com En este sentido, el Titular garantiza el cumplimiento de la normativa vigente en [&hellip;]\" \/>\n<meta property=\"og:url\" content=\"https:\/\/caravanlifetenerife.com\/it\/politica-sulla-privacy\/\" \/>\n<meta property=\"og:site_name\" content=\"Caravanlife, rental caravan in Tenerife\" \/>\n<meta property=\"article:modified_time\" content=\"2023-09-01T10:24:17+00:00\" \/>\n<meta name=\"twitter:card\" content=\"summary_large_image\" \/>\n<meta name=\"twitter:label1\" content=\"Tempo di lettura stimato\" \/>\n\t<meta name=\"twitter:data1\" content=\"10 minuti\" \/>\n<script type=\"application\/ld+json\" class=\"yoast-schema-graph\">{\"@context\":\"https:\\\/\\\/schema.org\",\"@graph\":[{\"@type\":\"WebPage\",\"@id\":\"https:\\\/\\\/caravanlifetenerife.com\\\/politica-de-privacidad\\\/\",\"url\":\"https:\\\/\\\/caravanlifetenerife.com\\\/politica-de-privacidad\\\/\",\"name\":\"Pol\u00edtica de privacidad - Caravanlife, rental caravan in Tenerife\",\"isPartOf\":{\"@id\":\"https:\\\/\\\/caravanlifetenerife.com\\\/#website\"},\"datePublished\":\"2023-09-01T10:24:04+00:00\",\"dateModified\":\"2023-09-01T10:24:17+00:00\",\"breadcrumb\":{\"@id\":\"https:\\\/\\\/caravanlifetenerife.com\\\/politica-de-privacidad\\\/#breadcrumb\"},\"inLanguage\":\"it-IT\",\"potentialAction\":[{\"@type\":\"ReadAction\",\"target\":[\"https:\\\/\\\/caravanlifetenerife.com\\\/politica-de-privacidad\\\/\"]}]},{\"@type\":\"BreadcrumbList\",\"@id\":\"https:\\\/\\\/caravanlifetenerife.com\\\/politica-de-privacidad\\\/#breadcrumb\",\"itemListElement\":[{\"@type\":\"ListItem\",\"position\":1,\"name\":\"Home\",\"item\":\"https:\\\/\\\/caravanlifetenerife.com\\\/\"},{\"@type\":\"ListItem\",\"position\":2,\"name\":\"Pol\u00edtica de privacidad\"}]},{\"@type\":\"WebSite\",\"@id\":\"https:\\\/\\\/caravanlifetenerife.com\\\/#website\",\"url\":\"https:\\\/\\\/caravanlifetenerife.com\\\/\",\"name\":\"Caravanlife, rental caravan in Tenerife\",\"description\":\"Ofrecemos el servicio de alquiler de una furgoneta camper en la isla de Tenerife\",\"publisher\":{\"@id\":\"https:\\\/\\\/caravanlifetenerife.com\\\/#\\\/schema\\\/person\\\/a771135ddfbd2b90754dacfb0600364c\"},\"alternateName\":\"Caravanlife, alquiler de furgoneta camper en Tenerife\",\"potentialAction\":[{\"@type\":\"SearchAction\",\"target\":{\"@type\":\"EntryPoint\",\"urlTemplate\":\"https:\\\/\\\/caravanlifetenerife.com\\\/?s={search_term_string}\"},\"query-input\":{\"@type\":\"PropertyValueSpecification\",\"valueRequired\":true,\"valueName\":\"search_term_string\"}}],\"inLanguage\":\"it-IT\"},{\"@type\":[\"Person\",\"Organization\"],\"@id\":\"https:\\\/\\\/caravanlifetenerife.com\\\/#\\\/schema\\\/person\\\/a771135ddfbd2b90754dacfb0600364c\",\"name\":\"Caravanlife\",\"image\":{\"@type\":\"ImageObject\",\"inLanguage\":\"it-IT\",\"@id\":\"https:\\\/\\\/caravanlifetenerife.com\\\/wp-content\\\/uploads\\\/2023\\\/08\\\/logo-caravanlife-tenerife-ok.png\",\"url\":\"https:\\\/\\\/caravanlifetenerife.com\\\/wp-content\\\/uploads\\\/2023\\\/08\\\/logo-caravanlife-tenerife-ok.png\",\"contentUrl\":\"https:\\\/\\\/caravanlifetenerife.com\\\/wp-content\\\/uploads\\\/2023\\\/08\\\/logo-caravanlife-tenerife-ok.png\",\"width\":160,\"height\":160,\"caption\":\"Caravanlife\"},\"logo\":{\"@id\":\"https:\\\/\\\/caravanlifetenerife.com\\\/wp-content\\\/uploads\\\/2023\\\/08\\\/logo-caravanlife-tenerife-ok.png\"},\"sameAs\":[\"http:\\\/\\\/caravanlifetenerife.com\"]}]}<\/script>\n<!-- \/ Yoast SEO plugin. -->","yoast_head_json":{"title":"Informativa sulla privacy - Caravanlife, noleggio caravan a Tenerife","robots":{"index":"index","follow":"follow","max-snippet":"max-snippet:-1","max-image-preview":"max-image-preview:large","max-video-preview":"max-video-preview:-1"},"canonical":"https:\/\/caravanlifetenerife.com\/it\/politica-sulla-privacy\/","og_locale":"it_IT","og_type":"article","og_title":"Pol\u00edtica de privacidad - Caravanlife, rental caravan in Tenerife","og_description":"Alice Michelangeli te informa sobre su Pol\u00edtica de Privacidad respecto del tratamiento y protecci\u00f3n de los datos de car\u00e1cter personal de los usuarios y clientes que puedan ser recabados por la navegaci\u00f3n o contrataci\u00f3n de servicios a trav\u00e9s del sitio Web caravanlifetenerife.com En este sentido, el Titular garantiza el cumplimiento de la normativa vigente en [&hellip;]","og_url":"https:\/\/caravanlifetenerife.com\/it\/politica-sulla-privacy\/","og_site_name":"Caravanlife, rental caravan in Tenerife","article_modified_time":"2023-09-01T10:24:17+00:00","twitter_card":"summary_large_image","twitter_misc":{"Tempo di lettura stimato":"10 minuti"},"schema":{"@context":"https:\/\/schema.org","@graph":[{"@type":"WebPage","@id":"https:\/\/caravanlifetenerife.com\/politica-de-privacidad\/","url":"https:\/\/caravanlifetenerife.com\/politica-de-privacidad\/","name":"Informativa sulla privacy - Caravanlife, noleggio caravan a Tenerife","isPartOf":{"@id":"https:\/\/caravanlifetenerife.com\/#website"},"datePublished":"2023-09-01T10:24:04+00:00","dateModified":"2023-09-01T10:24:17+00:00","breadcrumb":{"@id":"https:\/\/caravanlifetenerife.com\/politica-de-privacidad\/#breadcrumb"},"inLanguage":"it-IT","potentialAction":[{"@type":"ReadAction","target":["https:\/\/caravanlifetenerife.com\/politica-de-privacidad\/"]}]},{"@type":"BreadcrumbList","@id":"https:\/\/caravanlifetenerife.com\/politica-de-privacidad\/#breadcrumb","itemListElement":[{"@type":"ListItem","position":1,"name":"Home","item":"https:\/\/caravanlifetenerife.com\/"},{"@type":"ListItem","position":2,"name":"Pol\u00edtica de privacidad"}]},{"@type":"WebSite","@id":"https:\/\/caravanlifetenerife.com\/#website","url":"https:\/\/caravanlifetenerife.com\/","name":"Caravanlife, noleggio caravan a Tenerife","description":"Offriamo il servizio di noleggio di camper sull'isola di Tenerife.","publisher":{"@id":"https:\/\/caravanlifetenerife.com\/#\/schema\/person\/a771135ddfbd2b90754dacfb0600364c"},"alternateName":"Caravanlife, alquiler de furgoneta camper en Tenerife","potentialAction":[{"@type":"SearchAction","target":{"@type":"EntryPoint","urlTemplate":"https:\/\/caravanlifetenerife.com\/?s={search_term_string}"},"query-input":{"@type":"PropertyValueSpecification","valueRequired":true,"valueName":"search_term_string"}}],"inLanguage":"it-IT"},{"@type":["Person","Organization"],"@id":"https:\/\/caravanlifetenerife.com\/#\/schema\/person\/a771135ddfbd2b90754dacfb0600364c","name":"Caravanlife","image":{"@type":"ImageObject","inLanguage":"it-IT","@id":"https:\/\/caravanlifetenerife.com\/wp-content\/uploads\/2023\/08\/logo-caravanlife-tenerife-ok.png","url":"https:\/\/caravanlifetenerife.com\/wp-content\/uploads\/2023\/08\/logo-caravanlife-tenerife-ok.png","contentUrl":"https:\/\/caravanlifetenerife.com\/wp-content\/uploads\/2023\/08\/logo-caravanlife-tenerife-ok.png","width":160,"height":160,"caption":"Caravanlife"},"logo":{"@id":"https:\/\/caravanlifetenerife.com\/wp-content\/uploads\/2023\/08\/logo-caravanlife-tenerife-ok.png"},"sameAs":["http:\/\/caravanlifetenerife.com"]}]}},"_links":{"self":[{"href":"https:\/\/caravanlifetenerife.com\/it\/wp-json\/wp\/v2\/pages\/191","targetHints":{"allow":["GET"]}}],"collection":[{"href":"https:\/\/caravanlifetenerife.com\/it\/wp-json\/wp\/v2\/pages"}],"about":[{"href":"https:\/\/caravanlifetenerife.com\/it\/wp-json\/wp\/v2\/types\/page"}],"author":[{"embeddable":true,"href":"https:\/\/caravanlifetenerife.com\/it\/wp-json\/wp\/v2\/users\/1"}],"replies":[{"embeddable":true,"href":"https:\/\/caravanlifetenerife.com\/it\/wp-json\/wp\/v2\/comments?post=191"}],"version-history":[{"count":4,"href":"https:\/\/caravanlifetenerife.com\/it\/wp-json\/wp\/v2\/pages\/191\/revisions"}],"predecessor-version":[{"id":195,"href":"https:\/\/caravanlifetenerife.com\/it\/wp-json\/wp\/v2\/pages\/191\/revisions\/195"}],"wp:attachment":[{"href":"https:\/\/caravanlifetenerife.com\/it\/wp-json\/wp\/v2\/media?parent=191"}],"curies":[{"name":"wp","href":"https:\/\/api.w.org\/{rel}","templated":true}]}}