{"id":196,"date":"2023-09-01T12:29:05","date_gmt":"2023-09-01T10:29:05","guid":{"rendered":"https:\/\/caravanlifetenerife.com\/?page_id=196"},"modified":"2023-09-01T12:29:20","modified_gmt":"2023-09-01T10:29:20","slug":"politica-de-cookies","status":"publish","type":"page","link":"https:\/\/caravanlifetenerife.com\/it\/politica-dei-cookie\/","title":{"rendered":"Politica sui cookie"},"content":{"rendered":"<div data-elementor-type=\"wp-page\" data-elementor-id=\"196\" class=\"elementor elementor-196\" data-elementor-post-type=\"page\">\n\t\t\t\t\t\t<section class=\"elementor-section elementor-top-section elementor-element elementor-element-46402b8 elementor-section-boxed elementor-section-height-default elementor-section-height-default\" data-id=\"46402b8\" data-element_type=\"section\" data-e-type=\"section\">\n\t\t\t\t\t\t<div class=\"elementor-container elementor-column-gap-default\">\n\t\t\t\t\t<div class=\"elementor-column elementor-col-100 elementor-top-column elementor-element elementor-element-c5775c7\" data-id=\"c5775c7\" data-element_type=\"column\" data-e-type=\"column\">\n\t\t\t<div class=\"elementor-widget-wrap elementor-element-populated\">\n\t\t\t\t\t\t<div class=\"elementor-element elementor-element-c75814c elementor-widget elementor-widget-text-editor\" data-id=\"c75814c\" data-element_type=\"widget\" data-e-type=\"widget\" data-widget_type=\"text-editor.default\">\n\t\t\t\t<div class=\"elementor-widget-container\">\n\t\t\t\t\t\t\t\t\t<p>In conformit\u00e0 con le disposizioni dell'articolo 22.2 della Legge 34\/2002, dell'11 luglio, sui servizi della societ\u00e0 dell'informazione e del commercio elettronico, questo sito web informa l'utente, in questa sezione, sulla politica di raccolta e trattamento dei cookie.<\/p><h4 class=\"western\"><a name=\"qu\u00e9-son-las-cookies\"><\/a>Cosa sono i biscotti?<\/h4><p>Un cookie \u00e8 un file che viene scaricato sul vostro computer quando accedete a determinati siti web. I cookie consentono a un sito web, tra le altre cose, di memorizzare e recuperare informazioni sulle abitudini di navigazione di un utente o del suo computer e, a seconda delle informazioni contenute e del modo in cui l'utente utilizza il computer, possono essere utilizzati per riconoscere l'utente.<\/p><h4 class=\"western\">I cookie utilizzati sul nostro sito web:<\/h4><p><strong>PHPSESSID<\/strong> Cookie generato da applicazioni basate sul linguaggio PHP. Si tratta di un identificatore generico utilizzato per mantenere le variabili di sessione dell'utente. Di solito \u00e8 un numero generato in modo casuale; il modo in cui viene utilizzato pu\u00f2 essere specifico del sito, ma un buon esempio \u00e8 il mantenimento dello stato di accesso di un utente tra le pagine. <br \/>Categoria: Funzionale. <br \/>Durata: Sessioni. <br \/>Informativa sulla privacy: <a href=\"https:\/\/www.php.net\/privacy.php\">https:\/\/www.php.net\/privacy.php<\/a><\/p><p><strong>haConsenso<\/strong><\/p><p><strong>haConsensi<\/strong><\/p><p><strong>wordpress_test_cookie<\/strong> Cookie impostato da WordPress per verificare se i cookie sono abilitati sul browser per fornire agli utenti un'esperienza d'uso appropriata. <br \/>Categoria: Funzionale. <br \/>Durata: sessione. <br \/>Informativa sulla privacy: <a href=\"http:\/\/N\/A\">N\/D<\/a><\/p><p><br \/><br \/><\/p><h4 class=\"western\"><a name=\"qu\u00e9-tipos-de-cookies-utiliza-esta-p\u00e1gina-web\"><\/a> Quali tipi di cookie utilizza questo sito web?<\/h4><ul><li><p><strong>Cookie analitici -<\/strong> Sono quelli che, elaborati da noi o da terzi, ci permettono di quantificare il numero di utenti e quindi di effettuare la misurazione e l'analisi statistica dell'uso che gli utenti fanno del servizio offerto. A tal fine, la navigazione sul nostro sito web viene analizzata al fine di migliorare la gamma di prodotti o servizi offerti.<\/p><\/li><li><p><strong>Cookie pubblicitari -<\/strong> Sono quelli che, elaborati da noi o da terzi, ci permettono di gestire nel modo pi\u00f9 efficace possibile l'offerta di spazi pubblicitari sul sito web, adattando il contenuto della pubblicit\u00e0 al contenuto del servizio richiesto o all'uso che fate del nostro sito web. A tal fine, possiamo analizzare le vostre abitudini di navigazione in Internet e mostrarvi pubblicit\u00e0 correlate al vostro profilo di navigazione.<\/p><\/li><\/ul><h4 class=\"western\"><a name=\"c\u00f3mo-desactivar-las-cookies\"><\/a>Come disabilitare i cookie<\/h4><p>\u00c8 possibile consentire, bloccare o eliminare i cookie installati sul computer configurando le opzioni del browser installato sul computer.<\/p><p>Di seguito \u00e8 possibile accedere alle impostazioni dei browser web pi\u00f9 comuni per accettare, installare o disabilitare i cookie:<\/p><ul><li><p><a href=\"http:\/\/support.mozilla.org\/es\/kb\/habilitar-y-deshabilitar-cookies-que-los-sitios-we\" target=\"_blank\" rel=\"noopener\"><b>Firefox<\/b><\/a><\/p><\/li><li><p><a href=\"http:\/\/support.apple.com\/kb\/HT1677?viewlocale=es_ES\" target=\"_blank\" rel=\"noopener\"><b>Safari<\/b><\/a><\/p><\/li><li><p><a href=\"https:\/\/support.google.com\/chrome\/answer\/95647?hl=es\" target=\"_blank\" rel=\"noopener\"><b>Google Chrome<\/b><\/a><\/p><\/li><\/ul><h4 class=\"western\"><a name=\"cookies-de-terceros\"><\/a>Cookie di terze parti<\/h4><p>Questo sito web utilizza servizi di terze parti per raccogliere informazioni a fini statistici e di utilizzo del web.<\/p>\t\t\t\t\t\t\t\t<\/div>\n\t\t\t\t<\/div>\n\t\t\t\t\t<\/div>\n\t\t<\/div>\n\t\t\t\t\t<\/div>\n\t\t<\/section>\n\t\t\t\t<\/div>","protected":false},"excerpt":{"rendered":"<p>En cumplimiento con lo dispuesto en el art\u00edculo 22.2 de la Ley 34\/2002, de 11 de julio, de Servicios de la Sociedad de la Informaci\u00f3n y de Comercio Electr\u00f3nico, esta p\u00e1gina web le informa, en esta secci\u00f3n, sobre la pol\u00edtica de recogida y tratamiento de cookies. \u00bfQu\u00e9 son las cookies? Una cookie es un fichero [&hellip;]<\/p>\n","protected":false},"author":1,"featured_media":0,"parent":0,"menu_order":0,"comment_status":"closed","ping_status":"closed","template":"","meta":{"footnotes":""},"class_list":["post-196","page","type-page","status-publish","hentry"],"yoast_head":"<!-- This site is optimized with the Yoast SEO plugin v27.4 - https:\/\/yoast.com\/product\/yoast-seo-wordpress\/ -->\n<title>Pol\u00edtica de cookies - Caravanlife, rental caravan in Tenerife<\/title>\n<meta name=\"robots\" content=\"index, follow, max-snippet:-1, max-image-preview:large, max-video-preview:-1\" \/>\n<link rel=\"canonical\" href=\"https:\/\/caravanlifetenerife.com\/it\/politica-dei-cookie\/\" \/>\n<meta property=\"og:locale\" content=\"it_IT\" \/>\n<meta property=\"og:type\" content=\"article\" \/>\n<meta property=\"og:title\" content=\"Pol\u00edtica de cookies - Caravanlife, rental caravan in Tenerife\" \/>\n<meta property=\"og:description\" content=\"En cumplimiento con lo dispuesto en el art\u00edculo 22.2 de la Ley 34\/2002, de 11 de julio, de Servicios de la Sociedad de la Informaci\u00f3n y de Comercio Electr\u00f3nico, esta p\u00e1gina web le informa, en esta secci\u00f3n, sobre la pol\u00edtica de recogida y tratamiento de cookies. \u00bfQu\u00e9 son las cookies? Una cookie es un fichero [&hellip;]\" \/>\n<meta property=\"og:url\" content=\"https:\/\/caravanlifetenerife.com\/it\/politica-dei-cookie\/\" \/>\n<meta property=\"og:site_name\" content=\"Caravanlife, rental caravan in Tenerife\" \/>\n<meta property=\"article:modified_time\" content=\"2023-09-01T10:29:20+00:00\" \/>\n<meta name=\"twitter:card\" content=\"summary_large_image\" \/>\n<meta name=\"twitter:label1\" content=\"Tempo di lettura stimato\" \/>\n\t<meta name=\"twitter:data1\" content=\"2 minuti\" \/>\n<script type=\"application\/ld+json\" class=\"yoast-schema-graph\">{\"@context\":\"https:\\\/\\\/schema.org\",\"@graph\":[{\"@type\":\"WebPage\",\"@id\":\"https:\\\/\\\/caravanlifetenerife.com\\\/politica-de-cookies\\\/\",\"url\":\"https:\\\/\\\/caravanlifetenerife.com\\\/politica-de-cookies\\\/\",\"name\":\"Pol\u00edtica de cookies - Caravanlife, rental caravan in Tenerife\",\"isPartOf\":{\"@id\":\"https:\\\/\\\/caravanlifetenerife.com\\\/#website\"},\"datePublished\":\"2023-09-01T10:29:05+00:00\",\"dateModified\":\"2023-09-01T10:29:20+00:00\",\"breadcrumb\":{\"@id\":\"https:\\\/\\\/caravanlifetenerife.com\\\/politica-de-cookies\\\/#breadcrumb\"},\"inLanguage\":\"it-IT\",\"potentialAction\":[{\"@type\":\"ReadAction\",\"target\":[\"https:\\\/\\\/caravanlifetenerife.com\\\/politica-de-cookies\\\/\"]}]},{\"@type\":\"BreadcrumbList\",\"@id\":\"https:\\\/\\\/caravanlifetenerife.com\\\/politica-de-cookies\\\/#breadcrumb\",\"itemListElement\":[{\"@type\":\"ListItem\",\"position\":1,\"name\":\"Home\",\"item\":\"https:\\\/\\\/caravanlifetenerife.com\\\/\"},{\"@type\":\"ListItem\",\"position\":2,\"name\":\"Pol\u00edtica de cookies\"}]},{\"@type\":\"WebSite\",\"@id\":\"https:\\\/\\\/caravanlifetenerife.com\\\/#website\",\"url\":\"https:\\\/\\\/caravanlifetenerife.com\\\/\",\"name\":\"Caravanlife, rental caravan in Tenerife\",\"description\":\"Ofrecemos el servicio de alquiler de una furgoneta camper en la isla de Tenerife\",\"publisher\":{\"@id\":\"https:\\\/\\\/caravanlifetenerife.com\\\/#\\\/schema\\\/person\\\/a771135ddfbd2b90754dacfb0600364c\"},\"alternateName\":\"Caravanlife, alquiler de furgoneta camper en Tenerife\",\"potentialAction\":[{\"@type\":\"SearchAction\",\"target\":{\"@type\":\"EntryPoint\",\"urlTemplate\":\"https:\\\/\\\/caravanlifetenerife.com\\\/?s={search_term_string}\"},\"query-input\":{\"@type\":\"PropertyValueSpecification\",\"valueRequired\":true,\"valueName\":\"search_term_string\"}}],\"inLanguage\":\"it-IT\"},{\"@type\":[\"Person\",\"Organization\"],\"@id\":\"https:\\\/\\\/caravanlifetenerife.com\\\/#\\\/schema\\\/person\\\/a771135ddfbd2b90754dacfb0600364c\",\"name\":\"Caravanlife\",\"image\":{\"@type\":\"ImageObject\",\"inLanguage\":\"it-IT\",\"@id\":\"https:\\\/\\\/caravanlifetenerife.com\\\/wp-content\\\/uploads\\\/2023\\\/08\\\/logo-caravanlife-tenerife-ok.png\",\"url\":\"https:\\\/\\\/caravanlifetenerife.com\\\/wp-content\\\/uploads\\\/2023\\\/08\\\/logo-caravanlife-tenerife-ok.png\",\"contentUrl\":\"https:\\\/\\\/caravanlifetenerife.com\\\/wp-content\\\/uploads\\\/2023\\\/08\\\/logo-caravanlife-tenerife-ok.png\",\"width\":160,\"height\":160,\"caption\":\"Caravanlife\"},\"logo\":{\"@id\":\"https:\\\/\\\/caravanlifetenerife.com\\\/wp-content\\\/uploads\\\/2023\\\/08\\\/logo-caravanlife-tenerife-ok.png\"},\"sameAs\":[\"http:\\\/\\\/caravanlifetenerife.com\"]}]}<\/script>\n<!-- \/ Yoast SEO plugin. -->","yoast_head_json":{"title":"Politica dei cookies - Caravanlife, noleggio caravan a Tenerife","robots":{"index":"index","follow":"follow","max-snippet":"max-snippet:-1","max-image-preview":"max-image-preview:large","max-video-preview":"max-video-preview:-1"},"canonical":"https:\/\/caravanlifetenerife.com\/it\/politica-dei-cookie\/","og_locale":"it_IT","og_type":"article","og_title":"Pol\u00edtica de cookies - Caravanlife, rental caravan in Tenerife","og_description":"En cumplimiento con lo dispuesto en el art\u00edculo 22.2 de la Ley 34\/2002, de 11 de julio, de Servicios de la Sociedad de la Informaci\u00f3n y de Comercio Electr\u00f3nico, esta p\u00e1gina web le informa, en esta secci\u00f3n, sobre la pol\u00edtica de recogida y tratamiento de cookies. \u00bfQu\u00e9 son las cookies? Una cookie es un fichero [&hellip;]","og_url":"https:\/\/caravanlifetenerife.com\/it\/politica-dei-cookie\/","og_site_name":"Caravanlife, rental caravan in Tenerife","article_modified_time":"2023-09-01T10:29:20+00:00","twitter_card":"summary_large_image","twitter_misc":{"Tempo di lettura stimato":"2 minuti"},"schema":{"@context":"https:\/\/schema.org","@graph":[{"@type":"WebPage","@id":"https:\/\/caravanlifetenerife.com\/politica-de-cookies\/","url":"https:\/\/caravanlifetenerife.com\/politica-de-cookies\/","name":"Politica dei cookies - Caravanlife, noleggio caravan a Tenerife","isPartOf":{"@id":"https:\/\/caravanlifetenerife.com\/#website"},"datePublished":"2023-09-01T10:29:05+00:00","dateModified":"2023-09-01T10:29:20+00:00","breadcrumb":{"@id":"https:\/\/caravanlifetenerife.com\/politica-de-cookies\/#breadcrumb"},"inLanguage":"it-IT","potentialAction":[{"@type":"ReadAction","target":["https:\/\/caravanlifetenerife.com\/politica-de-cookies\/"]}]},{"@type":"BreadcrumbList","@id":"https:\/\/caravanlifetenerife.com\/politica-de-cookies\/#breadcrumb","itemListElement":[{"@type":"ListItem","position":1,"name":"Home","item":"https:\/\/caravanlifetenerife.com\/"},{"@type":"ListItem","position":2,"name":"Pol\u00edtica de cookies"}]},{"@type":"WebSite","@id":"https:\/\/caravanlifetenerife.com\/#website","url":"https:\/\/caravanlifetenerife.com\/","name":"Caravanlife, noleggio caravan a Tenerife","description":"Offriamo il servizio di noleggio di camper sull'isola di Tenerife.","publisher":{"@id":"https:\/\/caravanlifetenerife.com\/#\/schema\/person\/a771135ddfbd2b90754dacfb0600364c"},"alternateName":"Caravanlife, alquiler de furgoneta camper en Tenerife","potentialAction":[{"@type":"SearchAction","target":{"@type":"EntryPoint","urlTemplate":"https:\/\/caravanlifetenerife.com\/?s={search_term_string}"},"query-input":{"@type":"PropertyValueSpecification","valueRequired":true,"valueName":"search_term_string"}}],"inLanguage":"it-IT"},{"@type":["Person","Organization"],"@id":"https:\/\/caravanlifetenerife.com\/#\/schema\/person\/a771135ddfbd2b90754dacfb0600364c","name":"Caravanlife","image":{"@type":"ImageObject","inLanguage":"it-IT","@id":"https:\/\/caravanlifetenerife.com\/wp-content\/uploads\/2023\/08\/logo-caravanlife-tenerife-ok.png","url":"https:\/\/caravanlifetenerife.com\/wp-content\/uploads\/2023\/08\/logo-caravanlife-tenerife-ok.png","contentUrl":"https:\/\/caravanlifetenerife.com\/wp-content\/uploads\/2023\/08\/logo-caravanlife-tenerife-ok.png","width":160,"height":160,"caption":"Caravanlife"},"logo":{"@id":"https:\/\/caravanlifetenerife.com\/wp-content\/uploads\/2023\/08\/logo-caravanlife-tenerife-ok.png"},"sameAs":["http:\/\/caravanlifetenerife.com"]}]}},"_links":{"self":[{"href":"https:\/\/caravanlifetenerife.com\/it\/wp-json\/wp\/v2\/pages\/196","targetHints":{"allow":["GET"]}}],"collection":[{"href":"https:\/\/caravanlifetenerife.com\/it\/wp-json\/wp\/v2\/pages"}],"about":[{"href":"https:\/\/caravanlifetenerife.com\/it\/wp-json\/wp\/v2\/types\/page"}],"author":[{"embeddable":true,"href":"https:\/\/caravanlifetenerife.com\/it\/wp-json\/wp\/v2\/users\/1"}],"replies":[{"embeddable":true,"href":"https:\/\/caravanlifetenerife.com\/it\/wp-json\/wp\/v2\/comments?post=196"}],"version-history":[{"count":4,"href":"https:\/\/caravanlifetenerife.com\/it\/wp-json\/wp\/v2\/pages\/196\/revisions"}],"predecessor-version":[{"id":200,"href":"https:\/\/caravanlifetenerife.com\/it\/wp-json\/wp\/v2\/pages\/196\/revisions\/200"}],"wp:attachment":[{"href":"https:\/\/caravanlifetenerife.com\/it\/wp-json\/wp\/v2\/media?parent=196"}],"curies":[{"name":"wp","href":"https:\/\/api.w.org\/{rel}","templated":true}]}}